{"id":15977,"date":"2026-03-19T11:57:09","date_gmt":"2026-03-19T10:57:09","guid":{"rendered":"https:\/\/www.cphmc.com\/?page_id=15977"},"modified":"2026-03-19T11:57:59","modified_gmt":"2026-03-19T10:57:59","slug":"about-copenhagen-motorcycles","status":"publish","type":"page","link":"https:\/\/www.cphmc.com\/da\/about-copenhagen-motorcycles\/","title":{"rendered":"Om Copenhagen Motorcycles"},"content":{"rendered":"<div class=\"wpb-content-wrapper\"><div class=\"vc_row wpb_row vc_row-fluid vc_custom_1771426815630 wd-rs-6995d3e8c712d\"><div class=\"wpb_column vc_column_container vc_col-sm-12\"><div class=\"vc_column-inner\"><div class=\"wpb_wrapper\">\t\t<div id=\"wd-69ba7a7aeff7c\" class=\"wd-text-block wd-wpb reset-last-child wd-rs-69ba7a7aeff7c text-left wd-width-custom color-title wd-fontsize-custom font-alt vc_custom_1773828803151\">\n\t\t\t<p>Grundlagt med en passion for motorcykler, eventyr og den s\u00e6rlige trang til nye oplevelser og indre ro.<\/p>\n\t\t<\/div>\n\t\t\t\t<div id=\"wd-69bbd5b89789c\" class=\"wd-image wd-wpb wd-rs-69bbd5b89789c text-left\">\n\t\t\t\n\t\t\t<img decoding=\"async\" width=\"1800\" height=\"810\" src=\"https:\/\/www.cphmc.com\/wp-content\/uploads\/2026\/03\/about.jpg\" class=\"attachment-full size-full\" alt=\"Copenhagen Motorcycles\" srcset=\"https:\/\/www.cphmc.com\/wp-content\/uploads\/2026\/03\/about.jpg 1800w, https:\/\/www.cphmc.com\/wp-content\/uploads\/2026\/03\/about-400x180.jpg 400w, https:\/\/www.cphmc.com\/wp-content\/uploads\/2026\/03\/about-1300x585.jpg 1300w, https:\/\/www.cphmc.com\/wp-content\/uploads\/2026\/03\/about-768x346.jpg 768w, https:\/\/www.cphmc.com\/wp-content\/uploads\/2026\/03\/about-1536x691.jpg 1536w, https:\/\/www.cphmc.com\/wp-content\/uploads\/2026\/03\/about-18x8.jpg 18w, https:\/\/www.cphmc.com\/wp-content\/uploads\/2026\/03\/about-1320x594.jpg 1320w, https:\/\/www.cphmc.com\/wp-content\/uploads\/2026\/03\/about-1200x540.jpg 1200w, https:\/\/www.cphmc.com\/wp-content\/uploads\/2026\/03\/about-150x68.jpg 150w\" sizes=\"(max-width: 1800px) 100vw, 1800px\" title=\"\">\n\t\t\t\t\t<\/div>\n\t\t<\/div><\/div><\/div><\/div><div class=\"vc_row wpb_row vc_row-fluid vc_custom_1766754576255 vc_row-o-equal-height vc_row-flex wd-rs-694e890881975\"><div class=\"wpb_column vc_column_container vc_col-sm-12 vc_col-lg-6 wd-rs-6995d4334d082\"><div class=\"vc_column-inner vc_custom_1771426883983\"><div class=\"wpb_wrapper\">\t\t<div id=\"wd-69bad7ea4b0c7\" class=\"wd-text-block wd-wpb reset-last-child wd-rs-69bad7ea4b0c7 text-left vc_custom_1773852936193\">\n\t\t\t<p>Copenhagen Motorcycles blev grundlagt ud fra en dyb passion for motorcykler, gadgets og udstyr, og vigtigst af alt \u2013 kulturen best\u00e5ende af de mest fantastiske mennesker, uanset hvor vi m\u00f8des p\u00e5 vores ture.<\/p>\n<p>Charlie har k\u00f8rt racerbaner i Europa i mange \u00e5r, og denne hobby blev erstattet af eventyrlyst og touring. Den store erfaring er et solidt grundlag for at r\u00e5dgive vores kunder om sikkerhed, v\u00e6rkt\u00f8j og hj\u00e6lp til at v\u00e6lge det rigtige t\u00f8j og udstyr. Alle vores produkter er fra certificerede og kvalitetsproducenter. De billigere tilbud er fra supermarkeder. \ud83d\ude42<\/p>\n\t\t<\/div>\n\t\t<\/div><\/div><\/div><div class=\"wpb_column vc_column_container vc_col-sm-12 vc_col-lg-6 wd-rs-694e88294b532\"><div class=\"vc_column-inner vc_custom_1766754351869\"><div class=\"wpb_wrapper\"><div class=\"vc_row wpb_row vc_inner vc_row-fluid\"><div class=\"wpb_column vc_column_container vc_col-sm-4 wd-rs-694e88fd83ce8\"><div class=\"vc_column-inner\"><div class=\"wpb_wrapper\">\n\t\t<div id=\"wd-69bad73fcc3f4\" class=\"title-wrapper wd-wpb wd-set-mb reset-last-child  wd-rs-69bad73fcc3f4 wd-title-color-default wd-title-style-default text-left vc_custom_1773852597669 wd-underline-colored\">\n\t\t\t\t\t\t\t\n\t\t\t\t<div class=\"title-subtitle  subtitle-color-default font-alt subtitle-style-default wd-font-weight- wd-fontsize-xs\">+40<\/div>\n\t\t\t\n\t\t\t<div class=\"liner-continer\">\n\t\t\t\t<h4 class=\"woodmart-title-container title  wd-font-weight- wd-fontsize-l\" >M\u00c6RKER<\/h4>\n\t\t\t\t\t\t\t<\/div>\n\t\t\t\n\t\t\t\n\t\t\t\n\t\t<\/div>\n\t\t\n\t\t<\/div><\/div><\/div><div class=\"wpb_column vc_column_container vc_col-sm-4 wd-rs-694e88f4bb69b\"><div class=\"vc_column-inner\"><div class=\"wpb_wrapper\">\n\t\t<div id=\"wd-69bad7b664670\" class=\"title-wrapper wd-wpb wd-set-mb reset-last-child  wd-rs-69bad7b664670 wd-title-color-default wd-title-style-default text-left vc_custom_1773852615265 wd-underline-colored\">\n\t\t\t\t\t\t\t\n\t\t\t\t<div class=\"title-subtitle  subtitle-color-default font-alt subtitle-style-default wd-font-weight- wd-fontsize-xs\">100%<\/div>\n\t\t\t\n\t\t\t<div class=\"liner-continer\">\n\t\t\t\t<h4 class=\"woodmart-title-container title  wd-font-weight- wd-fontsize-l\" >DANSK<\/h4>\n\t\t\t\t\t\t\t<\/div>\n\t\t\t\n\t\t\t\n\t\t\t\n\t\t<\/div>\n\t\t\n\t\t<\/div><\/div><\/div><div class=\"wpb_column vc_column_container vc_col-sm-4\"><div class=\"vc_column-inner\"><div class=\"wpb_wrapper\">\n\t\t<div id=\"wd-69bad7c8226dd\" class=\"title-wrapper wd-wpb wd-set-mb reset-last-child  wd-rs-69bad7c8226dd wd-title-color-default wd-title-style-default text-left vc_custom_1773852636422 wd-underline-colored\">\n\t\t\t\t\t\t\t\n\t\t\t\t<div class=\"title-subtitle  subtitle-color-default font-alt subtitle-style-default wd-font-weight- wd-fontsize-xs\">+5000<\/div>\n\t\t\t\n\t\t\t<div class=\"liner-continer\">\n\t\t\t\t<h4 class=\"woodmart-title-container title  wd-font-weight- wd-fontsize-l\" >VARER<\/h4>\n\t\t\t\t\t\t\t<\/div>\n\t\t\t\n\t\t\t\n\t\t\t\n\t\t<\/div>\n\t\t\n\t\t<\/div><\/div><\/div><\/div><\/div><\/div><\/div><\/div><div class=\"vc_row wpb_row vc_row-fluid vc_custom_1771427145738 wd-rs-6995d542087d5\"><div class=\"wpb_column vc_column_container vc_col-sm-6\"><div class=\"vc_column-inner\"><div class=\"wpb_wrapper\">\t\t<div id=\"wd-69bbd5e870210\" class=\"wd-image wd-wpb wd-rs-69bbd5e870210 text-left vc_custom_1773917689745\">\n\t\t\t\n\t\t\t<img decoding=\"async\" width=\"880\" height=\"500\" src=\"https:\/\/www.cphmc.com\/wp-content\/uploads\/2026\/03\/about_tire.jpg\" class=\"attachment-full size-full\" alt=\"Copenhagen Motorcycles\" srcset=\"https:\/\/www.cphmc.com\/wp-content\/uploads\/2026\/03\/about_tire.jpg 880w, https:\/\/www.cphmc.com\/wp-content\/uploads\/2026\/03\/about_tire-400x227.jpg 400w, https:\/\/www.cphmc.com\/wp-content\/uploads\/2026\/03\/about_tire-768x436.jpg 768w, https:\/\/www.cphmc.com\/wp-content\/uploads\/2026\/03\/about_tire-18x10.jpg 18w, https:\/\/www.cphmc.com\/wp-content\/uploads\/2026\/03\/about_tire-150x85.jpg 150w\" sizes=\"(max-width: 880px) 100vw, 880px\" title=\"\">\n\t\t\t\t\t<\/div>\n\t\t\n\t\t<div id=\"wd-69bad90db9be5\" class=\"title-wrapper wd-wpb wd-set-mb reset-last-child  wd-rs-69bad90db9be5 wd-title-color-default wd-title-style-default text-left vc_custom_1773852954508 wd-underline-colored\">\n\t\t\t\n\t\t\t<div class=\"liner-continer\">\n\t\t\t\t<h4 class=\"woodmart-title-container title  wd-font-weight- wd-fontsize-l\" >VORES MANTRA<\/h4>\n\t\t\t\t\t\t\t<\/div>\n\t\t\t\n\t\t\t\n\t\t\t\n\t\t<\/div>\n\t\t\n\t\t\t\t<div id=\"wd-69bada2cefb5a\" class=\"wd-text-block wd-wpb reset-last-child wd-rs-69bada2cefb5a text-left\">\n\t\t\t<p>Hos Copenhagen Motorcycles er din skuffelse vores skuffelse. Vi bestr\u00e6ber os p\u00e5 at g\u00f8re vores yderste for at sikre, at du f\u00e5r det, du forventer.<\/p>\n<p>Vi leverer direkte fra distribut\u00f8rerne, s\u00e5 leveringen sker normalt inden for et par dage. Vi ringer eller sender e-mails til indg\u00e5ende ordrer med et par sp\u00f8rgsm\u00e5l, s\u00e5 vi bedre kan garantere, at vi ikke f\u00e5r ordrer retur eller spilder din tid.<\/p>\n<p>Husk, at du altid er velkommen til at ringe <a href=\"callto:+4581817181\">+45 81 81 71 81<\/a> med dine sp\u00f8rgsm\u00e5l. Hvis vi ikke kender svarene, ringer vi til en voksen p\u00e5 vores vegne og giver dig svaret i overensstemmelse hermed.<\/p>\n\t\t<\/div>\n\t\t<\/div><\/div><\/div><div class=\"wpb_column vc_column_container vc_col-sm-6\"><div class=\"vc_column-inner\"><div class=\"wpb_wrapper\">\t\t<div id=\"wd-69bbd5fa8aaf7\" class=\"wd-image wd-wpb wd-rs-69bbd5fa8aaf7 text-left\">\n\t\t\t\n\t\t\t<img decoding=\"async\" width=\"880\" height=\"850\" src=\"https:\/\/www.cphmc.com\/wp-content\/uploads\/2026\/03\/about_austria.jpg\" class=\"attachment-full size-full\" alt=\"Copenhagen Motorcycles\" srcset=\"https:\/\/www.cphmc.com\/wp-content\/uploads\/2026\/03\/about_austria.jpg 880w, https:\/\/www.cphmc.com\/wp-content\/uploads\/2026\/03\/about_austria-311x300.jpg 311w, https:\/\/www.cphmc.com\/wp-content\/uploads\/2026\/03\/about_austria-828x800.jpg 828w, https:\/\/www.cphmc.com\/wp-content\/uploads\/2026\/03\/about_austria-768x742.jpg 768w, https:\/\/www.cphmc.com\/wp-content\/uploads\/2026\/03\/about_austria-12x12.jpg 12w, https:\/\/www.cphmc.com\/wp-content\/uploads\/2026\/03\/about_austria-150x145.jpg 150w\" sizes=\"(max-width: 880px) 100vw, 880px\" title=\"\">\n\t\t\t\t\t<\/div>\n\t\t<\/div><\/div><\/div><\/div><div class=\"vc_row wpb_row vc_row-fluid vc_custom_1771427164936 vc_row-has-fill wd-rs-6995d54bcae02 wd-section-stretch\"><div class=\"wpb_column vc_column_container vc_col-sm-6 vc_col-lg-3 wd-rs-694e8af2ce05b\"><div class=\"vc_column-inner vc_custom_1766755065157\"><div class=\"wpb_wrapper\">\t\t\t<div class=\"info-box-wrapper\">\n\t\t\t\t<div id=\"wd-69bada6392b4c\" class=\"wd-rs-69bada6392b4c wd-info-box wd-wpb text-center box-icon-align-top box-style- color-scheme- wd-bg-none vc_custom_1773853307352\">\n\t\t\t\t\t\t\t\t\t\t\t<div class=\"box-icon-wrapper  box-with-icon box-icon-simple\">\n\t\t\t\t\t\t\t<div class=\"info-box-icon\">\n\t\t\t\t\t\t\t\t\t\t\t\t\t\t\t<\/div>\n\t\t\t\t\t\t<\/div>\n\t\t\t\t\t\t\t\t\t\t<div class=\"info-box-content\">\n\t\t\t\t\t\t<h4 class=\"info-box-title title box-title-style-default wd-fontsize-m\">International forsendelse<\/h4>\t\t\t\t\t\t<div class=\"info-box-inner reset-last-child\"><p>Hurtig og verdensomsp\u00e6ndende levering!<\/p>\n<\/div>\n\n\t\t\t\t\t\t\t\t\t\t\t<\/div>\n\n\t\t\t\t\t\n\t\t\t\t\t\t\t\t\t<\/div>\n\t\t\t<\/div>\n\t\t<\/div><\/div><\/div><div class=\"wpb_column vc_column_container vc_col-sm-6 vc_col-lg-3 wd-rs-694e8afa9967c\"><div class=\"vc_column-inner vc_custom_1766755071770\"><div class=\"wpb_wrapper\">\t\t\t<div class=\"info-box-wrapper\">\n\t\t\t\t<div id=\"wd-69badb09339cb\" class=\"wd-rs-69badb09339cb wd-info-box wd-wpb text-center box-icon-align-top box-style- color-scheme- wd-bg-none vc_custom_1773853466012\">\n\t\t\t\t\t\t\t\t\t\t\t<div class=\"box-icon-wrapper  box-with-icon box-icon-simple\">\n\t\t\t\t\t\t\t<div class=\"info-box-icon\">\n\t\t\t\t\t\t\t\t\t\t\t\t\t\t\t<\/div>\n\t\t\t\t\t\t<\/div>\n\t\t\t\t\t\t\t\t\t\t<div class=\"info-box-content\">\n\t\t\t\t\t\t<h4 class=\"info-box-title title box-title-style-default wd-fontsize-m\">Beskyttede k\u00f8b<\/h4>\t\t\t\t\t\t<div class=\"info-box-inner reset-last-child\"><p>Shop med tillid.<\/p>\n<\/div>\n\n\t\t\t\t\t\t\t\t\t\t\t<\/div>\n\n\t\t\t\t\t\n\t\t\t\t\t\t\t\t\t<\/div>\n\t\t\t<\/div>\n\t\t<\/div><\/div><\/div><div class=\"wpb_column vc_column_container vc_col-sm-6 vc_col-lg-3 wd-rs-694e8b01405b4\"><div class=\"vc_column-inner vc_custom_1766755079403\"><div class=\"wpb_wrapper\">\t\t\t<div class=\"info-box-wrapper\">\n\t\t\t\t<div id=\"wd-69badb1a9ccea\" class=\"wd-rs-69badb1a9ccea wd-info-box wd-wpb text-center box-icon-align-top box-style- color-scheme- wd-bg-none vc_custom_1773853487363\">\n\t\t\t\t\t\t\t\t\t\t\t<div class=\"box-icon-wrapper  box-with-icon box-icon-simple\">\n\t\t\t\t\t\t\t<div class=\"info-box-icon\">\n\t\t\t\t\t\t\t\t<img decoding=\"async\" width=\"32\" height=\"32\" src=\"https:\/\/www.cphmc.com\/wp-content\/uploads\/2017\/06\/dummy-wood-title-32x32.jpg\" class=\"attachment-32x32 size-32x32\" alt=\"Copenhagen Motorcycles\" srcset=\"https:\/\/www.cphmc.com\/wp-content\/uploads\/2017\/06\/dummy-wood-title-32x32.jpg 32w, https:\/\/www.cphmc.com\/wp-content\/uploads\/2017\/06\/dummy-wood-title-600x600.jpg 600w\" sizes=\"(max-width: 32px) 100vw, 32px\" title=\"\">\t\t\t\t\t\t\t<\/div>\n\t\t\t\t\t\t<\/div>\n\t\t\t\t\t\t\t\t\t\t<div class=\"info-box-content\">\n\t\t\t\t\t\t<h4 class=\"info-box-title title box-title-style-default wd-fontsize-m\">Ring for at f\u00e5 r\u00e5dgivning<\/h4>\t\t\t\t\t\t<div class=\"info-box-inner reset-last-child\"><p>Bare ring d\u00f8gnet rundt.<\/p>\n<\/div>\n\n\t\t\t\t\t\t\t\t\t\t\t<\/div>\n\n\t\t\t\t\t\n\t\t\t\t\t\t\t\t\t<\/div>\n\t\t\t<\/div>\n\t\t<\/div><\/div><\/div><div class=\"wpb_column vc_column_container vc_col-sm-6 vc_col-lg-3 wd-rs-694e8b0956d52\"><div class=\"vc_column-inner vc_custom_1766755086536\"><div class=\"wpb_wrapper\">\t\t\t<div class=\"info-box-wrapper\">\n\t\t\t\t<div id=\"wd-69badb2f6156c\" class=\"wd-rs-69badb2f6156c wd-info-box wd-wpb text-center box-icon-align-top box-style- color-scheme- wd-bg-none vc_custom_1773853505688\">\n\t\t\t\t\t\t\t\t\t\t\t<div class=\"box-icon-wrapper  box-with-icon box-icon-simple\">\n\t\t\t\t\t\t\t<div class=\"info-box-icon\">\n\t\t\t\t\t\t\t\t\t\t\t\t\t\t\t<\/div>\n\t\t\t\t\t\t<\/div>\n\t\t\t\t\t\t\t\t\t\t<div class=\"info-box-content\">\n\t\t\t\t\t\t<h4 class=\"info-box-title title box-title-style-default wd-fontsize-m\">Online international betaling<\/h4>\t\t\t\t\t\t<div class=\"info-box-inner reset-last-child\"><p>Nem og sikker betaling.<\/p>\n<\/div>\n\n\t\t\t\t\t\t\t\t\t\t\t<\/div>\n\n\t\t\t\t\t\n\t\t\t\t\t\t\t\t\t<\/div>\n\t\t\t<\/div>\n\t\t<\/div><\/div><\/div><\/div>\n<\/div>","protected":false},"excerpt":{"rendered":"Founded with a passion for motorcycles, adventures and that special crawing for new experiences and inner peace. Copenhagen Motorcycles was","protected":false},"author":1,"featured_media":0,"parent":0,"menu_order":0,"comment_status":"closed","ping_status":"closed","template":"","meta":{"_relevanssi_hide_post":"","_relevanssi_hide_content":"","_relevanssi_pin_for_all":"","_relevanssi_pin_keywords":"","_relevanssi_unpin_keywords":"","_relevanssi_related_keywords":"","_relevanssi_related_include_ids":"","_relevanssi_related_exclude_ids":"","_relevanssi_related_no_append":"","_relevanssi_related_not_related":"","_relevanssi_related_posts":"","_relevanssi_noindex_reason":"","footnotes":""},"class_list":["post-15977","page","type-page","status-publish","hentry"],"_links":{"self":[{"href":"https:\/\/www.cphmc.com\/da\/wp-json\/wp\/v2\/pages\/15977","targetHints":{"allow":["GET"]}}],"collection":[{"href":"https:\/\/www.cphmc.com\/da\/wp-json\/wp\/v2\/pages"}],"about":[{"href":"https:\/\/www.cphmc.com\/da\/wp-json\/wp\/v2\/types\/page"}],"author":[{"embeddable":true,"href":"https:\/\/www.cphmc.com\/da\/wp-json\/wp\/v2\/users\/1"}],"replies":[{"embeddable":true,"href":"https:\/\/www.cphmc.com\/da\/wp-json\/wp\/v2\/comments?post=15977"}],"version-history":[{"count":3,"href":"https:\/\/www.cphmc.com\/da\/wp-json\/wp\/v2\/pages\/15977\/revisions"}],"predecessor-version":[{"id":15983,"href":"https:\/\/www.cphmc.com\/da\/wp-json\/wp\/v2\/pages\/15977\/revisions\/15983"}],"wp:attachment":[{"href":"https:\/\/www.cphmc.com\/da\/wp-json\/wp\/v2\/media?parent=15977"}],"curies":[{"name":"wp","href":"https:\/\/api.w.org\/{rel}","templated":true}]}}