{"id":1669,"date":"2021-09-01T20:55:34","date_gmt":"2021-09-01T18:55:34","guid":{"rendered":"https:\/\/www.cphmc.com\/?page_id=1669"},"modified":"2023-06-28T18:20:39","modified_gmt":"2023-06-28T16:20:39","slug":"handelsbetingelser","status":"publish","type":"page","link":"https:\/\/www.cphmc.com\/da\/handelsbetingelser\/","title":{"rendered":"Handelsbetingelser"},"content":{"rendered":"<h2>\u00a7 1 Anvendelse<\/h2>\n<p>Disse handelsbetingelser (\u201dHandelsbetingelserne\u201d) g\u00e6lder for k\u00f8b af varer p\u00e5 cphmc.com og via Copenhagen Motorcycles ApS.<\/p>\n<p>Handelsbetingelserne kan kun \u00e6ndres ved skriftlig aftale mellem cphmc.com, Copenhagen Motorcycles ApS og dig.<\/p>\n<p>Du opfordres til at l\u00e6se Handelsbetingelserne grundigt igennem og g\u00f8re dig bekendt med de forpligtelser og rettigheder, som Handelsbetingelserne beskriver. Ved k\u00f8b af Varer p\u00e5 cphmc.com accepterer du at v\u00e6re bundet af Handelsbetingelserne.<\/p>\n<p>Der kan p\u00e5 hjemmesiden forekomme typografiske fejl og upr\u00e6cise formuleringer.<\/p>\n<p>Copenhagen Motorcycles ApS forbeholder sig retten til at rette fejl, upr\u00e6cisheder og mangler samt \u00e6ndre eller opdatere indholdet p\u00e5 hjemmesiden uden at g\u00f8re opm\u00e6rksom p\u00e5 dette p\u00e5 forh\u00e5nd.<\/p>\n<h2>\u00a7 2 Om cphmc.com, Copenhagen Motorcycles ApS<\/h2>\n<p>cphmc.com er en onlineshop, der ejes og drives af Copenhagen Motorcycles ApS (CVR-nr. 37546984), Skoleholdervej 91, 2400 K\u00f8benhavn NV (herefter: cphmc.com), info@cphmc.com, tlf. +45 81 81 71 81.<\/p>\n<h2>\u00a7 3 Aftaleindg\u00e5else<\/h2>\n<p>N\u00e5r du klikker \u201dGennemf\u00f8r ordren\u201d i det sidste trin af betalingsprocessen, er din bestilling af Varerne i din varekurv bindende. Umiddelbart herefter modtager du en ordrebekr\u00e6ftelse, der ogs\u00e5 udg\u00f8r en kvittering for det indbetalte bel\u00f8b. N\u00e5r du har modtaget ordrebekr\u00e6ftelsen, har cphmc.com accepteret din ordre, og der er indg\u00e5et en bindende k\u00f8bsaftale.<\/p>\n<h2>\u00a7 4 Betalingsbetingelser og gebyrer<\/h2>\n<p>cphmc.com bruger QuickPay til online transaktioner. Betaling med kreditkort er derfor sikkert og certificeret af Clearhaus.<\/p>\n<p>Copenhagen Motorcycles ApS tr\u00e6kker betalingen fra dette valgte betalingsmiddel, n\u00e5r bestillingen er under forsendelse.<\/p>\n<p>Betaling via kreditkort er altid underlagt kortudsteders betingelser for anvendelse.<\/p>\n<p>Betaling kan ske med VISA, VISA\/Electron, Eurocard\/Mastercard, Maestro, MobilePay eller Apple Pay.<br \/>\nFirmakort udstedt inden for eller uden for EU\/E\u00d8S samt private betalingskort udstedt uden for EU\/E\u00d8S bliver ikke p\u00e5lagt et gebyr, hvilket vil fremg\u00e5 af din kvittering.<\/p>\n<p>Ved mistanke om kortsvindel forbeholder cphmc.com sig retten til at annullere k\u00f8bet.<\/p>\n<h2>\u00a7 5 Forsendelse og levering<\/h2>\n<p>Levering sker med GLS, UPS eller anden kurerservice via ShipMondo og efter bedste pris og leveringsforhold eller som afhentning hos Copenhagen Motorcycles.<\/p>\n<p>Ved valg af pakkeshop vil du blive forespurgt efter fremvisning af faktureret legitimationsamt ordrebekr\u00e6ftelse ved afhentning.<\/p>\n<p>Leveringsomkostningerne betales af k\u00f8ber. Levering sker normalt inden for 3-5 arbejdsdage, efter at bestillingen er modtaget.<\/p>\n<p>cphmc.com leverer kun i Danmark, Sverige, Finland, Tyskland og udvalgte EU lande (ikke til F\u00e6r\u00f8erne eller Gr\u00f8nland, og alle stillinger til F\u00e6r\u00f8erne eller Gr\u00f8nland vil blive annulleret uden varsel.)<\/p>\n<p>Evt. omkostninger for returnering af varer iht. reklamation eller fortrydelsesret, tilfalder k\u00f8ber.<\/p>\n<h2>\u00a7 6 Fejl og mangler<\/h2>\n<p>K\u00f8belovens regler finder anvendelse p\u00e5 eventuelle fejl og mangler ved Varerne.<\/p>\n<h2>\u00a7 7 Reklamation<\/h2>\n<p>Du skal give cphmc.com meddelelse om eventuelle mangler ved Varerne inden for rimelig tid efter, at du har opdaget manglen.<\/p>\n<p>Hvis du har givet cphmc.com meddelelse om eventuelle mangler ved Varerne inden for uger efter, at du har opdaget manglen, vil reklamationen altid v\u00e6re rettidig.<\/p>\n<p>Du skal under alle omst\u00e6ndigheder reklamere over enhver fabrikationsfejl og mangler inden for et \u00e5r efter, at du har f\u00e5et Varerne leveret.<\/p>\n<p>Du kan fremsende din reklamation til info@cphmc.com<\/p>\n<p>cphmc.com behandler din reklamation hurtigst muligt og senest inden for 5-7 arbejdsdage.<\/p>\n<h2>\u00a7 8 Fortrydelsesret og fortrydelsesfrist<\/h2>\n<p>Fortrydelsesfristen er 14 dage. Fristen regnes fra den dag, hvor du har f\u00e5et leveret Varerne.<\/p>\n<p>Du har efter forbrugeraftaleloven krav p\u00e5 at f\u00e5 en r\u00e6kke oplysninger, bl.a. om fortrydelsesretten og om Varerne. Fortrydelsesfristen begynder ikke at l\u00f8be, f\u00f8r du har modtaget disse oplysninger p\u00e5 skrift (f.eks. p\u00e5 papir eller e-mail).<\/p>\n<p>Hvis du f.eks. har f\u00e5et leveret Varerne mandag den 1. og har ogs\u00e5 f\u00e5et de n\u00e6vnte oplysninger p\u00e5 dette tidspunkt, har du f\u00f8rst til og med mandag den 15. Har du f\u00f8rst f\u00e5et oplysningerne senere, f.eks. onsdag den 3., har du frist til og med onsdag den 17.<\/p>\n<p>Hvis fristen udl\u00f8ber p\u00e5 en helligdag, l\u00f8rdag, grundlovsdag, juleaftensdag eller nyt\u00e5rsaftensdag, kan du vente til den f\u00f8lgende hverdag med at give meddelelse om, at du \u00f8nsker at benytte din fortrydelsesret.<\/p>\n<p>For at ud\u00f8ve fortrydelsesretten skal du meddele cphmc.com din beslutning om, at du vil fortryde denne aftale. Hvis du vil afgive denne underretning skriftligt \u2013 f.eks. pr. brev eller e-mail \u2013 skal du blot sende din meddelelse inden fristens udl\u00f8b.<\/p>\n<p><strong>F\u00f8lge af fortrydelse:<\/strong><br \/>\nHvis du ud\u00f8ver din fortrydelsesret, refunderer cphmc.com betalinger uden u\u00f8nsket forsinkelse og under alle omst\u00e6ndigheder senest 14 dage fra datoen, hvor cphmc.com modtog meddelelse om din beslutning om at fortryde den indg\u00e5ede aftale.<\/p>\n<p>cphmc.com gennemf\u00f8rer en s\u00e5dan tilbagebetaling til samme betalingsmiddel, som du benytter ved den oprindelige transaktion.<\/p>\n<p>Du skal returnere Varerne uden un\u00f8dig forsinkelse og senest 14 dage fra datoen, hvor du har informeret cphmc.com om ud\u00f8velsen af din fortrydelsesret.<\/p>\n<p>cphmc.com kan tilbageholde tilbagebetalingen, indtil du har returneret Varerne.<\/p>\n<p>Du h\u00e6fter for en eventuel forringelse af Varernes v\u00e6rdi, som skyldes en anden h\u00e5ndtering af Varerne, end hvad der er n\u00f8dvendigt for at Varernes kunst, egenskaber og den m\u00e5de, de fungerer p\u00e5.<\/p>\n<p><strong>STANDARDFORTRYDELSESFORMULAR<\/strong><br \/>\n(Denne formular udfyldes og returneres kun, hvis fortrydelsesretten g\u00f8res g\u00e6ldende)<\/p>\n<p>Til:<\/p>\n<p>Copenhagen Motorcycles<br \/>\nSkoleholdervej 91<br \/>\n2400 K\u00f8benhavn NV<br \/>\nE-mail: info@cphmc.com<\/p>\n<p>Jeg meddeler herved, at jeg \u00f8nsker at g\u00f8re fortrydelsesretten g\u00e6ldende i forbindelse med min k\u00f8bsaftale om f\u00f8lgende varer\/tjenesteydelser:<\/p>\n<p>Bestilt den: ____________________ Modtaget den: __________________________<\/p>\n<p>Forbrugerens navn: __________________________________________________<\/p>\n<p>Forbrugerens adresse: ________________________________________________<\/p>\n<p>Forbrugerens underskrift: __________________________ Dato: __________________<\/p>\n<p>(kun hvis formularens indhold meddeles p\u00e5 papir)<\/p>\n<p><strong>Reklamationsbehandling<\/strong><br \/>\nEr varen forsinket eller har v\u00e6ret en fejl, kan du klage til nedenst\u00e5ende e-mail-adresse. Klager over fejl ved varen skal ske inden rimelig tid, efter at du har opdaget fejlen eller burde have opdaget fejlen ved en almindelig gennemgang af varen. To \u00e5r efter modtagelsen af varen oph\u00f8rer retten til at klage i henhold til K\u00f8belovens \u00a7 83, stk. 1, medmindre andet er aftalt. N\u00e5r Audi merchandise webshop modtager en klage over en vare, behandles klagen hurtigst muligt dog senest inden for 5-7 arbejdsdage.<\/p>\n<p><strong>Oplysning om klagemuligheder<\/strong><br \/>\n\u00d8nsker du at klage over en vare eller tjenesteydelse, kan du kontakte www.cphmc.com , tlf. +45 81 81 71 81 eller mail: info@cphmc.com<\/p>\n<p>Navn: Copenhagen Motorcycles ApS<br \/>\nAdresse: Skoleholdervej 91<br \/>\nPostnr.: 2400 K\u00f8benhavn NV<br \/>\nCVR: 37546984<br \/>\nTlf.: +45 81 81 71 81<\/p>\n<p>En klage over en vare eller tjenesteydelse kan indgives til N\u00e6vnenes Hus til Center for Klagel\u00f8sning, N\u00e6vnenes Hus, Toldboden 2, 8800 Viborg, herunder via Klageportalen for N\u00e6vnenes Hus: https:\/\/naevneneshus.dk<\/p>\n<p>EU-Kommissionens online klageportal kan ogs\u00e5 anvendes ved indgivelse af en klage. Det er s\u00e6rlig relevant, hvis du er forbruger med bop\u00e6l i et andet EU-land. Klage indgiver hende \u2013 http:\/\/ec.europa.eu\/odr. Ved indgivelse af en klage skal du angive vores e-mail-adresse info@cphmc.com<\/p>\n<p><strong>Kontakt<\/strong><br \/>\n\u00d8nsker du at kontakte Copenhagen Motorcycles&#039;s webshop ang\u00e5ende reklamationer eller andet vedr. merchandise kan det g\u00f8res pr. email til info@cphmc.com eller nedenst\u00e5ende adresse.<\/p>\n<p>Navn: Copenhagen Motorcycles ApS<br \/>\nAdresse: Skoleholdervej 91<br \/>\nPostnr.: 2400 K\u00f8benhavn NV<br \/>\nCVR: 37546984<br \/>\nTlf.: +45 81 81 71 81<\/p>\n<h2>\u00a7 9 Brug af Persondata<\/h2>\n<p>Vi anvender cookies p\u00e5 vores hjemmeside. Du kan l\u00e6se mere om brugen af cookies i vores cookiepolitik.<br \/>\nN\u00e5r du k\u00f8ber Varer hos cphmc.com, vil cphmc.com registrere og behandle persondata for at kunne opfylde den indg\u00e5ede aftale om k\u00f8b af Varerne. Du kan l\u00e6se mere om vores behandling af dine persondata i vores privatlivspolitik.<\/p>\n<h2>\u00a7 10 Lovvalg<\/h2>\n<p>Dansk ret finder anvendelse.<\/p>","protected":false},"excerpt":{"rendered":"<p>\u00a7 1 Anvendelse Disse handelsbetingelser (\u201dHandelsbetingelserne\u201d) g\u00e6lder for k\u00f8b af varer p\u00e5 cphmc.com og via Copenhagen Motorcycles ApS. Handelsbetingelserne kan<\/p>","protected":false},"author":1,"featured_media":0,"parent":0,"menu_order":630,"comment_status":"closed","ping_status":"closed","template":"","meta":{"_relevanssi_hide_post":"","_relevanssi_hide_content":"","_relevanssi_pin_for_all":"","_relevanssi_pin_keywords":"","_relevanssi_unpin_keywords":"","_relevanssi_related_keywords":"","_relevanssi_related_include_ids":"","_relevanssi_related_exclude_ids":"","_relevanssi_related_no_append":"","_relevanssi_related_not_related":"","_relevanssi_related_posts":"","_relevanssi_noindex_reason":"","footnotes":""},"class_list":["post-1669","page","type-page","status-publish","hentry"],"_links":{"self":[{"href":"https:\/\/www.cphmc.com\/da\/wp-json\/wp\/v2\/pages\/1669","targetHints":{"allow":["GET"]}}],"collection":[{"href":"https:\/\/www.cphmc.com\/da\/wp-json\/wp\/v2\/pages"}],"about":[{"href":"https:\/\/www.cphmc.com\/da\/wp-json\/wp\/v2\/types\/page"}],"author":[{"embeddable":true,"href":"https:\/\/www.cphmc.com\/da\/wp-json\/wp\/v2\/users\/1"}],"replies":[{"embeddable":true,"href":"https:\/\/www.cphmc.com\/da\/wp-json\/wp\/v2\/comments?post=1669"}],"version-history":[{"count":3,"href":"https:\/\/www.cphmc.com\/da\/wp-json\/wp\/v2\/pages\/1669\/revisions"}],"predecessor-version":[{"id":9340,"href":"https:\/\/www.cphmc.com\/da\/wp-json\/wp\/v2\/pages\/1669\/revisions\/9340"}],"wp:attachment":[{"href":"https:\/\/www.cphmc.com\/da\/wp-json\/wp\/v2\/media?parent=1669"}],"curies":[{"name":"wp","href":"https:\/\/api.w.org\/{rel}","templated":true}]}}