{"id":14670,"date":"2023-09-29T10:04:21","date_gmt":"2023-09-29T08:04:21","guid":{"rendered":"https:\/\/www.cphmc.com\/?post_type=product&#038;p=14670"},"modified":"2024-03-03T12:47:32","modified_gmt":"2024-03-03T11:47:32","slug":"richa-original-2-slim-fit-short","status":"publish","type":"product","link":"https:\/\/www.cphmc.com\/da\/mc-clothing\/pants\/canvas-pants\/richa-original-2-slim-fit-short\/","title":{"rendered":"Richa Original 2 Slim Fit \u2013 Kort"},"content":{"rendered":"<p>Richa Original 2 Jeans er et par slim fit, enkeltlags ridejeans, der giver masser af komfort uden at g\u00e5 p\u00e5 kompromis med sikkerheden. Det str\u00e6kbare enkeltlag opbygger ikke bulk eller bliver for varmt p\u00e5 de varmere ture. Den slanke pasform giver komfort hele dagen lang, ogs\u00e5 n\u00e5r du er hoppet af cyklen.<\/p>\n<p>Bem\u00e6rk venligst, at de kommer i tre forskellige l\u00e6ngder - kort, almindelig og lang. Dette er den korte model!<\/p>\n<ul>\n<li>St\u00f8rrelser med l\u00e6ngere ben<\/li>\n<li>Enkeltlags stretchy denim forst\u00e6rket med Cordura\u00ae<\/li>\n<li>D3O\u00ae L1-beskyttelse ved kn\u00e6 og hofter (kan opgraderes til D3O\u00ae L2)<\/li>\n<li>Klassisk 5-lommers model<\/li>\n<li>Slim pasform<\/li>\n<li>CE EN 17092-4:2020 Klasse A<\/li>\n<\/ul>\n<p><strong>Ydermateriale<\/strong><\/p>\n<ol>\n<li>71% Bomuld<\/li>\n<li>26% CORDURA\u00ae<\/li>\n<li>3% Elastan<\/li>\n<\/ol>","protected":false},"excerpt":{"rendered":"<p>Richa Original 2 Jeans er et par slim fit, enkeltlags ridejeans, der giver masser af komfort uden at g\u00e5 p\u00e5 kompromis med sikkerheden. Bem\u00e6rk venligst, at de kommer i tre forskellige l\u00e6ngder - kort, almindelig og lang. Dette er den korte model!<\/p>\n<ul>\n<li>Enkeltlags stretchy denim forst\u00e6rket med Cordura\u00ae<\/li>\n<li>D3O\u00ae L1-beskyttelse ved kn\u00e6 og hofter (kan opgraderes til D3O\u00ae L2)<\/li>\n<li>Klassisk 5-lommers model<\/li>\n<li>Slim pasform<\/li>\n<\/ul>","protected":false},"featured_media":14684,"comment_status":"closed","ping_status":"closed","template":"","meta":{"_relevanssi_hide_post":"","_relevanssi_hide_content":"","_relevanssi_pin_for_all":"","_relevanssi_pin_keywords":"","_relevanssi_unpin_keywords":"","_relevanssi_related_keywords":"","_relevanssi_related_include_ids":"","_relevanssi_related_exclude_ids":"","_relevanssi_related_no_append":"","_relevanssi_related_not_related":"","_relevanssi_related_posts":"","_relevanssi_noindex_reason":""},"product_brand":[],"product_cat":[101,56,54],"product_tag":[],"woo-feed-brand":[],"class_list":{"0":"post-14670","1":"product","2":"type-product","3":"status-publish","4":"has-post-thumbnail","6":"product_cat-canvas-pants","7":"product_cat-mc-clothing","8":"product_cat-pants","10":"first","11":"instock","12":"taxable","13":"shipping-taxable","14":"purchasable","15":"product-type-variable"},"_links":{"self":[{"href":"https:\/\/www.cphmc.com\/da\/wp-json\/wp\/v2\/product\/14670","targetHints":{"allow":["GET"]}}],"collection":[{"href":"https:\/\/www.cphmc.com\/da\/wp-json\/wp\/v2\/product"}],"about":[{"href":"https:\/\/www.cphmc.com\/da\/wp-json\/wp\/v2\/types\/product"}],"replies":[{"embeddable":true,"href":"https:\/\/www.cphmc.com\/da\/wp-json\/wp\/v2\/comments?post=14670"}],"wp:featuredmedia":[{"embeddable":true,"href":"https:\/\/www.cphmc.com\/da\/wp-json\/wp\/v2\/media\/14684"}],"wp:attachment":[{"href":"https:\/\/www.cphmc.com\/da\/wp-json\/wp\/v2\/media?parent=14670"}],"wp:term":[{"taxonomy":"product_brand","embeddable":true,"href":"https:\/\/www.cphmc.com\/da\/wp-json\/wp\/v2\/product_brand?post=14670"},{"taxonomy":"product_cat","embeddable":true,"href":"https:\/\/www.cphmc.com\/da\/wp-json\/wp\/v2\/product_cat?post=14670"},{"taxonomy":"product_tag","embeddable":true,"href":"https:\/\/www.cphmc.com\/da\/wp-json\/wp\/v2\/product_tag?post=14670"},{"taxonomy":"woo-feed-brand","embeddable":true,"href":"https:\/\/www.cphmc.com\/da\/wp-json\/wp\/v2\/woo-feed-brand?post=14670"}],"curies":[{"name":"wp","href":"https:\/\/api.w.org\/{rel}","templated":true}]}}