{"id":14740,"date":"2024-03-03T12:03:58","date_gmt":"2024-03-03T11:03:58","guid":{"rendered":"https:\/\/www.cphmc.com\/?post_type=product&#038;p=14740"},"modified":"2024-03-03T12:47:09","modified_gmt":"2024-03-03T11:47:09","slug":"cerium-tech-stretch-denim-pants","status":"publish","type":"product","link":"https:\/\/www.cphmc.com\/da\/mc-clothing\/pants\/canvas-pants\/cerium-tech-stretch-denim-pants\/","title":{"rendered":"Cerium Tech-Stretch denimbukser"},"content":{"rendered":"<div class=\"row\">\n<div class=\"col-xs-12\">\n<ul class=\"product-features\">\n<li class=\"\">Ekstremt kompakt mono-lags stofkonstruktion bruger fint garn i skud og k\u00e6de for reduceret materialevolumen og overlegen mekanisk ydeevne<\/li>\n<li class=\"\">Elastomeren til stede i skuddet sikrer forl\u00e6ngelse for en garanteret midlertidig deformerbarhed, n\u00e5r brugeren bev\u00e6ger sig, og vender tilbage til sin naturlige position, n\u00e5r bev\u00e6gelsen stopper, for overlegen rytterkomfort<\/li>\n<li class=\"\">Slim pasform med stretch-denimlag for \u00f8get komfort<\/li>\n<li class=\"\">Nucleon Plus kn\u00e6panser tillader h\u00f8je niveauer af bev\u00e6gelse og har et slankt design for at sikre, at beskytteren er diskret fra cyklen<\/li>\n<li class=\"\">Tredobbelt syede s\u00f8mme for styrke og holdbarhed<\/li>\n<li class=\"\">Klassiske detaljer med fem lommer<\/li>\n<li class=\"\">Syede nitter<\/li>\n<li class=\"\">Reflekterende etiket<\/li>\n<li class=\"\">CE Kategori II PPE-forordning prEN 17012 udkast til standarder \u2013 Niveau A<\/li>\n<li class=\"\">CE Level 1 EN 1621-1:2012 Alpinestars Nucleon Pluss kn\u00e6beskyttere<\/li>\n<\/ul>\n<\/div>\n<\/div>","protected":false},"excerpt":{"rendered":"<ul>\n<li>Ekstremt kompakt mono-lag stof konstruktion.<\/li>\n<li>Slim pasform med stretch-denimlag for \u00f8get komfort.<\/li>\n<li>Nucleon Plus kn\u00e6panser.<\/li>\n<li>Tredobbelt syede s\u00f8mme.CE Kategori II PPE-forordning prEN 17012.<\/li>\n<\/ul>\n<p><a href=\"https:\/\/www.alpinestars.com\/pages\/size-charts\" target=\"_blank\" rel=\"noopener\">Alpinestars st\u00f8rrelsesskema<\/a><\/p>","protected":false},"featured_media":14748,"comment_status":"closed","ping_status":"closed","template":"","meta":{"_relevanssi_hide_post":"","_relevanssi_hide_content":"","_relevanssi_pin_for_all":"","_relevanssi_pin_keywords":"","_relevanssi_unpin_keywords":"","_relevanssi_related_keywords":"","_relevanssi_related_include_ids":"","_relevanssi_related_exclude_ids":"","_relevanssi_related_no_append":"","_relevanssi_related_not_related":"","_relevanssi_related_posts":"","_relevanssi_noindex_reason":""},"product_brand":[],"product_cat":[101,56,54],"product_tag":[],"woo-feed-brand":[],"class_list":{"0":"post-14740","1":"product","2":"type-product","3":"status-publish","4":"has-post-thumbnail","6":"product_cat-canvas-pants","7":"product_cat-mc-clothing","8":"product_cat-pants","10":"first","11":"instock","12":"taxable","13":"shipping-taxable","14":"purchasable","15":"product-type-variable"},"_links":{"self":[{"href":"https:\/\/www.cphmc.com\/da\/wp-json\/wp\/v2\/product\/14740","targetHints":{"allow":["GET"]}}],"collection":[{"href":"https:\/\/www.cphmc.com\/da\/wp-json\/wp\/v2\/product"}],"about":[{"href":"https:\/\/www.cphmc.com\/da\/wp-json\/wp\/v2\/types\/product"}],"replies":[{"embeddable":true,"href":"https:\/\/www.cphmc.com\/da\/wp-json\/wp\/v2\/comments?post=14740"}],"wp:featuredmedia":[{"embeddable":true,"href":"https:\/\/www.cphmc.com\/da\/wp-json\/wp\/v2\/media\/14748"}],"wp:attachment":[{"href":"https:\/\/www.cphmc.com\/da\/wp-json\/wp\/v2\/media?parent=14740"}],"wp:term":[{"taxonomy":"product_brand","embeddable":true,"href":"https:\/\/www.cphmc.com\/da\/wp-json\/wp\/v2\/product_brand?post=14740"},{"taxonomy":"product_cat","embeddable":true,"href":"https:\/\/www.cphmc.com\/da\/wp-json\/wp\/v2\/product_cat?post=14740"},{"taxonomy":"product_tag","embeddable":true,"href":"https:\/\/www.cphmc.com\/da\/wp-json\/wp\/v2\/product_tag?post=14740"},{"taxonomy":"woo-feed-brand","embeddable":true,"href":"https:\/\/www.cphmc.com\/da\/wp-json\/wp\/v2\/woo-feed-brand?post=14740"}],"curies":[{"name":"wp","href":"https:\/\/api.w.org\/{rel}","templated":true}]}}