{"id":14757,"date":"2024-03-03T12:15:54","date_gmt":"2024-03-03T11:15:54","guid":{"rendered":"https:\/\/www.cphmc.com\/?post_type=product&#038;p=14757"},"modified":"2024-03-03T12:46:48","modified_gmt":"2024-03-03T11:46:48","slug":"copper-v3-pants-black","status":"publish","type":"product","link":"https:\/\/www.cphmc.com\/da\/mc-clothing\/pants\/canvas-pants\/copper-v3-pants-black\/","title":{"rendered":"Kobber v3 Bukser \u2013 Sort"},"content":{"rendered":"<div class=\"row\">\n<div class=\"col-xs-12\">\n<ul class=\"product-features\">\n<li class=\"\">Copper V3 Denim Pant er den seneste udvikling af Alpinestars&#039; mest popul\u00e6re ridebukser<\/li>\n<li class=\"\">Universel almindelig komfortpasform med lige ben og forh\u00f8jede finishdetaljer og trim<\/li>\n<li class=\"\">Str\u00e6kbomuldsdenim med aramidfiberforst\u00e6rkninger i kn\u00e6- og hofteomr\u00e5derne for forbedret beskyttelse mod slid, snit og rifter<\/li>\n<li class=\"\">Kn\u00e6omr\u00e5det er forbuet, og rygtaljen er omformet for at give endnu bedre k\u00f8rekomfort<\/li>\n<li class=\"\">Fremragende bypendlingsjeans, der bliver mere behagelig at have p\u00e5<\/li>\n<li class=\"\">Nucleon Flex Plus kn\u00e6panser, lommer til separat indk\u00f8bt hoftepanser og en p\u00e6nt syet inders\u00f8m p\u00e5 benene for et selvedge denim look, perfekt til en denim af h\u00f8jere kvalitet og et heritage look<\/li>\n<li class=\"\">Har 3-positions justerbare kn\u00e6panserlommer for en perfekt skr\u00e6ddersyet rytterpasform<\/li>\n<li class=\"\">To lommer foran og bagp\u00e5 til sikker og praktisk opbevaring<\/li>\n<li class=\"\">Yderligere lille lomme p\u00e5 h\u00f8jre ben for praktisk praktisk<\/li>\n<li class=\"\">Reflekterende detaljer<\/li>\n<\/ul>\n<\/div>\n<\/div>","protected":false},"excerpt":{"rendered":"<ul>\n<li>Copper V3 Denim Pant er den seneste udvikling af Alpinestars&#039; mest popul\u00e6re ridebukser<\/li>\n<li>Universal almindelig komfort pasform.<\/li>\n<li>Stretchbomuldsdenim med aramidfiberforst\u00e6rkninger<\/li>\n<li>Nucleon Plus kn\u00e6panser.<\/li>\n<\/ul>\n<p><a href=\"https:\/\/www.alpinestars.com\/pages\/size-charts\" target=\"_blank\" rel=\"noopener\">Alpinestars st\u00f8rrelsesskema<\/a><\/p>","protected":false},"featured_media":14765,"comment_status":"closed","ping_status":"closed","template":"","meta":{"_relevanssi_hide_post":"","_relevanssi_hide_content":"","_relevanssi_pin_for_all":"","_relevanssi_pin_keywords":"","_relevanssi_unpin_keywords":"","_relevanssi_related_keywords":"","_relevanssi_related_include_ids":"","_relevanssi_related_exclude_ids":"","_relevanssi_related_no_append":"","_relevanssi_related_not_related":"","_relevanssi_related_posts":"","_relevanssi_noindex_reason":""},"product_brand":[],"product_cat":[101,56,54],"product_tag":[],"woo-feed-brand":[],"class_list":{"0":"post-14757","1":"product","2":"type-product","3":"status-publish","4":"has-post-thumbnail","6":"product_cat-canvas-pants","7":"product_cat-mc-clothing","8":"product_cat-pants","10":"first","11":"instock","12":"taxable","13":"shipping-taxable","14":"purchasable","15":"product-type-variable"},"_links":{"self":[{"href":"https:\/\/www.cphmc.com\/da\/wp-json\/wp\/v2\/product\/14757","targetHints":{"allow":["GET"]}}],"collection":[{"href":"https:\/\/www.cphmc.com\/da\/wp-json\/wp\/v2\/product"}],"about":[{"href":"https:\/\/www.cphmc.com\/da\/wp-json\/wp\/v2\/types\/product"}],"replies":[{"embeddable":true,"href":"https:\/\/www.cphmc.com\/da\/wp-json\/wp\/v2\/comments?post=14757"}],"wp:featuredmedia":[{"embeddable":true,"href":"https:\/\/www.cphmc.com\/da\/wp-json\/wp\/v2\/media\/14765"}],"wp:attachment":[{"href":"https:\/\/www.cphmc.com\/da\/wp-json\/wp\/v2\/media?parent=14757"}],"wp:term":[{"taxonomy":"product_brand","embeddable":true,"href":"https:\/\/www.cphmc.com\/da\/wp-json\/wp\/v2\/product_brand?post=14757"},{"taxonomy":"product_cat","embeddable":true,"href":"https:\/\/www.cphmc.com\/da\/wp-json\/wp\/v2\/product_cat?post=14757"},{"taxonomy":"product_tag","embeddable":true,"href":"https:\/\/www.cphmc.com\/da\/wp-json\/wp\/v2\/product_tag?post=14757"},{"taxonomy":"woo-feed-brand","embeddable":true,"href":"https:\/\/www.cphmc.com\/da\/wp-json\/wp\/v2\/woo-feed-brand?post=14757"}],"curies":[{"name":"wp","href":"https:\/\/api.w.org\/{rel}","templated":true}]}}