{"id":14777,"date":"2024-03-03T12:25:19","date_gmt":"2024-03-03T11:25:19","guid":{"rendered":"https:\/\/www.cphmc.com\/?post_type=product&#038;p=14777"},"modified":"2024-03-03T12:30:08","modified_gmt":"2024-03-03T11:30:08","slug":"radon-pants-black-blue","status":"publish","type":"product","link":"https:\/\/www.cphmc.com\/da\/mc-clothing\/pants\/canvas-pants\/radon-pants-black-blue\/","title":{"rendered":"Radonbukser \u2013 Sort\/Bl\u00e5"},"content":{"rendered":"<div class=\"row\">\n<div class=\"col-xs-12\">\n<ul class=\"product-features\">\n<li class=\"\">Beskyttende og behagelig Nucleon Flex Plus panser er meget fleksibel og adaptiv og har en tynd profil for optimal rytterkomfort<\/li>\n<li class=\"\">Afslappet pasform, lige ben for en optimeret komfort<\/li>\n<li class=\"\">Stretch denimstof giver fleksibilitet, forbedret komfort og en bl\u00f8dere f\u00f8lelse mod huden<\/li>\n<li class=\"\">Forst\u00e6rkede sides\u00f8mme med tredobbelt syning for holdbarhed<\/li>\n<li class=\"\">Indvendige stofkiler i aramidfiber forst\u00e6rker denimstoffet p\u00e5 kritiske punkter s\u00e5som kn\u00e6et<\/li>\n<\/ul>\n<\/div>\n<\/div>","protected":false},"excerpt":{"rendered":"<ul>\n<li class=\"\">.Nucleon Flex Plus rustning.<\/li>\n<li class=\"\">Afslappet pasform, lige ben for en optimeret komfort<\/li>\n<li class=\"\">Stretch denim stof.<\/li>\n<li class=\"\">Forst\u00e6rkede sides\u00f8mme med tredobbelt syning.<\/li>\n<li class=\"\">Indvendige stofkiler i aramidfiber.<\/li>\n<\/ul>\n<p><a href=\"https:\/\/www.alpinestars.com\/pages\/size-charts\" target=\"_blank\" rel=\"noopener\">Alpinestars st\u00f8rrelsesskema<\/a><\/p>","protected":false},"featured_media":14785,"comment_status":"closed","ping_status":"closed","template":"","meta":{"_relevanssi_hide_post":"","_relevanssi_hide_content":"","_relevanssi_pin_for_all":"","_relevanssi_pin_keywords":"","_relevanssi_unpin_keywords":"","_relevanssi_related_keywords":"","_relevanssi_related_include_ids":"","_relevanssi_related_exclude_ids":"","_relevanssi_related_no_append":"","_relevanssi_related_not_related":"","_relevanssi_related_posts":"","_relevanssi_noindex_reason":""},"product_brand":[],"product_cat":[101,56,54],"product_tag":[],"woo-feed-brand":[],"class_list":{"0":"post-14777","1":"product","2":"type-product","3":"status-publish","4":"has-post-thumbnail","6":"product_cat-canvas-pants","7":"product_cat-mc-clothing","8":"product_cat-pants","10":"first","11":"instock","12":"taxable","13":"shipping-taxable","14":"purchasable","15":"product-type-variable"},"_links":{"self":[{"href":"https:\/\/www.cphmc.com\/da\/wp-json\/wp\/v2\/product\/14777","targetHints":{"allow":["GET"]}}],"collection":[{"href":"https:\/\/www.cphmc.com\/da\/wp-json\/wp\/v2\/product"}],"about":[{"href":"https:\/\/www.cphmc.com\/da\/wp-json\/wp\/v2\/types\/product"}],"replies":[{"embeddable":true,"href":"https:\/\/www.cphmc.com\/da\/wp-json\/wp\/v2\/comments?post=14777"}],"wp:featuredmedia":[{"embeddable":true,"href":"https:\/\/www.cphmc.com\/da\/wp-json\/wp\/v2\/media\/14785"}],"wp:attachment":[{"href":"https:\/\/www.cphmc.com\/da\/wp-json\/wp\/v2\/media?parent=14777"}],"wp:term":[{"taxonomy":"product_brand","embeddable":true,"href":"https:\/\/www.cphmc.com\/da\/wp-json\/wp\/v2\/product_brand?post=14777"},{"taxonomy":"product_cat","embeddable":true,"href":"https:\/\/www.cphmc.com\/da\/wp-json\/wp\/v2\/product_cat?post=14777"},{"taxonomy":"product_tag","embeddable":true,"href":"https:\/\/www.cphmc.com\/da\/wp-json\/wp\/v2\/product_tag?post=14777"},{"taxonomy":"woo-feed-brand","embeddable":true,"href":"https:\/\/www.cphmc.com\/da\/wp-json\/wp\/v2\/woo-feed-brand?post=14777"}],"curies":[{"name":"wp","href":"https:\/\/api.w.org\/{rel}","templated":true}]}}