{"id":14858,"date":"2024-04-01T21:35:45","date_gmt":"2024-04-01T19:35:45","guid":{"rendered":"https:\/\/www.cphmc.com\/?post_type=product&#038;p=14858"},"modified":"2024-04-01T21:37:09","modified_gmt":"2024-04-01T19:37:09","slug":"nucleon-kr-1-celli-back-protector-insert","status":"publish","type":"product","link":"https:\/\/www.cphmc.com\/da\/mc-clothing\/safety-equipment\/top-protection\/nucleon-kr-1-celli-back-protector-insert\/","title":{"rendered":"Nucleon KR-1 CELLi rygbeskytterindsats"},"content":{"rendered":"<ul>\n<li>Den superlette rygbeskytterindsats er udviklet i tre talje-til-skulder dimensioner for at d\u00e6kke alle kropsst\u00f8rrelser<\/li>\n<li>H\u00f8jtydende polymermaterialeblandingscellestruktur for optimeret fleksibilitet og fremragende v\u00e6gtbesparende egenskaber<\/li>\n<li>Rygbeskytterens design \u00e6ndres fra midten mod ydersiden, hvilket giver den perfekte balance mellem energiabsorption og fleksibilitet<\/li>\n<li>Vandrette b\u00f8jningsriller for en adaptiv pasform i forskellige k\u00f8restillinger<\/li>\n<li>Bl\u00f8d behagelig polstring p\u00e5 kroppens side af beskytteren giver \u00e5ndbarhed og rytterkomfort<\/li>\n<li>Kompatibilitet med racerdragt<\/li>\n<li>CE niveau 2 EN 1621-3:2018<\/li>\n<\/ul>","protected":false},"excerpt":{"rendered":"<p>Super let rygbeskytter indsats til udvalgte Alpinestars jakker og produkter.<\/p>\n<ul>\n<li>Polymermateriale blanding cellestruktur<\/li>\n<li>Design\u00e6ndringer fra midten mod ydersiden giver den perfekte balance mellem energiabsorption og fleksibilitet<\/li>\n<li>Vandrette b\u00f8jningsriller for en adaptiv pasform i forskellige k\u00f8restillinger<\/li>\n<li>Kompatibilitet med racerdragt<\/li>\n<li>CE niveau 2 EN 1621-3:2018<\/li>\n<\/ul>","protected":false},"featured_media":14859,"comment_status":"closed","ping_status":"closed","template":"","meta":{"_relevanssi_hide_post":"","_relevanssi_hide_content":"","_relevanssi_pin_for_all":"","_relevanssi_pin_keywords":"","_relevanssi_unpin_keywords":"","_relevanssi_related_keywords":"","_relevanssi_related_include_ids":"","_relevanssi_related_exclude_ids":"","_relevanssi_related_no_append":"","_relevanssi_related_not_related":"","_relevanssi_related_posts":"","_relevanssi_noindex_reason":""},"product_brand":[],"product_cat":[104,56,55],"product_tag":[],"woo-feed-brand":[],"class_list":{"0":"post-14858","1":"product","2":"type-product","3":"status-publish","4":"has-post-thumbnail","6":"product_cat-top-protection","7":"product_cat-mc-clothing","8":"product_cat-safety-equipment","10":"first","11":"instock","12":"taxable","13":"shipping-taxable","14":"purchasable","15":"product-type-variable"},"_links":{"self":[{"href":"https:\/\/www.cphmc.com\/da\/wp-json\/wp\/v2\/product\/14858","targetHints":{"allow":["GET"]}}],"collection":[{"href":"https:\/\/www.cphmc.com\/da\/wp-json\/wp\/v2\/product"}],"about":[{"href":"https:\/\/www.cphmc.com\/da\/wp-json\/wp\/v2\/types\/product"}],"replies":[{"embeddable":true,"href":"https:\/\/www.cphmc.com\/da\/wp-json\/wp\/v2\/comments?post=14858"}],"wp:featuredmedia":[{"embeddable":true,"href":"https:\/\/www.cphmc.com\/da\/wp-json\/wp\/v2\/media\/14859"}],"wp:attachment":[{"href":"https:\/\/www.cphmc.com\/da\/wp-json\/wp\/v2\/media?parent=14858"}],"wp:term":[{"taxonomy":"product_brand","embeddable":true,"href":"https:\/\/www.cphmc.com\/da\/wp-json\/wp\/v2\/product_brand?post=14858"},{"taxonomy":"product_cat","embeddable":true,"href":"https:\/\/www.cphmc.com\/da\/wp-json\/wp\/v2\/product_cat?post=14858"},{"taxonomy":"product_tag","embeddable":true,"href":"https:\/\/www.cphmc.com\/da\/wp-json\/wp\/v2\/product_tag?post=14858"},{"taxonomy":"woo-feed-brand","embeddable":true,"href":"https:\/\/www.cphmc.com\/da\/wp-json\/wp\/v2\/woo-feed-brand?post=14858"}],"curies":[{"name":"wp","href":"https:\/\/api.w.org\/{rel}","templated":true}]}}