{"id":14870,"date":"2024-04-01T21:45:46","date_gmt":"2024-04-01T19:45:46","guid":{"rendered":"https:\/\/www.cphmc.com\/?post_type=product&#038;p=14870"},"modified":"2024-04-01T21:51:31","modified_gmt":"2024-04-01T19:51:31","slug":"nucleon-plasma-back-protector-insert","status":"publish","type":"product","link":"https:\/\/www.cphmc.com\/da\/mc-clothing\/safety-equipment\/top-protection\/nucleon-plasma-back-protector-insert\/","title":{"rendered":"Nucleon Plasma rygbeskytter indsats"},"content":{"rendered":"<ul>\n<li>Indeholder Alpinestars&#039; Nucleon Plasma-teknologi<\/li>\n<li>Milj\u00f8venligt, b\u00e6redygtigt og let st\u00f8dabsorberende materiale, mens dets design leverer tilpasningsevne, \u00e5ndbarhed og ventilation<\/li>\n<li>Denne adaptive beskytter er st\u00f8ttet med en bl\u00f8d tekstilbel\u00e6gning og leverer kraftspredning, fleksibilitet og komfort<\/li>\n<li>Milj\u00f8venligt og b\u00e6redygtigt st\u00f8dabsorberende materiale; en blanding af bio-baserede materialer og h\u00f8jtydende polyurethan leverer tilpasningsevne for en forbedret pr\u00e6stationspasning<\/li>\n<li>Ventileret for luftstr\u00f8m og \u00e5ndbarhed, med en bl\u00f8d inderforing p\u00e5 hudsiden for rytterens komfort<\/li>\n<li>Har en r\u00e6kke laterale og langsg\u00e5ende ventilationskanaler for effektiv varmeafledning<\/li>\n<li>Designet tillader beskytteren at komprimere og str\u00e6kke sig p\u00e5 sig selv, hvilket giver en adaptiv pasform for rytterens komfort<\/li>\n<\/ul>","protected":false},"excerpt":{"rendered":"<p>Super let rygbeskytter indsats til udvalgte Alpinestars jakker og produkter.<\/p>\n<p>Indeholder Alpinestars&#039; Nucleon Plasma-teknologi. Milj\u00f8venligt, b\u00e6redygtigt og let st\u00f8dabsorberende materiale, mens dets design leverer tilpasningsevne, \u00e5ndbarhed og ventilation.<\/p>\n<ul>\n<li>Bagsidet med en bl\u00f8d tekstilbel\u00e6gning<\/li>\n<li>Milj\u00f8venlig blanding af biobaserede materialer og h\u00f8jtydende polyurethan<\/li>\n<li>Har en r\u00e6kke laterale og langsg\u00e5ende ventilationskanaler for effektiv varmeafledning<\/li>\n<\/ul>","protected":false},"featured_media":14878,"comment_status":"closed","ping_status":"closed","template":"","meta":{"_relevanssi_hide_post":"","_relevanssi_hide_content":"","_relevanssi_pin_for_all":"","_relevanssi_pin_keywords":"","_relevanssi_unpin_keywords":"","_relevanssi_related_keywords":"","_relevanssi_related_include_ids":"","_relevanssi_related_exclude_ids":"","_relevanssi_related_no_append":"","_relevanssi_related_not_related":"","_relevanssi_related_posts":"","_relevanssi_noindex_reason":""},"product_brand":[],"product_cat":[104,56,55],"product_tag":[],"woo-feed-brand":[],"class_list":{"0":"post-14870","1":"product","2":"type-product","3":"status-publish","4":"has-post-thumbnail","6":"product_cat-top-protection","7":"product_cat-mc-clothing","8":"product_cat-safety-equipment","10":"first","11":"instock","12":"taxable","13":"shipping-taxable","14":"purchasable","15":"product-type-variable"},"_links":{"self":[{"href":"https:\/\/www.cphmc.com\/da\/wp-json\/wp\/v2\/product\/14870","targetHints":{"allow":["GET"]}}],"collection":[{"href":"https:\/\/www.cphmc.com\/da\/wp-json\/wp\/v2\/product"}],"about":[{"href":"https:\/\/www.cphmc.com\/da\/wp-json\/wp\/v2\/types\/product"}],"replies":[{"embeddable":true,"href":"https:\/\/www.cphmc.com\/da\/wp-json\/wp\/v2\/comments?post=14870"}],"wp:featuredmedia":[{"embeddable":true,"href":"https:\/\/www.cphmc.com\/da\/wp-json\/wp\/v2\/media\/14878"}],"wp:attachment":[{"href":"https:\/\/www.cphmc.com\/da\/wp-json\/wp\/v2\/media?parent=14870"}],"wp:term":[{"taxonomy":"product_brand","embeddable":true,"href":"https:\/\/www.cphmc.com\/da\/wp-json\/wp\/v2\/product_brand?post=14870"},{"taxonomy":"product_cat","embeddable":true,"href":"https:\/\/www.cphmc.com\/da\/wp-json\/wp\/v2\/product_cat?post=14870"},{"taxonomy":"product_tag","embeddable":true,"href":"https:\/\/www.cphmc.com\/da\/wp-json\/wp\/v2\/product_tag?post=14870"},{"taxonomy":"woo-feed-brand","embeddable":true,"href":"https:\/\/www.cphmc.com\/da\/wp-json\/wp\/v2\/woo-feed-brand?post=14870"}],"curies":[{"name":"wp","href":"https:\/\/api.w.org\/{rel}","templated":true}]}}