{"id":14891,"date":"2024-04-01T21:57:43","date_gmt":"2024-04-01T19:57:43","guid":{"rendered":"https:\/\/www.cphmc.com\/?post_type=product&#038;p=14891"},"modified":"2024-04-01T22:08:56","modified_gmt":"2024-04-01T20:08:56","slug":"nucleon-kr-cell-back-protector","status":"publish","type":"product","link":"https:\/\/www.cphmc.com\/da\/mc-clothing\/safety-equipment\/top-protection\/nucleon-kr-cell-back-protector\/","title":{"rendered":"Nucleon KR-celle rygbeskytter"},"content":{"rendered":"<ul>\n<li>Udviklet i tre talje-til-skulder dimensioner for at d\u00e6kke alle kropsst\u00f8rrelser<\/li>\n<li>H\u00e5rde bagplader er konstrueret af en h\u00f8jtydende polymermaterialeblanding for optimeret fleksibilitet og fremragende v\u00e6gtbesparende egenskaber<\/li>\n<li>Skaller er st\u00e6rkt perforerede for maksimal \u00e5ndbarhed og luftventilation<\/li>\n<li>Enkelt indspr\u00f8jtet sammensat skal konstrueret med tre-lags design for at absorbere st\u00f8d og tillade maksimal luftstr\u00f8m<\/li>\n<li>Ergonomisk beskyttelsesplade konturerer til ryggens naturlige kurve for at sikre en optimal pasform i k\u00f8restilling<\/li>\n<li>Vandrette b\u00f8jningsriller for en adaptiv pasform<\/li>\n<li>Justerbare, aftagelige elastiske skulderstropper med snap-fit system for en behagelig pasform<\/li>\n<li>Kompatibel med Nucleon KR-C-beskytteren<\/li>\n<li>Nyreb\u00e6lte har dobbelt krog-og-l\u00f8kke-lukningssystem<\/li>\n<li>Bl\u00f8dt bio-skum polstret chassis for maksimal komfort<\/li>\n<\/ul>","protected":false},"excerpt":{"rendered":"<p>Udviklet i tre talje-til-skulder dimensioner for at d\u00e6kke alle kropsst\u00f8rrelser.<\/p>\n<ul>\n<li>H\u00e5rde bagplader er konstrueret af en h\u00f8jtydende polymermaterialeblanding<\/li>\n<li>Justerbare, aftagelige elastiske skulderstropper<\/li>\n<li>Kompatibel med Nucleon KR-C brystbeskytter<\/li>\n<li>Nyreb\u00e6lte har dobbelt krog-og-l\u00f8kke-lukningssystem<\/li>\n<\/ul>","protected":false},"featured_media":14903,"comment_status":"closed","ping_status":"closed","template":"","meta":{"_relevanssi_hide_post":"","_relevanssi_hide_content":"","_relevanssi_pin_for_all":"","_relevanssi_pin_keywords":"","_relevanssi_unpin_keywords":"","_relevanssi_related_keywords":"","_relevanssi_related_include_ids":"","_relevanssi_related_exclude_ids":"","_relevanssi_related_no_append":"","_relevanssi_related_not_related":"","_relevanssi_related_posts":"","_relevanssi_noindex_reason":""},"product_brand":[],"product_cat":[104,56,55],"product_tag":[],"woo-feed-brand":[],"class_list":{"0":"post-14891","1":"product","2":"type-product","3":"status-publish","4":"has-post-thumbnail","6":"product_cat-top-protection","7":"product_cat-mc-clothing","8":"product_cat-safety-equipment","10":"first","11":"instock","12":"taxable","13":"shipping-taxable","14":"purchasable","15":"product-type-variable"},"_links":{"self":[{"href":"https:\/\/www.cphmc.com\/da\/wp-json\/wp\/v2\/product\/14891","targetHints":{"allow":["GET"]}}],"collection":[{"href":"https:\/\/www.cphmc.com\/da\/wp-json\/wp\/v2\/product"}],"about":[{"href":"https:\/\/www.cphmc.com\/da\/wp-json\/wp\/v2\/types\/product"}],"replies":[{"embeddable":true,"href":"https:\/\/www.cphmc.com\/da\/wp-json\/wp\/v2\/comments?post=14891"}],"wp:featuredmedia":[{"embeddable":true,"href":"https:\/\/www.cphmc.com\/da\/wp-json\/wp\/v2\/media\/14903"}],"wp:attachment":[{"href":"https:\/\/www.cphmc.com\/da\/wp-json\/wp\/v2\/media?parent=14891"}],"wp:term":[{"taxonomy":"product_brand","embeddable":true,"href":"https:\/\/www.cphmc.com\/da\/wp-json\/wp\/v2\/product_brand?post=14891"},{"taxonomy":"product_cat","embeddable":true,"href":"https:\/\/www.cphmc.com\/da\/wp-json\/wp\/v2\/product_cat?post=14891"},{"taxonomy":"product_tag","embeddable":true,"href":"https:\/\/www.cphmc.com\/da\/wp-json\/wp\/v2\/product_tag?post=14891"},{"taxonomy":"woo-feed-brand","embeddable":true,"href":"https:\/\/www.cphmc.com\/da\/wp-json\/wp\/v2\/woo-feed-brand?post=14891"}],"curies":[{"name":"wp","href":"https:\/\/api.w.org\/{rel}","templated":true}]}}