{"id":14911,"date":"2024-04-01T22:14:42","date_gmt":"2024-04-01T20:14:42","guid":{"rendered":"https:\/\/www.cphmc.com\/?post_type=product&#038;p=14911"},"modified":"2024-04-01T22:19:08","modified_gmt":"2024-04-01T20:19:08","slug":"nucleon-kr-1-cell-back-protector","status":"publish","type":"product","link":"https:\/\/www.cphmc.com\/da\/mc-clothing\/safety-equipment\/top-protection\/nucleon-kr-1-cell-back-protector\/","title":{"rendered":"Nucleon KR-1 Cell Back Protector"},"content":{"rendered":"<ul>\n<li>Cell Technology rygbeskytter er konstrueret af en h\u00f8jtydende polymermaterialeblanding for optimeret fleksibilitet og fremragende v\u00e6gtbesparende egenskaber<\/li>\n<li>Udviklet i tre talje-til-skulder dimensioner for at d\u00e6kke alle kropsst\u00f8rrelser<\/li>\n<li>Forl\u00e6nget l\u00e6ndebeskytter giver mere beskyttelse til rytteren<\/li>\n<li>Meget perforeret for maksimal \u00e5ndbarhed og ventilation<\/li>\n<li>Vandrette b\u00f8jningsriller for en adaptiv pasform i forskellige k\u00f8restillinger<\/li>\n<li>Justerbare og aftagelige elastiske skulderstropper via et snap fit-system for st\u00f8rre komfort<\/li>\n<li>H\u00f8jdejusterbart nyreb\u00e6lte med dobbelt krog-og-l\u00f8kke-lukningssystem for nem, sikker lukning<\/li>\n<li>Bl\u00f8dt Bio-Foam best\u00e5et chassis for maksimal komfort<\/li>\n<\/ul>","protected":false},"excerpt":{"rendered":"<ul>\n<li>Cell Technology for optimeret fleksibilitet og fremragende v\u00e6gtbesparende egenskaber<\/li>\n<li>Forl\u00e6nget l\u00e6ndbeskytter giver mere beskyttelse<\/li>\n<li>Justerbare og aftagelige elastiske skulderstropper via et snap fit-system<\/li>\n<li>H\u00f8jdejusterbart nyreb\u00e6lte med dobbelt krog-og-l\u00f8kke-lukningssystem<\/li>\n<\/ul>","protected":false},"featured_media":14916,"comment_status":"closed","ping_status":"closed","template":"","meta":{"_relevanssi_hide_post":"","_relevanssi_hide_content":"","_relevanssi_pin_for_all":"","_relevanssi_pin_keywords":"","_relevanssi_unpin_keywords":"","_relevanssi_related_keywords":"","_relevanssi_related_include_ids":"","_relevanssi_related_exclude_ids":"","_relevanssi_related_no_append":"","_relevanssi_related_not_related":"","_relevanssi_related_posts":"","_relevanssi_noindex_reason":""},"product_brand":[],"product_cat":[104,56,55],"product_tag":[],"woo-feed-brand":[],"class_list":{"0":"post-14911","1":"product","2":"type-product","3":"status-publish","4":"has-post-thumbnail","6":"product_cat-top-protection","7":"product_cat-mc-clothing","8":"product_cat-safety-equipment","10":"first","11":"instock","12":"taxable","13":"shipping-taxable","14":"purchasable","15":"product-type-variable"},"_links":{"self":[{"href":"https:\/\/www.cphmc.com\/da\/wp-json\/wp\/v2\/product\/14911","targetHints":{"allow":["GET"]}}],"collection":[{"href":"https:\/\/www.cphmc.com\/da\/wp-json\/wp\/v2\/product"}],"about":[{"href":"https:\/\/www.cphmc.com\/da\/wp-json\/wp\/v2\/types\/product"}],"replies":[{"embeddable":true,"href":"https:\/\/www.cphmc.com\/da\/wp-json\/wp\/v2\/comments?post=14911"}],"wp:featuredmedia":[{"embeddable":true,"href":"https:\/\/www.cphmc.com\/da\/wp-json\/wp\/v2\/media\/14916"}],"wp:attachment":[{"href":"https:\/\/www.cphmc.com\/da\/wp-json\/wp\/v2\/media?parent=14911"}],"wp:term":[{"taxonomy":"product_brand","embeddable":true,"href":"https:\/\/www.cphmc.com\/da\/wp-json\/wp\/v2\/product_brand?post=14911"},{"taxonomy":"product_cat","embeddable":true,"href":"https:\/\/www.cphmc.com\/da\/wp-json\/wp\/v2\/product_cat?post=14911"},{"taxonomy":"product_tag","embeddable":true,"href":"https:\/\/www.cphmc.com\/da\/wp-json\/wp\/v2\/product_tag?post=14911"},{"taxonomy":"woo-feed-brand","embeddable":true,"href":"https:\/\/www.cphmc.com\/da\/wp-json\/wp\/v2\/woo-feed-brand?post=14911"}],"curies":[{"name":"wp","href":"https:\/\/api.w.org\/{rel}","templated":true}]}}