{"id":14930,"date":"2024-04-04T11:00:20","date_gmt":"2024-04-04T09:00:20","guid":{"rendered":"https:\/\/www.cphmc.com\/?post_type=product&#038;p=14930"},"modified":"2024-04-04T11:30:46","modified_gmt":"2024-04-04T09:30:46","slug":"gp-plus-r-v4-leather-jacket","status":"publish","type":"product","link":"https:\/\/www.cphmc.com\/da\/mc-clothing\/jackets-vests\/leather-jackets\/gp-plus-r-v4-leather-jacket\/","title":{"rendered":"GP Plus R v4 l\u00e6derjakke"},"content":{"rendered":"<p>Den revolutionerende Alpinestars GP Plus V4 l\u00e6derjakke har et moderniseret look med et nyt m\u00f8nster, inkorporerer nye detaljer og materialer og er lettere. Den er lavet af bovint l\u00e6der og skiller sig ud for sin komfort, beskyttelse og design. Den inkorporerer den nye A-CS Plus-teknologi afledt af MotoGP med elastiske sidepaneler. Den har Nucleon Flex Plus-beskyttelse p\u00e5 skuldre og albuer og to praktiske sideluftindtag i maveomr\u00e5det. Inkluderer aftagelig termisk foring.<\/p>\n<ul>\n<li>Fremstillet af en kombination af Racing og almindelig oksel\u00e6der for fremragende slidstyrke.<\/li>\n<li>A-CS Plus str\u00e6kstofpaneler p\u00e5 siderne. Det er et materiale afledt af MotoGP, der skiller sig ud ved at v\u00e6re meget elastisk, modstandsdygtigt over for slid, mere modstandsdygtigt over for rivning end l\u00e6der, lav profil og let.<\/li>\n<li>Str\u00e6kstofpaneler p\u00e5 brystet, skuldrene, nakken og indersiden af armene.<\/li>\n<li>Aftageligt 80g termofor.<\/li>\n<li>Store direkte luftindtag i maveomr\u00e5det.<\/li>\n<\/ul>\n<p><strong>Beskyttelser<\/strong><\/p>\n<ul>\n<li>Aftagelige Nucleon Flex Plus-beskyttere p\u00e5 niveau 1-skuldre med CE EN1621-1:2012-certificering.<\/li>\n<li>GP-R Lite beskyttere p\u00e5 niveau 1 albuer med CE EN1621-1:2012 certificering.<\/li>\n<li>Udvendige DFS-forst\u00e6rkninger p\u00e5 skuldrene.<\/li>\n<li>Rum p\u00e5 bagsiden, hvori vi kan montere Alpinestars Nucleon rygbeskytter (medf\u00f8lger ikke).<\/li>\n<li>Disposition for installation af Alpinestars\u00ae Tech-Air\u00ae airbagsystemet (medf\u00f8lger ikke).<\/li>\n<\/ul>\n<p><strong>Sportspasform<\/strong><\/p>\n<ul>\n<li>Elastiske harmonikal\u00e6derpaneler p\u00e5 albuerne for st\u00f8rre bev\u00e6gelsesfrihed.<\/li>\n<li>Perforerede polstrede paneler placeret for at give ekstra beskyttelse.<\/li>\n<li>Forbuede \u00e6rmer for at reducere tr\u00e6thed og \u00f8ge k\u00f8rekomforten.<\/li>\n<li>Lynl\u00e5s h\u00e5ndledslukninger.<\/li>\n<li>Justerbar talje med velcro\u00ae-stropper.<\/li>\n<\/ul>\n<p><strong>Komfort<\/strong><\/p>\n<ul>\n<li>Lav profil krave for st\u00f8rre komfort.<\/li>\n<li>Mesh-stof indeni for optimal \u00e5ndbarhed, komfort og ventilation.<\/li>\n<li>To udvendige lynl\u00e5slommer.<\/li>\n<li>Alpinestars jakke-bukser forbindelseslynl\u00e5s.<\/li>\n<li>Premium YKK\u00ae lynl\u00e5se med l\u00e6dertr\u00e6k.<\/li>\n<\/ul>\n<p><strong>Homologering<\/strong><\/p>\n<ul>\n<li>Jakke certificeret i henhold til CE EN Cat.II \u2013 17092-3:2020 Klasse AA regulativer.<\/li>\n<\/ul>","protected":false},"excerpt":{"rendered":"<ul>\n<li>Lavet af en kombination af Racing og almindelig oksel\u00e6der<\/li>\n<li>A-CS Plus str\u00e6kstofpaneler p\u00e5 siderne.<\/li>\n<li>Aftageligt 80g termofor.<\/li>\n<li>Pr\u00e6disposition for installation af Alpinestars\u00ae Tech-Air\u00ae airbagsystemet (medf\u00f8lger ikke)<\/li>\n<\/ul>","protected":false},"featured_media":14940,"comment_status":"closed","ping_status":"closed","template":"","meta":{"_relevanssi_hide_post":"","_relevanssi_hide_content":"","_relevanssi_pin_for_all":"","_relevanssi_pin_keywords":"","_relevanssi_unpin_keywords":"","_relevanssi_related_keywords":"","_relevanssi_related_include_ids":"","_relevanssi_related_exclude_ids":"","_relevanssi_related_no_append":"","_relevanssi_related_not_related":"","_relevanssi_related_posts":"","_relevanssi_noindex_reason":""},"product_brand":[],"product_cat":[95,53,56],"product_tag":[],"woo-feed-brand":[],"class_list":{"0":"post-14930","1":"product","2":"type-product","3":"status-publish","4":"has-post-thumbnail","6":"product_cat-leather-jackets","7":"product_cat-jackets-vests","8":"product_cat-mc-clothing","10":"first","11":"instock","12":"taxable","13":"shipping-taxable","14":"purchasable","15":"product-type-variable"},"_links":{"self":[{"href":"https:\/\/www.cphmc.com\/da\/wp-json\/wp\/v2\/product\/14930","targetHints":{"allow":["GET"]}}],"collection":[{"href":"https:\/\/www.cphmc.com\/da\/wp-json\/wp\/v2\/product"}],"about":[{"href":"https:\/\/www.cphmc.com\/da\/wp-json\/wp\/v2\/types\/product"}],"replies":[{"embeddable":true,"href":"https:\/\/www.cphmc.com\/da\/wp-json\/wp\/v2\/comments?post=14930"}],"wp:featuredmedia":[{"embeddable":true,"href":"https:\/\/www.cphmc.com\/da\/wp-json\/wp\/v2\/media\/14940"}],"wp:attachment":[{"href":"https:\/\/www.cphmc.com\/da\/wp-json\/wp\/v2\/media?parent=14930"}],"wp:term":[{"taxonomy":"product_brand","embeddable":true,"href":"https:\/\/www.cphmc.com\/da\/wp-json\/wp\/v2\/product_brand?post=14930"},{"taxonomy":"product_cat","embeddable":true,"href":"https:\/\/www.cphmc.com\/da\/wp-json\/wp\/v2\/product_cat?post=14930"},{"taxonomy":"product_tag","embeddable":true,"href":"https:\/\/www.cphmc.com\/da\/wp-json\/wp\/v2\/product_tag?post=14930"},{"taxonomy":"woo-feed-brand","embeddable":true,"href":"https:\/\/www.cphmc.com\/da\/wp-json\/wp\/v2\/woo-feed-brand?post=14930"}],"curies":[{"name":"wp","href":"https:\/\/api.w.org\/{rel}","templated":true}]}}