{"id":14951,"date":"2024-04-04T11:32:45","date_gmt":"2024-04-04T09:32:45","guid":{"rendered":"https:\/\/www.cphmc.com\/?post_type=product&#038;p=14951"},"modified":"2024-04-04T11:37:12","modified_gmt":"2024-04-04T09:37:12","slug":"sp-2-v3-leather-gloves","status":"publish","type":"product","link":"https:\/\/www.cphmc.com\/da\/mc-clothing\/gloves\/leather-gloves\/sp-2-v3-leather-gloves\/","title":{"rendered":"SP-2 v3 l\u00e6derhandsker"},"content":{"rendered":"<div class=\"row\">\n<div class=\"col-xs-12\">\n<ul class=\"product-features\">\n<li class=\"\">Konstrueret af et smidigt og meget holdbart fuldnarvet l\u00e6derchassis for at give kerneslidstyrke og holdbarhed<\/li>\n<li class=\"\">H\u00e5ndflade og fingersidev\u00e6gge er forst\u00e6rket med smidigt gedeskind for f\u00f8lelse og ydeevne pasform<\/li>\n<li class=\"\">Hovedskalforst\u00e6rkning er tilvejebragt af l\u00e6derd\u00e6kning over f\u00f8rste og anden finger og manchet<\/li>\n<li class=\"\">Syntetiske ruskindsforst\u00e6rkninger p\u00e5 h\u00e5ndfladen og landingszoner for maksimal slidstyrke<\/li>\n<li class=\"\">Ergonomisk, avanceret sammens\u00e6tning og MotoGP-afledt TPU-skyder p\u00e5 h\u00e5ndfladen er forsynet med EVA-skum for slagydelse<\/li>\n<li class=\"\">Alpinestars&#039; robuste, men fleksible sammensatte knobeskytter giver enest\u00e5ende st\u00f8d- og slidbeskyttelse<\/li>\n<li class=\"\">Strategisk placeret st\u00f8dabsorberende EVA-skum for yderligere st\u00f8dpr\u00e6station<\/li>\n<li class=\"\">Alpinestars&#039; patenterede fingerbro forhindrer overdreven fingerrulning og adskillelse under st\u00f8d<\/li>\n<li class=\"\">Omfattende \u00e5bning af sportsknokile p\u00e5 tommelfingeren giver fleksibilitet og bev\u00e6gelsesfrihed<\/li>\n<li class=\"\">Perforeret manchet, l\u00e6dertoppanel og ventilerede fingersidev\u00e6gge for at holde h\u00e6nderne k\u00f8lige<\/li>\n<li class=\"\">L\u00e6derpolstrede lapper p\u00e5 manchetsiden for at forbedre beskyttelsen<\/li>\n<li class=\"\">Forbuet fingerkonstruktion reducerer rytterens tr\u00e6thed<\/li>\n<li class=\"\">Bred krog-og-l\u00f8kke h\u00e5ndledslukning for nem adgang og sikker fastg\u00f8relse<\/li>\n<li class=\"\">Touchscreen-kompatibelt fingerspidsomr\u00e5de p\u00e5 indeks og tommelfinger til brug med smartphones og GPS-systemer<\/li>\n<li class=\"\">EN 13594 2015, niveau 1 KP<\/li>\n<\/ul>\n<\/div>\n<\/div>","protected":false},"excerpt":{"rendered":"<ul class=\"product-features\">\n<li class=\"\">Konstrueret af et smidigt og meget holdbart fuldnarvet l\u00e6derchassis for at give kerneslidstyrke og holdbarhed<\/li>\n<li class=\"\">Ergonomisk, avanceret sammens\u00e6tning og MotoGP-afledt TPU-skyder<\/li>\n<li class=\"\">Forbuet fingerkonstruktion reducerer rytterens tr\u00e6thed<\/li>\n<li class=\"\">Touchscreen-kompatibelt fingerspidsomr\u00e5de<\/li>\n<\/ul>","protected":false},"featured_media":14963,"comment_status":"closed","ping_status":"closed","template":"","meta":{"_relevanssi_hide_post":"","_relevanssi_hide_content":"","_relevanssi_pin_for_all":"","_relevanssi_pin_keywords":"","_relevanssi_unpin_keywords":"","_relevanssi_related_keywords":"","_relevanssi_related_include_ids":"","_relevanssi_related_exclude_ids":"","_relevanssi_related_no_append":"","_relevanssi_related_not_related":"","_relevanssi_related_posts":"","_relevanssi_noindex_reason":""},"product_brand":[],"product_cat":[93,52,56],"product_tag":[],"woo-feed-brand":[],"class_list":{"0":"post-14951","1":"product","2":"type-product","3":"status-publish","4":"has-post-thumbnail","6":"product_cat-leather-gloves","7":"product_cat-gloves","8":"product_cat-mc-clothing","10":"first","11":"instock","12":"taxable","13":"shipping-taxable","14":"purchasable","15":"product-type-variable"},"_links":{"self":[{"href":"https:\/\/www.cphmc.com\/da\/wp-json\/wp\/v2\/product\/14951","targetHints":{"allow":["GET"]}}],"collection":[{"href":"https:\/\/www.cphmc.com\/da\/wp-json\/wp\/v2\/product"}],"about":[{"href":"https:\/\/www.cphmc.com\/da\/wp-json\/wp\/v2\/types\/product"}],"replies":[{"embeddable":true,"href":"https:\/\/www.cphmc.com\/da\/wp-json\/wp\/v2\/comments?post=14951"}],"wp:featuredmedia":[{"embeddable":true,"href":"https:\/\/www.cphmc.com\/da\/wp-json\/wp\/v2\/media\/14963"}],"wp:attachment":[{"href":"https:\/\/www.cphmc.com\/da\/wp-json\/wp\/v2\/media?parent=14951"}],"wp:term":[{"taxonomy":"product_brand","embeddable":true,"href":"https:\/\/www.cphmc.com\/da\/wp-json\/wp\/v2\/product_brand?post=14951"},{"taxonomy":"product_cat","embeddable":true,"href":"https:\/\/www.cphmc.com\/da\/wp-json\/wp\/v2\/product_cat?post=14951"},{"taxonomy":"product_tag","embeddable":true,"href":"https:\/\/www.cphmc.com\/da\/wp-json\/wp\/v2\/product_tag?post=14951"},{"taxonomy":"woo-feed-brand","embeddable":true,"href":"https:\/\/www.cphmc.com\/da\/wp-json\/wp\/v2\/woo-feed-brand?post=14951"}],"curies":[{"name":"wp","href":"https:\/\/api.w.org\/{rel}","templated":true}]}}