{"id":15082,"date":"2024-09-27T10:49:30","date_gmt":"2024-09-27T08:49:30","guid":{"rendered":"https:\/\/www.cphmc.com\/?post_type=product&#038;p=15082"},"modified":"2025-05-27T12:16:22","modified_gmt":"2025-05-27T10:16:22","slug":"sp-x-boa-boots-black","status":"publish","type":"product","link":"https:\/\/www.cphmc.com\/da\/mc-clothing\/boots\/sports-boots\/sp-x-boa-boots-black\/","title":{"rendered":"SP-X BOA St\u00f8vler \u2013 Sort"},"content":{"rendered":"<ul>\n<li>SP-X st\u00f8vler er en slank sportsst\u00f8vle designet til at passe under tekniske ridebukser og give overlegen gangevne<\/li>\n<li>SP-X er optimeret til sports- og turrytteren og er kompakte, mellemh\u00f8je st\u00f8vler med f\u00f8rsteklasses beskyttelsesniveauer og komfort p\u00e5 og af cyklen<\/li>\n<li>Overdelen er konstrueret af en kombination af Rideknit\u00ae materiale og strikket mesh, plus s\u00f8ml\u00f8se termosvejsede dele<\/li>\n<li>Den nederste har en TPU h\u00e6lt\u00e6ller, t\u00e5skyder og Alpinestars Transversal Protection Frame (TPF) p\u00e5 s\u00e5len, hvilket giver mulighed for h\u00f8je niveauer af beskyttelse mod st\u00f8d og enhver b\u00f8jning eller vridning<\/li>\n<li>Derudover har s\u00e5len ogs\u00e5 et helt nyt design med en asymmetrisk bagh\u00e6l for at lette rytterens naturlige skridt og fremme off-bike stabilitet<\/li>\n<li>Til beskyttelse har SP-X en integreret skinnebensst\u00f8dbeskytter, ankelskiver med dobbelt densitet, plus TPU-skiftepude og forst\u00e6rkning af t\u00e5skyderen<\/li>\n<li>For komfort giver de strikkede omr\u00e5der p\u00e5 de forreste og bagerste flexpunkter stor bev\u00e6gelsesfrihed, mens PU-mellems\u00e5len med integreret dobbeltpolstret h\u00e6lblanding og aftagelig OrthoLite\u00ae-indl\u00e6gssok giver god g\u00e5komfort<\/li>\n<li>Ind og ud er lettet af en medial lynl\u00e5s kombineret med BOA speed sn\u00f8resystem for kompakt og pr\u00e6cis lukning<\/li>\n<li>SP-X st\u00f8vler er perfekte til de sportsryttere, der leder efter d\u00e6kning og beskyttelse, men uden den komplette racerst\u00f8vle, over bukselooket<\/li>\n<\/ul>","protected":false},"excerpt":{"rendered":"<ul>\n<li>Sport og sport touring st\u00f8vler<\/li>\n<li>Ind og ud medial lynl\u00e5s med BOA speed sn\u00f8resystem for kompakt og pr\u00e6cis lukning<\/li>\n<li>SP-X st\u00f8vler er perfekte til de sportsryttere, der leder efter d\u00e6kning og beskyttelse, men uden den komplette racerst\u00f8vle, over bukselooket<\/li>\n<\/ul>","protected":false},"featured_media":15095,"comment_status":"closed","ping_status":"closed","template":"","meta":{"_relevanssi_hide_post":"","_relevanssi_hide_content":"","_relevanssi_pin_for_all":"","_relevanssi_pin_keywords":"","_relevanssi_unpin_keywords":"","_relevanssi_related_keywords":"","_relevanssi_related_include_ids":"","_relevanssi_related_exclude_ids":"","_relevanssi_related_no_append":"","_relevanssi_related_not_related":"","_relevanssi_related_posts":"","_relevanssi_noindex_reason":""},"product_brand":[],"product_cat":[263,51,56,87],"product_tag":[],"woo-feed-brand":[],"class_list":{"0":"post-15082","1":"product","2":"type-product","3":"status-publish","4":"has-post-thumbnail","6":"product_cat-sports-boots","7":"product_cat-boots","8":"product_cat-mc-clothing","9":"product_cat-touring-boots","11":"first","12":"instock","13":"sale","14":"taxable","15":"shipping-taxable","16":"purchasable","17":"product-type-variable"},"_links":{"self":[{"href":"https:\/\/www.cphmc.com\/da\/wp-json\/wp\/v2\/product\/15082","targetHints":{"allow":["GET"]}}],"collection":[{"href":"https:\/\/www.cphmc.com\/da\/wp-json\/wp\/v2\/product"}],"about":[{"href":"https:\/\/www.cphmc.com\/da\/wp-json\/wp\/v2\/types\/product"}],"replies":[{"embeddable":true,"href":"https:\/\/www.cphmc.com\/da\/wp-json\/wp\/v2\/comments?post=15082"}],"wp:featuredmedia":[{"embeddable":true,"href":"https:\/\/www.cphmc.com\/da\/wp-json\/wp\/v2\/media\/15095"}],"wp:attachment":[{"href":"https:\/\/www.cphmc.com\/da\/wp-json\/wp\/v2\/media?parent=15082"}],"wp:term":[{"taxonomy":"product_brand","embeddable":true,"href":"https:\/\/www.cphmc.com\/da\/wp-json\/wp\/v2\/product_brand?post=15082"},{"taxonomy":"product_cat","embeddable":true,"href":"https:\/\/www.cphmc.com\/da\/wp-json\/wp\/v2\/product_cat?post=15082"},{"taxonomy":"product_tag","embeddable":true,"href":"https:\/\/www.cphmc.com\/da\/wp-json\/wp\/v2\/product_tag?post=15082"},{"taxonomy":"woo-feed-brand","embeddable":true,"href":"https:\/\/www.cphmc.com\/da\/wp-json\/wp\/v2\/woo-feed-brand?post=15082"}],"curies":[{"name":"wp","href":"https:\/\/api.w.org\/{rel}","templated":true}]}}