{"id":15139,"date":"2025-03-18T11:41:51","date_gmt":"2025-03-18T10:41:51","guid":{"rendered":"https:\/\/www.cphmc.com\/?post_type=product&#038;p=15139"},"modified":"2025-03-18T11:51:59","modified_gmt":"2025-03-18T10:51:59","slug":"smx-1-air-carbon-v2-black","status":"publish","type":"product","link":"https:\/\/www.cphmc.com\/da\/mc-clothing\/gloves\/leather-gloves\/smx-1-air-carbon-v2-black\/","title":{"rendered":"SMX-1 Air Carbon v2 \u2013 Sort"},"content":{"rendered":"<ul>\n<li>Fuld premium l\u00e6der hoved- og mesh-chassiskonstruktion, plus strategiske perforeringszoner og luftnet for forbedret \u00e5ndbarhed<\/li>\n<li>Avancerede poly-blend-forst\u00e6rkninger med skumpolstring p\u00e5 tommelfinger og h\u00e5ndflade for overlegenhed<\/li>\n<li>Syntetisk ruskind og sidepolstring for yderligere forst\u00e6rkning<\/li>\n<li>Ergonomisk str\u00e6kindsats mellem tommelfinger og h\u00e5ndflade giver fleksibilitet til at forbedre h\u00e5ndbev\u00e6gelsen markant<\/li>\n<li>Integreret polstring p\u00e5 fingrene hj\u00e6lper med pasform og komfort<\/li>\n<li>H\u00e5rd polymer kno beskyttelsessystem for overlegen slag- og slidstyrke&#039;<\/li>\n<li>Tommel- og h\u00e5ndfladeforst\u00e6rkning for et overlegent greb lavet af avanceret polyblanding<\/li>\n<li>Str\u00e6kzone p\u00e5 fingre og bagh\u00e5nd for komfort og forbedret r\u00e6kkevidde af h\u00e5ndbev\u00e6gelser<\/li>\n<li>Handsker EN 13594:2015 Niveau 1<\/li>\n<\/ul>","protected":false},"excerpt":{"rendered":"<ul class=\"product-features\">\n<li>Fuld premium l\u00e6der hoved- og mesh-chassiskonstruktion<\/li>\n<li>Poly-blend forst\u00e6rkninger p\u00e5 tommelfinger og h\u00e5ndflade<\/li>\n<li>Syntetisk ruskind og sidepolstring for yderligere forst\u00e6rkning<\/li>\n<li>H\u00e5rd polymer kno beskyttelsessystem<\/li>\n<li>Handsker EN 13594:2015 Niveau 1<\/li>\n<\/ul>","protected":false},"featured_media":15146,"comment_status":"closed","ping_status":"closed","template":"","meta":{"_relevanssi_hide_post":"","_relevanssi_hide_content":"","_relevanssi_pin_for_all":"","_relevanssi_pin_keywords":"","_relevanssi_unpin_keywords":"","_relevanssi_related_keywords":"","_relevanssi_related_include_ids":"","_relevanssi_related_exclude_ids":"","_relevanssi_related_no_append":"","_relevanssi_related_not_related":"","_relevanssi_related_posts":"","_relevanssi_noindex_reason":""},"product_brand":[],"product_cat":[93,52,56,92],"product_tag":[],"woo-feed-brand":[],"class_list":{"0":"post-15139","1":"product","2":"type-product","3":"status-publish","4":"has-post-thumbnail","6":"product_cat-leather-gloves","7":"product_cat-gloves","8":"product_cat-mc-clothing","9":"product_cat-short-gloves","11":"first","12":"instock","13":"taxable","14":"shipping-taxable","15":"purchasable","16":"product-type-variable"},"_links":{"self":[{"href":"https:\/\/www.cphmc.com\/da\/wp-json\/wp\/v2\/product\/15139","targetHints":{"allow":["GET"]}}],"collection":[{"href":"https:\/\/www.cphmc.com\/da\/wp-json\/wp\/v2\/product"}],"about":[{"href":"https:\/\/www.cphmc.com\/da\/wp-json\/wp\/v2\/types\/product"}],"replies":[{"embeddable":true,"href":"https:\/\/www.cphmc.com\/da\/wp-json\/wp\/v2\/comments?post=15139"}],"wp:featuredmedia":[{"embeddable":true,"href":"https:\/\/www.cphmc.com\/da\/wp-json\/wp\/v2\/media\/15146"}],"wp:attachment":[{"href":"https:\/\/www.cphmc.com\/da\/wp-json\/wp\/v2\/media?parent=15139"}],"wp:term":[{"taxonomy":"product_brand","embeddable":true,"href":"https:\/\/www.cphmc.com\/da\/wp-json\/wp\/v2\/product_brand?post=15139"},{"taxonomy":"product_cat","embeddable":true,"href":"https:\/\/www.cphmc.com\/da\/wp-json\/wp\/v2\/product_cat?post=15139"},{"taxonomy":"product_tag","embeddable":true,"href":"https:\/\/www.cphmc.com\/da\/wp-json\/wp\/v2\/product_tag?post=15139"},{"taxonomy":"woo-feed-brand","embeddable":true,"href":"https:\/\/www.cphmc.com\/da\/wp-json\/wp\/v2\/woo-feed-brand?post=15139"}],"curies":[{"name":"wp","href":"https:\/\/api.w.org\/{rel}","templated":true}]}}