{"id":15168,"date":"2025-03-18T11:57:28","date_gmt":"2025-03-18T10:57:28","guid":{"rendered":"https:\/\/www.cphmc.com\/?post_type=product&#038;p=15168"},"modified":"2025-03-18T12:03:01","modified_gmt":"2025-03-18T11:03:01","slug":"smx-2-air-carbon-v2-black","status":"publish","type":"product","link":"https:\/\/www.cphmc.com\/da\/mc-clothing\/gloves\/leather-gloves\/smx-2-air-carbon-v2-black\/","title":{"rendered":"SMX-2 Air Carbon v2 \u2013 Sort"},"content":{"rendered":"<ul>\n<li>Holdbar hovedskal med flere paneler med fuldnarvet l\u00e6der og 3D-mesh<\/li>\n<li>En innovativ mikrofiber og polyurethan (PU) greb indsats strategisk placeret p\u00e5 h\u00e5ndflade og tommelfinger<\/li>\n<li>Alpinestars eksklusive ergonomiske str\u00e6kindl\u00e6g mellem h\u00e5ndflade og tommelfinger<\/li>\n<li>Inkorporerer ny f\u00f8rsteklasses ruskindsh\u00e5ndflade og landingsforst\u00e6rkning<\/li>\n<li>Ergonomisk formet Alpinestars innovative knobeskytter i carbon, som er forst\u00e6rket p\u00e5 indersiden for ekstra beskyttelse<\/li>\n<li>Fingertoppe og bagh\u00e5nd inkorporerer polymesh, termoplastisk gummi (TPR) indl\u00e6g<\/li>\n<li>Guard er forst\u00e6rket p\u00e5 indersiden med tykt EVA-skum for forbedrede niveauer af pasform, komfort og st\u00f8dabsorbering<\/li>\n<li>Slagabsorberende ethylen-vinylacetat (EVA) skumpaneler p\u00e5 tommelfingeren<\/li>\n<li>3D mesh-finger- og tommelfingeroverflader til k\u00f8leydelse<\/li>\n<li>Forbuet fingerkonstruktion for at reducere k\u00f8retr\u00e6thed<\/li>\n<li>Neopren h\u00e5ndledsmanchet plus krog og l\u00f8kke og TPR lukning<\/li>\n<li>Str\u00e6k fingersidev\u00e6ggene for forbedret fleksibilitet og komfort<\/li>\n<li>Touchscreen-kompatibel pegefingerspids og tommelfinger<\/li>\n<li>Handsker EN 13594:2015<\/li>\n<\/ul>","protected":false},"excerpt":{"rendered":"<ul class=\"product-features\">\n<li>Holdbart fuldnarvet l\u00e6der og 3D mesh<\/li>\n<li>Et innovativt mikrofiber og polyurethan (PU) greb<\/li>\n<li>Alpinestars innovative knobeskytter i carbon<\/li>\n<li>Touchscreen-kompatibel pegefingerspids og tommelfinger<\/li>\n<\/ul>","protected":false},"featured_media":15175,"comment_status":"closed","ping_status":"closed","template":"","meta":{"_relevanssi_hide_post":"","_relevanssi_hide_content":"","_relevanssi_pin_for_all":"","_relevanssi_pin_keywords":"","_relevanssi_unpin_keywords":"","_relevanssi_related_keywords":"","_relevanssi_related_include_ids":"","_relevanssi_related_exclude_ids":"","_relevanssi_related_no_append":"","_relevanssi_related_not_related":"","_relevanssi_related_posts":"","_relevanssi_noindex_reason":""},"product_brand":[],"product_cat":[93,52,56,92],"product_tag":[],"woo-feed-brand":[],"class_list":{"0":"post-15168","1":"product","2":"type-product","3":"status-publish","4":"has-post-thumbnail","6":"product_cat-leather-gloves","7":"product_cat-gloves","8":"product_cat-mc-clothing","9":"product_cat-short-gloves","11":"first","12":"instock","13":"taxable","14":"shipping-taxable","15":"purchasable","16":"product-type-variable"},"_links":{"self":[{"href":"https:\/\/www.cphmc.com\/da\/wp-json\/wp\/v2\/product\/15168","targetHints":{"allow":["GET"]}}],"collection":[{"href":"https:\/\/www.cphmc.com\/da\/wp-json\/wp\/v2\/product"}],"about":[{"href":"https:\/\/www.cphmc.com\/da\/wp-json\/wp\/v2\/types\/product"}],"replies":[{"embeddable":true,"href":"https:\/\/www.cphmc.com\/da\/wp-json\/wp\/v2\/comments?post=15168"}],"wp:featuredmedia":[{"embeddable":true,"href":"https:\/\/www.cphmc.com\/da\/wp-json\/wp\/v2\/media\/15175"}],"wp:attachment":[{"href":"https:\/\/www.cphmc.com\/da\/wp-json\/wp\/v2\/media?parent=15168"}],"wp:term":[{"taxonomy":"product_brand","embeddable":true,"href":"https:\/\/www.cphmc.com\/da\/wp-json\/wp\/v2\/product_brand?post=15168"},{"taxonomy":"product_cat","embeddable":true,"href":"https:\/\/www.cphmc.com\/da\/wp-json\/wp\/v2\/product_cat?post=15168"},{"taxonomy":"product_tag","embeddable":true,"href":"https:\/\/www.cphmc.com\/da\/wp-json\/wp\/v2\/product_tag?post=15168"},{"taxonomy":"woo-feed-brand","embeddable":true,"href":"https:\/\/www.cphmc.com\/da\/wp-json\/wp\/v2\/woo-feed-brand?post=15168"}],"curies":[{"name":"wp","href":"https:\/\/api.w.org\/{rel}","templated":true}]}}