{"id":15245,"date":"2025-08-19T09:09:05","date_gmt":"2025-08-19T07:09:05","guid":{"rendered":"https:\/\/www.cphmc.com\/?post_type=product&#038;p=15245"},"modified":"2025-08-19T09:15:50","modified_gmt":"2025-08-19T07:15:50","slug":"tcx-x-five-5-gtx-black","status":"publish","type":"product","link":"https:\/\/www.cphmc.com\/da\/mc-clothing\/boots\/touring-boots\/tcx-x-five-5-gtx-black\/","title":{"rendered":"TCX X-Five.5 GTX \u2013 Sort"},"content":{"rendered":"<p>TCX X-Five.5 GTX er indbegrebet af k\u00f8reoplevelse og komfort uden kompromis. Denne st\u00f8vle er designet til motorcykelk\u00f8rere, der kr\u00e6ver det bedste inden for beskyttelse, funktionalitet og ydeevne p\u00e5 vejen, og er et godt valg for alle fans af motorcykeltouring. Denne st\u00f8vle sikrer permanent t\u00f8rre f\u00f8dder takket v\u00e6re Gore-Tex-membranen. Den enkle pasform tilpasser sig enhver anatomi og sikrer ekstrem komfort b\u00e5de i sadlen og under gang, mens den nye Groundtrax tourings\u00e5l giver stabilitet, greb og optimalt greb p\u00e5 fodst\u00f8tterne. Overlegen sikkerhed sikres ogs\u00e5 takket v\u00e6re termoformet skinnebensbeskytter og PU-skiftebeskyttelse.<\/p>\n<ul>\n<li>Vandt\u00e6t Gore-Tex membran<\/li>\n<li>PU-skiftbeskytter<\/li>\n<li>Groundtrax gummiyders\u00e5l til touring, let terr\u00e6n og vandreture<\/li>\n<li>Ortholite-fodseng med langvarig st\u00f8dd\u00e6mpning og h\u00f8j \u00e5ndbarhed<\/li>\n<li>Reflekterende indsatser for h\u00f8j synlighed<\/li>\n<li>Forst\u00e6rket ankel-, t\u00e5- og h\u00e6lkappe<\/li>\n<li>Beskyttelsesfodt\u00f8j til motorcyklister (EN 13634)<\/li>\n<\/ul>","protected":false},"excerpt":{"rendered":"<p>X-Five 5 er indbegrebet af k\u00f8reoplevelse og komfort uden kompromis. Denne st\u00f8vle er designet til motorcykelk\u00f8rere, der kr\u00e6ver det bedste inden for beskyttelse, funktionalitet og ydeevne p\u00e5 vejen, og er et godt valg for alle fans af motorcykeltouring.<\/p>\n<ul>\n<li>Vandt\u00e6t Gore-Tex membran<\/li>\n<li>Groundtrax gummiyders\u00e5l til touring, let terr\u00e6n og vandreture<\/li>\n<li>Ortholite-fodseng med langvarig st\u00f8dd\u00e6mpning og h\u00f8j \u00e5ndbarhed<\/li>\n<\/ul>","protected":false},"featured_media":15257,"comment_status":"closed","ping_status":"closed","template":"","meta":{"_relevanssi_hide_post":"","_relevanssi_hide_content":"","_relevanssi_pin_for_all":"","_relevanssi_pin_keywords":"","_relevanssi_unpin_keywords":"","_relevanssi_related_keywords":"","_relevanssi_related_include_ids":"","_relevanssi_related_exclude_ids":"","_relevanssi_related_no_append":"","_relevanssi_related_not_related":"","_relevanssi_related_posts":"","_relevanssi_noindex_reason":""},"product_brand":[],"product_cat":[87,51,56],"product_tag":[],"woo-feed-brand":[],"class_list":{"0":"post-15245","1":"product","2":"type-product","3":"status-publish","4":"has-post-thumbnail","6":"product_cat-touring-boots","7":"product_cat-boots","8":"product_cat-mc-clothing","10":"first","11":"instock","12":"taxable","13":"shipping-taxable","14":"purchasable","15":"product-type-variable"},"_links":{"self":[{"href":"https:\/\/www.cphmc.com\/da\/wp-json\/wp\/v2\/product\/15245","targetHints":{"allow":["GET"]}}],"collection":[{"href":"https:\/\/www.cphmc.com\/da\/wp-json\/wp\/v2\/product"}],"about":[{"href":"https:\/\/www.cphmc.com\/da\/wp-json\/wp\/v2\/types\/product"}],"replies":[{"embeddable":true,"href":"https:\/\/www.cphmc.com\/da\/wp-json\/wp\/v2\/comments?post=15245"}],"wp:featuredmedia":[{"embeddable":true,"href":"https:\/\/www.cphmc.com\/da\/wp-json\/wp\/v2\/media\/15257"}],"wp:attachment":[{"href":"https:\/\/www.cphmc.com\/da\/wp-json\/wp\/v2\/media?parent=15245"}],"wp:term":[{"taxonomy":"product_brand","embeddable":true,"href":"https:\/\/www.cphmc.com\/da\/wp-json\/wp\/v2\/product_brand?post=15245"},{"taxonomy":"product_cat","embeddable":true,"href":"https:\/\/www.cphmc.com\/da\/wp-json\/wp\/v2\/product_cat?post=15245"},{"taxonomy":"product_tag","embeddable":true,"href":"https:\/\/www.cphmc.com\/da\/wp-json\/wp\/v2\/product_tag?post=15245"},{"taxonomy":"woo-feed-brand","embeddable":true,"href":"https:\/\/www.cphmc.com\/da\/wp-json\/wp\/v2\/woo-feed-brand?post=15245"}],"curies":[{"name":"wp","href":"https:\/\/api.w.org\/{rel}","templated":true}]}}