{"id":15381,"date":"2026-01-21T11:49:16","date_gmt":"2026-01-21T10:49:16","guid":{"rendered":"https:\/\/www.cphmc.com\/?post_type=product&#038;p=15381"},"modified":"2026-01-21T11:53:28","modified_gmt":"2026-01-21T10:53:28","slug":"alpinestars-smx-6-v3-black-red-silver","status":"publish","type":"product","link":"https:\/\/www.cphmc.com\/da\/mc-clothing\/boots\/sports-boots\/alpinestars-smx-6-v3-black-red-silver\/","title":{"rendered":"Alpinestars SMX-6 V3 \u2013 Sort\/R\u00f8d\/S\u00f8lv"},"content":{"rendered":"<ul class=\"product-features\">\n<li class=\"\">SMX-6 V3 er fyldt med en r\u00e6kke innovative sikkerheds- og beskyttelsesfunktioner og er den ultimative allrounder til bane- og performancek\u00f8rsel. Den inkorporerer teknologi og materialer, der er afledt af l\u00f8b, for at give k\u00f8rerne en afg\u00f8rende pr\u00e6stationsfordel p\u00e5 banen og gaden.<\/li>\n<li class=\"\">Avanceret mikrofiberoverdel for letv\u00e6gts, h\u00f8jtydende beskyttelse mod slid og fremragende fleksibilitet<\/li>\n<li class=\"\">Forreste fleksionszoner og bageste fleksionszoner er konstrueret med tekstil overinjiceret med bl\u00f8d termoplastisk polyurethan (TPU) for forbedret st\u00f8dabsorbering, samtidig med at det fremmer en naturlig bev\u00e6gelse fremad og bagud.<\/li>\n<li class=\"\">Alpinestars unikke ankelst\u00f8ttesystem giver biomekanisk st\u00f8tte og beskyttelse mellem den laterale \u00f8verste l\u00e6g, skinnebenet og anklen for overlegen ankelartikulation, samtidig med at det begr\u00e6nser hypertorsion, hyperekstension og hyperfleksion, samt giver beskyttelse mod st\u00f8d fra akillessenen og anklen.<\/li>\n<li class=\"\">Alpinestars Lace-Lock System er konstrueret af en avanceret polymerharpiks for en garanteret hurtig, pr\u00e6cis og sikker lukning<\/li>\n<li class=\"\">Udstyret med en TPU-skifterzone for overlegen beskyttelse p\u00e5 den nedre mediale side<\/li>\n<li class=\"\">Strategisk placeret, racerbaseret TPU-skinnebensbeskytter giver overlegen modstandsdygtighed over for st\u00f8d og slid<\/li>\n<li class=\"\">Dual density TPU-ankelbeskyttere er strategisk placeret mellem overdelen og det polstrede for for at give strategisk beskyttelse p\u00e5 vigtige omr\u00e5der<\/li>\n<li class=\"\">Udskiftelig TPU-t\u00e5slider med dobbelt densitet og skrubar montering giver omfattende beskyttende d\u00e6kning omkring det ydre t\u00e5omr\u00e5de, samtidig med at den stadig er yderst fleksibel for gangkomfort.<\/li>\n<li class=\"\">Udskiftelig h\u00e6lskyder og udvendig sideh\u00e6lskyder er strategisk placeret for optimal st\u00f8dafledning og -absorbering, samtidig med at de fremmer glidning i tilf\u00e6lde af en ulykke<\/li>\n<\/ul>\n<p><span class=\"material-composition\">Materialesammens\u00e6tning<\/span><\/p>\n<ul class=\"product-features\">\n<li class=\"\">37% TPU, 35% mikrofiber, 11% polyester, 8% polyurethan, 8% TPR og 1% elastik. Inderside\/for: 82% polyester og 18% syntetisk materiale<\/li>\n<\/ul>","protected":false},"excerpt":{"rendered":"<p>SMX-6 V3 er fyldt med en r\u00e6kke innovative sikkerheds- og beskyttelsesfunktioner og er den ultimative allrounder til bane- og performancek\u00f8rsel. Den inkorporerer teknologi og materialer, der er afledt af l\u00f8b, for at give k\u00f8rerne en afg\u00f8rende pr\u00e6stationsfordel p\u00e5 banen og gaderne.<\/p>\n<ul class=\"product-features\">\n<li class=\"\">Afg\u00f8rende pr\u00e6stationsfordel p\u00e5 banen og gaderne<\/li>\n<li class=\"\">Overdel i mikrofiber<\/li>\n<li class=\"\">Forreste fleksionszoner og bageste fleksionszoner konstrueret af termoplastisk polyurethan (TPU)<\/li>\n<li class=\"\">Ankelst\u00f8ttebeskyttelse<\/li>\n<li class=\"\">37% TPU, 35% mikrofiber, 11% polyester, 8% polyurethan, 8% TPR og 1% elastik.<\/li>\n<\/ul>","protected":false},"featured_media":15397,"comment_status":"closed","ping_status":"closed","template":"","meta":{"_relevanssi_hide_post":"","_relevanssi_hide_content":"","_relevanssi_pin_for_all":"","_relevanssi_pin_keywords":"","_relevanssi_unpin_keywords":"","_relevanssi_related_keywords":"","_relevanssi_related_include_ids":"","_relevanssi_related_exclude_ids":"","_relevanssi_related_no_append":"","_relevanssi_related_not_related":"","_relevanssi_related_posts":"","_relevanssi_noindex_reason":""},"product_brand":[],"product_cat":[263,51],"product_tag":[],"woo-feed-brand":[],"class_list":{"0":"post-15381","1":"product","2":"type-product","3":"status-publish","4":"has-post-thumbnail","6":"product_cat-sports-boots","7":"product_cat-boots","9":"first","10":"instock","11":"taxable","12":"shipping-taxable","13":"purchasable","14":"product-type-variable"},"_links":{"self":[{"href":"https:\/\/www.cphmc.com\/da\/wp-json\/wp\/v2\/product\/15381","targetHints":{"allow":["GET"]}}],"collection":[{"href":"https:\/\/www.cphmc.com\/da\/wp-json\/wp\/v2\/product"}],"about":[{"href":"https:\/\/www.cphmc.com\/da\/wp-json\/wp\/v2\/types\/product"}],"replies":[{"embeddable":true,"href":"https:\/\/www.cphmc.com\/da\/wp-json\/wp\/v2\/comments?post=15381"}],"wp:featuredmedia":[{"embeddable":true,"href":"https:\/\/www.cphmc.com\/da\/wp-json\/wp\/v2\/media\/15397"}],"wp:attachment":[{"href":"https:\/\/www.cphmc.com\/da\/wp-json\/wp\/v2\/media?parent=15381"}],"wp:term":[{"taxonomy":"product_brand","embeddable":true,"href":"https:\/\/www.cphmc.com\/da\/wp-json\/wp\/v2\/product_brand?post=15381"},{"taxonomy":"product_cat","embeddable":true,"href":"https:\/\/www.cphmc.com\/da\/wp-json\/wp\/v2\/product_cat?post=15381"},{"taxonomy":"product_tag","embeddable":true,"href":"https:\/\/www.cphmc.com\/da\/wp-json\/wp\/v2\/product_tag?post=15381"},{"taxonomy":"woo-feed-brand","embeddable":true,"href":"https:\/\/www.cphmc.com\/da\/wp-json\/wp\/v2\/woo-feed-brand?post=15381"}],"curies":[{"name":"wp","href":"https:\/\/api.w.org\/{rel}","templated":true}]}}