{"id":15575,"date":"2026-03-12T14:26:41","date_gmt":"2026-03-12T13:26:41","guid":{"rendered":"https:\/\/www.cphmc.com\/?post_type=product&#038;p=15575"},"modified":"2026-03-17T12:16:38","modified_gmt":"2026-03-17T11:16:38","slug":"airflite-gp23","status":"publish","type":"product","link":"https:\/\/www.cphmc.com\/da\/mc-clothing\/helmets\/full-face-helmets\/airflite-gp23\/","title":{"rendered":"Airflite GP23"},"content":{"rendered":"<ul>\n<li>Hurtig skift t\u00e5gefri Fliteshield\u2122 med sideplader<\/li>\n<li>Spr\u00f8jtest\u00f8bt polycarbonat skal for styrke<\/li>\n<li>Flere overdimensionerede indsugnings- og udst\u00f8dningsporte<\/li>\n<li>Fog-Free Dropshield\u2122 med udvendig kontakt<\/li>\n<li>Aftagelig st\u00f8bt \u00e5ndedeflektor og hagegardin<\/li>\n<li>Fors\u00e6nket dobbeltkanals supervent k\u00f8lesystem<\/li>\n<li>Indvendige h\u00f8jttalerlommer fungerer sammen med ICONs RAU Bluetooth-enhed<\/li>\n<li>Dropshield\u2122-visiret m\u00e5 kun bruges, mens hovedansigtssk\u00e6rmen er i helt lukket position<\/li>\n<li>Aftagelig Hydradry\u2122 fugttransporterende foring<\/li>\n<li>Inkluderer Clear Fliteshield\u2122 og Dark Smoke Forceshield\u2122<\/li>\n<li>Inkluderer Dark Smoke Dropshield\u2122<\/li>\n<\/ul>","protected":false},"excerpt":{"rendered":"<p>ICON Airflite-serien med ECE 22.06-certificering giver dig mulighed for at k\u00f8re p\u00e5 gaderne med selvtillid og et h\u00f8jere sikkerhedsniveau med en motorcykelhjelm, der beskytter dit hoved.<br \/>\n<strong>BEM\u00c6RK: Bestil en st\u00f8rrelse st\u00f8rre end normalt.<\/strong><\/p>\n<ul>\n<li>Spr\u00f8jtest\u00f8bt polycarbonat skal for styrke<\/li>\n<li>Flere overdimensionerede indsugnings- og udst\u00f8dningsporte<\/li>\n<li>Fog-Free Dropshield\u2122 med udvendig kontakt<\/li>\n<li>Aftagelig st\u00f8bt \u00e5ndedeflektor og hagegardin<\/li>\n<li>ECE 22.06-certificeret<\/li>\n<\/ul>","protected":false},"featured_media":15587,"comment_status":"closed","ping_status":"closed","template":"","meta":{"_relevanssi_hide_post":"","_relevanssi_hide_content":"","_relevanssi_pin_for_all":"","_relevanssi_pin_keywords":"","_relevanssi_unpin_keywords":"","_relevanssi_related_keywords":"","_relevanssi_related_include_ids":"","_relevanssi_related_exclude_ids":"","_relevanssi_related_no_append":"","_relevanssi_related_not_related":"","_relevanssi_related_posts":"","_relevanssi_noindex_reason":""},"product_brand":[],"product_cat":[81,50,56,15,83],"product_tag":[],"woo-feed-brand":[],"class_list":{"0":"post-15575","1":"product","2":"type-product","3":"status-publish","4":"has-post-thumbnail","6":"product_cat-full-face-helmets","7":"product_cat-helmets","8":"product_cat-mc-clothing","9":"product_cat-news","10":"product_cat-sports-helmets","12":"first","13":"instock","14":"taxable","15":"shipping-taxable","16":"purchasable","17":"product-type-variable"},"_links":{"self":[{"href":"https:\/\/www.cphmc.com\/da\/wp-json\/wp\/v2\/product\/15575","targetHints":{"allow":["GET"]}}],"collection":[{"href":"https:\/\/www.cphmc.com\/da\/wp-json\/wp\/v2\/product"}],"about":[{"href":"https:\/\/www.cphmc.com\/da\/wp-json\/wp\/v2\/types\/product"}],"replies":[{"embeddable":true,"href":"https:\/\/www.cphmc.com\/da\/wp-json\/wp\/v2\/comments?post=15575"}],"wp:featuredmedia":[{"embeddable":true,"href":"https:\/\/www.cphmc.com\/da\/wp-json\/wp\/v2\/media\/15587"}],"wp:attachment":[{"href":"https:\/\/www.cphmc.com\/da\/wp-json\/wp\/v2\/media?parent=15575"}],"wp:term":[{"taxonomy":"product_brand","embeddable":true,"href":"https:\/\/www.cphmc.com\/da\/wp-json\/wp\/v2\/product_brand?post=15575"},{"taxonomy":"product_cat","embeddable":true,"href":"https:\/\/www.cphmc.com\/da\/wp-json\/wp\/v2\/product_cat?post=15575"},{"taxonomy":"product_tag","embeddable":true,"href":"https:\/\/www.cphmc.com\/da\/wp-json\/wp\/v2\/product_tag?post=15575"},{"taxonomy":"woo-feed-brand","embeddable":true,"href":"https:\/\/www.cphmc.com\/da\/wp-json\/wp\/v2\/woo-feed-brand?post=15575"}],"curies":[{"name":"wp","href":"https:\/\/api.w.org\/{rel}","templated":true}]}}