{"id":15863,"date":"2026-03-18T10:03:53","date_gmt":"2026-03-18T09:03:53","guid":{"rendered":"https:\/\/www.cphmc.com\/?post_type=product&#038;p=15863"},"modified":"2026-03-26T16:47:33","modified_gmt":"2026-03-26T15:47:33","slug":"domain-nouveau-silver","status":"publish","type":"product","link":"https:\/\/www.cphmc.com\/da\/mc-clothing\/helmets\/full-face-helmets\/domain-nouveau-silver\/","title":{"rendered":"Domain Nouveau \u2013 S\u00f8lv"},"content":{"rendered":"<ul>\n<li>Skulpteret halsrulle<\/li>\n<li>Kontinuerligt udluftningssystem<\/li>\n<li>H\u00e5ndlavet FRP-skal for optimal styrke med minimeret v\u00e6gt<\/li>\n<li>Aftagelig st\u00f8bt \u00e5ndedeflektor<\/li>\n<li>Dugfri Domain\u2122-skjold med Rapid-Release\u2122-system<\/li>\n<li>Intern luftstr\u00f8msgeometri<\/li>\n<li>Aftagelig Hydradry\u2122 3-delt fugttransporterende foring<\/li>\n<li>Aftageligt hageforh\u00e6ng<\/li>\n<li>Kan opgraderes til HelmLink\u2122 Bluetooth\u00ae-kommunikationssystem (s\u00e6lges separat)<\/li>\n<li>Inkluderer Clear &amp; Dark Smoke Domain\u2122-skjolde.<\/li>\n<\/ul>","protected":false},"excerpt":{"rendered":"<p>Domain-serien fra ICON er en let, h\u00e5ndlavet motorcykelhjelm i FRP-skal. Den forvr\u00e6ngningfri DarkSmoke Domain Shield giver dig et klart udsyn, mens du k\u00f8rer. Kom bare ind.<\/p>\n<ul>\n<li>Skulpteret halsrulle<\/li>\n<li>Kontinuerligt udluftningssystem<\/li>\n<li>H\u00e5ndlavet FRP-skal for optimal styrke med minimeret v\u00e6gt<\/li>\n<li>Aftagelig st\u00f8bt \u00e5ndedeflektor<\/li>\n<li>Dugfri Domain\u2122-skjold med Rapid-Release\u2122-system<\/li>\n<\/ul>","protected":false},"featured_media":15872,"comment_status":"closed","ping_status":"closed","template":"","meta":{"_relevanssi_hide_post":"","_relevanssi_hide_content":"","_relevanssi_pin_for_all":"","_relevanssi_pin_keywords":"","_relevanssi_unpin_keywords":"","_relevanssi_related_keywords":"","_relevanssi_related_include_ids":"","_relevanssi_related_exclude_ids":"","_relevanssi_related_no_append":"","_relevanssi_related_not_related":"","_relevanssi_related_posts":"","_relevanssi_noindex_reason":""},"product_brand":[],"product_cat":[81,50,56,15,83],"product_tag":[],"woo-feed-brand":[],"class_list":{"0":"post-15863","1":"product","2":"type-product","3":"status-publish","4":"has-post-thumbnail","6":"product_cat-full-face-helmets","7":"product_cat-helmets","8":"product_cat-mc-clothing","9":"product_cat-news","10":"product_cat-sports-helmets","12":"first","13":"instock","14":"taxable","15":"shipping-taxable","16":"purchasable","17":"product-type-variable"},"_links":{"self":[{"href":"https:\/\/www.cphmc.com\/da\/wp-json\/wp\/v2\/product\/15863","targetHints":{"allow":["GET"]}}],"collection":[{"href":"https:\/\/www.cphmc.com\/da\/wp-json\/wp\/v2\/product"}],"about":[{"href":"https:\/\/www.cphmc.com\/da\/wp-json\/wp\/v2\/types\/product"}],"replies":[{"embeddable":true,"href":"https:\/\/www.cphmc.com\/da\/wp-json\/wp\/v2\/comments?post=15863"}],"wp:featuredmedia":[{"embeddable":true,"href":"https:\/\/www.cphmc.com\/da\/wp-json\/wp\/v2\/media\/15872"}],"wp:attachment":[{"href":"https:\/\/www.cphmc.com\/da\/wp-json\/wp\/v2\/media?parent=15863"}],"wp:term":[{"taxonomy":"product_brand","embeddable":true,"href":"https:\/\/www.cphmc.com\/da\/wp-json\/wp\/v2\/product_brand?post=15863"},{"taxonomy":"product_cat","embeddable":true,"href":"https:\/\/www.cphmc.com\/da\/wp-json\/wp\/v2\/product_cat?post=15863"},{"taxonomy":"product_tag","embeddable":true,"href":"https:\/\/www.cphmc.com\/da\/wp-json\/wp\/v2\/product_tag?post=15863"},{"taxonomy":"woo-feed-brand","embeddable":true,"href":"https:\/\/www.cphmc.com\/da\/wp-json\/wp\/v2\/woo-feed-brand?post=15863"}],"curies":[{"name":"wp","href":"https:\/\/api.w.org\/{rel}","templated":true}]}}