{"id":16019,"date":"2026-03-19T12:59:25","date_gmt":"2026-03-19T11:59:25","guid":{"rendered":"https:\/\/www.cphmc.com\/?post_type=product&#038;p=16019"},"modified":"2026-03-26T17:01:51","modified_gmt":"2026-03-26T16:01:51","slug":"airform-counterstrike-red-mips","status":"publish","type":"product","link":"https:\/\/www.cphmc.com\/da\/mc-clothing\/helmets\/full-face-helmets\/airform-counterstrike-red-mips\/","title":{"rendered":"Airform Counterstrike Red MIPS"},"content":{"rendered":"<ul>\n<li>Spr\u00f8jtest\u00f8bt polycarbonat skal for styrke<\/li>\n<li>Intern luftstr\u00f8msgeometri<\/li>\n<li>Kontinuerligt udluftningssystem<\/li>\n<li>Skulpteret halsrulle<\/li>\n<li>Dugfri Icon Optics\u2122-sk\u00e6rm med Rapid-Release\u2122-system<\/li>\n<li>Prolock\u2122 positivt skjoldl\u00e5sesystem<\/li>\n<li>Intern Dropshield\u2122 med udvendig kontakt<\/li>\n<li>Dropshield\u2122-visiret m\u00e5 kun bruges, mens hovedansigtssk\u00e6rmen er i helt lukket position<\/li>\n<li>Aftagelig st\u00f8bt \u00e5ndedeflektor<\/li>\n<li>Aftagelig Hydradry\u2122 3-delt fugttransporterende foring<\/li>\n<li>Indvendige h\u00f8jttalerlommer fungerer sammen med Icons RAU Bluetooth-enhed<\/li>\n<li>Inkluderer m\u00f8rk r\u00f8gdr\u00e5besk\u00e6rm<\/li>\n<li>Inkluderer klar og RST Purple Optics Shield\u2122<\/li>\n<\/ul>","protected":false},"excerpt":{"rendered":"<p>Airform er en del af ICONs grafiske serie af motorcykelhjelme. De er ogs\u00e5 udstyret med MIPS for yderligere at forbedre beskyttelsen.<\/p>\n<ul>\n<li>Spr\u00f8jtest\u00f8bt polycarbonat skal for styrke<\/li>\n<li>Intern luftstr\u00f8msgeometri<\/li>\n<li>Kontinuerligt udluftningssystem<\/li>\n<li>Dugfri Icon Optics\u2122-sk\u00e6rm med Rapid-Release\u2122-system<\/li>\n<\/ul>","protected":false},"featured_media":16027,"comment_status":"closed","ping_status":"closed","template":"","meta":{"_relevanssi_hide_post":"","_relevanssi_hide_content":"","_relevanssi_pin_for_all":"","_relevanssi_pin_keywords":"","_relevanssi_unpin_keywords":"","_relevanssi_related_keywords":"","_relevanssi_related_include_ids":"","_relevanssi_related_exclude_ids":"","_relevanssi_related_no_append":"","_relevanssi_related_not_related":"","_relevanssi_related_posts":"","_relevanssi_noindex_reason":""},"product_brand":[],"product_cat":[81,50,56,15,83],"product_tag":[235],"woo-feed-brand":[],"class_list":{"0":"post-16019","1":"product","2":"type-product","3":"status-publish","4":"has-post-thumbnail","6":"product_cat-full-face-helmets","7":"product_cat-helmets","8":"product_cat-mc-clothing","9":"product_cat-news","10":"product_cat-sports-helmets","11":"product_tag-mips","13":"first","14":"instock","15":"taxable","16":"shipping-taxable","17":"purchasable","18":"product-type-variable"},"_links":{"self":[{"href":"https:\/\/www.cphmc.com\/da\/wp-json\/wp\/v2\/product\/16019","targetHints":{"allow":["GET"]}}],"collection":[{"href":"https:\/\/www.cphmc.com\/da\/wp-json\/wp\/v2\/product"}],"about":[{"href":"https:\/\/www.cphmc.com\/da\/wp-json\/wp\/v2\/types\/product"}],"replies":[{"embeddable":true,"href":"https:\/\/www.cphmc.com\/da\/wp-json\/wp\/v2\/comments?post=16019"}],"wp:featuredmedia":[{"embeddable":true,"href":"https:\/\/www.cphmc.com\/da\/wp-json\/wp\/v2\/media\/16027"}],"wp:attachment":[{"href":"https:\/\/www.cphmc.com\/da\/wp-json\/wp\/v2\/media?parent=16019"}],"wp:term":[{"taxonomy":"product_brand","embeddable":true,"href":"https:\/\/www.cphmc.com\/da\/wp-json\/wp\/v2\/product_brand?post=16019"},{"taxonomy":"product_cat","embeddable":true,"href":"https:\/\/www.cphmc.com\/da\/wp-json\/wp\/v2\/product_cat?post=16019"},{"taxonomy":"product_tag","embeddable":true,"href":"https:\/\/www.cphmc.com\/da\/wp-json\/wp\/v2\/product_tag?post=16019"},{"taxonomy":"woo-feed-brand","embeddable":true,"href":"https:\/\/www.cphmc.com\/da\/wp-json\/wp\/v2\/woo-feed-brand?post=16019"}],"curies":[{"name":"wp","href":"https:\/\/api.w.org\/{rel}","templated":true}]}}