{"id":16406,"date":"2026-04-30T14:05:47","date_gmt":"2026-04-30T12:05:47","guid":{"rendered":"https:\/\/www.cphmc.com\/?post_type=product&#038;p=16406"},"modified":"2026-04-30T14:19:24","modified_gmt":"2026-04-30T12:19:24","slug":"chrome-sport-hoodie-yellow","status":"publish","type":"product","link":"https:\/\/www.cphmc.com\/da\/mc-clothing\/jackets-vests\/shirts-hoodies\/chrome-sport-hoodie-yellow\/","title":{"rendered":"Krom Sport H\u00e6ttetr\u00f8je \u2013 Gul"},"content":{"rendered":"<ul>\n<li>Hovedskal af strikket stof<\/li>\n<li>Indvendig aramidforst\u00e6rkning p\u00e5 skulder, albue og ryg<\/li>\n<li>En h\u00e5ndlomme med lynl\u00e5s i h\u00e6ttetr\u00f8je-stil foran<\/li>\n<li>H\u00f8j krave med aftagelig stormh\u00e6tte<\/li>\n<li>Bio Light-beskyttere p\u00e5 skuldre og albuer<\/li>\n<li>Baglomme med PE-polstring (beskyttere som tilbeh\u00f8rsopgradering, s\u00e6lges separat)<\/li>\n<li>Vandt\u00e6t indvendig dokumentlomme<\/li>\n<li>Talje og manchetter er strikket<\/li>\n<li>EN17092-4:2020 \u2013 Klasse A albue- og skulderbeskyttelse<\/li>\n<li>EN 1621-1:2012 Niveau 1 100%<\/li>\n<li>Polyester. Inderside\/for: 100% Polyester<\/li>\n<\/ul>","protected":false},"excerpt":{"rendered":"<ul>\n<li>Hovedskal af strikket stof<\/li>\n<li>Indvendig aramidforst\u00e6rkning p\u00e5 skulder, albue og ryg<\/li>\n<li>Bio Light-beskyttere p\u00e5 skuldre og albuer<\/li>\n<li>Baglomme med PE-polstring<\/li>\n<li>Vandt\u00e6t indvendig dokumentlomme<\/li>\n<\/ul>","protected":false},"featured_media":16427,"comment_status":"open","ping_status":"closed","template":"","meta":{"_relevanssi_hide_post":"","_relevanssi_hide_content":"","_relevanssi_pin_for_all":"","_relevanssi_pin_keywords":"","_relevanssi_unpin_keywords":"","_relevanssi_related_keywords":"","_relevanssi_related_include_ids":"","_relevanssi_related_exclude_ids":"","_relevanssi_related_no_append":"","_relevanssi_related_not_related":"","_relevanssi_related_posts":"","_relevanssi_noindex_reason":""},"product_brand":[],"product_cat":[200,53,56,98],"product_tag":[],"woo-feed-brand":[],"class_list":{"0":"post-16406","1":"product","2":"type-product","3":"status-publish","4":"has-post-thumbnail","6":"product_cat-shirts-hoodies","7":"product_cat-jackets-vests","8":"product_cat-mc-clothing","9":"product_cat-summer-jackets","11":"first","12":"instock","13":"taxable","14":"shipping-taxable","15":"purchasable","16":"product-type-variable"},"_links":{"self":[{"href":"https:\/\/www.cphmc.com\/da\/wp-json\/wp\/v2\/product\/16406","targetHints":{"allow":["GET"]}}],"collection":[{"href":"https:\/\/www.cphmc.com\/da\/wp-json\/wp\/v2\/product"}],"about":[{"href":"https:\/\/www.cphmc.com\/da\/wp-json\/wp\/v2\/types\/product"}],"replies":[{"embeddable":true,"href":"https:\/\/www.cphmc.com\/da\/wp-json\/wp\/v2\/comments?post=16406"}],"wp:featuredmedia":[{"embeddable":true,"href":"https:\/\/www.cphmc.com\/da\/wp-json\/wp\/v2\/media\/16427"}],"wp:attachment":[{"href":"https:\/\/www.cphmc.com\/da\/wp-json\/wp\/v2\/media?parent=16406"}],"wp:term":[{"taxonomy":"product_brand","embeddable":true,"href":"https:\/\/www.cphmc.com\/da\/wp-json\/wp\/v2\/product_brand?post=16406"},{"taxonomy":"product_cat","embeddable":true,"href":"https:\/\/www.cphmc.com\/da\/wp-json\/wp\/v2\/product_cat?post=16406"},{"taxonomy":"product_tag","embeddable":true,"href":"https:\/\/www.cphmc.com\/da\/wp-json\/wp\/v2\/product_tag?post=16406"},{"taxonomy":"woo-feed-brand","embeddable":true,"href":"https:\/\/www.cphmc.com\/da\/wp-json\/wp\/v2\/woo-feed-brand?post=16406"}],"curies":[{"name":"wp","href":"https:\/\/api.w.org\/{rel}","templated":true}]}}