{"id":16407,"date":"2026-04-30T14:05:53","date_gmt":"2026-04-30T12:05:53","guid":{"rendered":"https:\/\/www.cphmc.com\/?post_type=product&#038;p=16407"},"modified":"2026-04-30T14:30:54","modified_gmt":"2026-04-30T12:30:54","slug":"bogota-pro-drystar","status":"publish","type":"product","link":"https:\/\/www.cphmc.com\/da\/mc-clothing\/jackets-vests\/textile-jackets\/bogota-pro-drystar\/","title":{"rendered":"Bogot\u00e1 Pro Drystar"},"content":{"rendered":"<ul>\n<li>Innovativ kravelukning med justerbar selvcentrerende trykknaplukning for optimeret pasform, med velcro p\u00e5 indersiden for at holde kraven \u00e5ben i varmt vejr.<\/li>\n<li>Omfattende stretchindsatser omkring armhulen for optimal bev\u00e6gelsesfrihed og forbedret pasform<\/li>\n<li>Ergonomisk designede justerbare manchetter for nem brug med handsker<\/li>\n<li>Forb\u00f8jede \u00e6rmer er konstrueret med et roteret design, der f\u00f8lger armens form, samtidig med at de giver overlegen bev\u00e6gelsesfrihed og bev\u00e6gelsesomr\u00e5de i k\u00f8repositionen.<\/li>\n<li>Aftagelig 100 g krop og 60 g termof\u00f4r med lange \u00e6rmer g\u00f8r det muligt at tilpasse jakken til forholdene<\/li>\n<li>Intuitiv og funktionel integration af lynl\u00e5se, forbindelser og ergonomiske designs p\u00e5 foringsforbindelser, lukkesystemer, h\u00e5ndled og krave for nem brug<\/li>\n<li>To lynl\u00e5slommer foran, to brystlommer, en indvendig vandt\u00e6t dokumentlomme og to indvendige lommer p\u00e5 foret til sikker opbevaring af v\u00e6rdigenstande<\/li>\n<li>Ny indvendig konstruktion til opgradering af beskyttelsesindl\u00e6g, inklusive b\u00e5de ryg- og brystindl\u00e6g, og er ogs\u00e5 klar til den nye, lange rygbeskytterindl\u00e6g<\/li>\n<li>St\u00f8dd\u00e6mpende snor i den nederste kant for en optimeret pasform<\/li>\n<li>Forst\u00e6rket 2-L 450D h\u00e5rd ydre skalkonstruktion for forbedret lang holdbarhed og let v\u00e6gt, med 600D v\u00e6vede forst\u00e6rkninger for ekstra holdbarhed p\u00e5 n\u00f8gleomr\u00e5der<\/li>\n<li>Jakken har en letv\u00e6gts 600D hovedskal for \u00f8get holdbarhed<\/li>\n<li>EN 17092-3:2020 \u2013 AA Klasse 65% Polyamid og 35% Polyester.<\/li>\n<li>Indvendigt\/for: 100% polyester, 65% polyamid og 35% polyester.<\/li>\n<li>Inderside\/for: 100% polyester.<\/li>\n<\/ul>","protected":false},"excerpt":{"rendered":"<ul>\n<li>Innovativ kravelukning med justerbar selvcentrerende trykknaplukning for optimeret pasform<\/li>\n<li>Omfattende str\u00e6kindsatser omkring armhulen<\/li>\n<li>Ergonomisk designede justerbare manchetter for nem brug med handsker<\/li>\n<li>Forb\u00f8jede \u00e6rmer, der f\u00f8lger armens form i k\u00f8repositionen<\/li>\n<li>St\u00f8dd\u00e6mpende snor i den nederste kant for en optimeret pasform<\/li>\n<li>Letv\u00e6gts 600D hovedskal<\/li>\n<\/ul>","protected":false},"featured_media":16408,"comment_status":"open","ping_status":"closed","template":"","meta":{"_relevanssi_hide_post":"","_relevanssi_hide_content":"","_relevanssi_pin_for_all":"","_relevanssi_pin_keywords":"","_relevanssi_unpin_keywords":"","_relevanssi_related_keywords":"","_relevanssi_related_include_ids":"","_relevanssi_related_exclude_ids":"","_relevanssi_related_no_append":"","_relevanssi_related_not_related":"","_relevanssi_related_posts":"","_relevanssi_noindex_reason":""},"product_brand":[],"product_cat":[96,53,56],"product_tag":[],"woo-feed-brand":[],"class_list":{"0":"post-16407","1":"product","2":"type-product","3":"status-publish","4":"has-post-thumbnail","6":"product_cat-textile-jackets","7":"product_cat-jackets-vests","8":"product_cat-mc-clothing","10":"first","11":"instock","12":"taxable","13":"shipping-taxable","14":"purchasable","15":"product-type-variable"},"_links":{"self":[{"href":"https:\/\/www.cphmc.com\/da\/wp-json\/wp\/v2\/product\/16407","targetHints":{"allow":["GET"]}}],"collection":[{"href":"https:\/\/www.cphmc.com\/da\/wp-json\/wp\/v2\/product"}],"about":[{"href":"https:\/\/www.cphmc.com\/da\/wp-json\/wp\/v2\/types\/product"}],"replies":[{"embeddable":true,"href":"https:\/\/www.cphmc.com\/da\/wp-json\/wp\/v2\/comments?post=16407"}],"wp:featuredmedia":[{"embeddable":true,"href":"https:\/\/www.cphmc.com\/da\/wp-json\/wp\/v2\/media\/16408"}],"wp:attachment":[{"href":"https:\/\/www.cphmc.com\/da\/wp-json\/wp\/v2\/media?parent=16407"}],"wp:term":[{"taxonomy":"product_brand","embeddable":true,"href":"https:\/\/www.cphmc.com\/da\/wp-json\/wp\/v2\/product_brand?post=16407"},{"taxonomy":"product_cat","embeddable":true,"href":"https:\/\/www.cphmc.com\/da\/wp-json\/wp\/v2\/product_cat?post=16407"},{"taxonomy":"product_tag","embeddable":true,"href":"https:\/\/www.cphmc.com\/da\/wp-json\/wp\/v2\/product_tag?post=16407"},{"taxonomy":"woo-feed-brand","embeddable":true,"href":"https:\/\/www.cphmc.com\/da\/wp-json\/wp\/v2\/woo-feed-brand?post=16407"}],"curies":[{"name":"wp","href":"https:\/\/api.w.org\/{rel}","templated":true}]}}