{"id":16481,"date":"2026-05-01T10:59:38","date_gmt":"2026-05-01T08:59:38","guid":{"rendered":"https:\/\/www.cphmc.com\/?post_type=product&#038;p=16481"},"modified":"2026-05-01T11:07:07","modified_gmt":"2026-05-01T09:07:07","slug":"gp-plus-r-v4-black-white","status":"publish","type":"product","link":"https:\/\/www.cphmc.com\/da\/mc-clothing\/jackets-vests\/leather-jackets\/gp-plus-r-v4-black-white\/","title":{"rendered":"GP Plus R v4 \u2013 Sort\/Hvid"},"content":{"rendered":"<p>Sporty l\u00e6derjakke med en revideret silhuet, der er inspireret af racerl\u00f8b, har et moderniseret look og raffinerede detaljer.<\/p>\n<ul>\n<li>Tre hovedforskelle i GP Plus R v4 er: A-CS\u2122 Plus stretchmateriale, GP-R Lite forl\u00e6nget albuebeskytter og ny moderniseret grafik<\/li>\n<li>A-CS\u2122 Plus stretchmateriale er Alpinestars komposit stretch, der findes i jakkens store sidepaneler.<\/li>\n<li>A-CS\u2122 Plus \u2013 MotoGP-afledt materialeteknologi \u2013 giver \u00f8get str\u00e6kbarhed, h\u00f8j slidstyrke, h\u00f8jere rivestyrke end l\u00e6der, plus lavere profil og samlet v\u00e6gt<\/li>\n<li>Chassiskonstruktionen er fuldendt med en blanding af racerl\u00e6der og almindeligt oksel\u00e6der.<\/li>\n<li>Dynamisk friktionssk\u00e6rm (DFS) eksterne skuldersliders med Nucleon Flex Plus-beskyttelse nedenunder giver beskyttelse mod st\u00f8d og bev\u00e6gelseskomfort<\/li>\n<li>Aftagelig 80g termovest og lange ventilations\u00e5bninger p\u00e5 maven<\/li>\n<li>Tech-Air\u00ae klar<\/li>\n<li>EN17092-3:2020 \u2013 AA-klasse<\/li>\n<li>Albue- og skulderbeskyttelse EN 1621-1:2012 Niveau 1<\/li>\n<\/ul>\n<p><strong>Materialesammens\u00e6tning<\/strong><br \/>\n36% Kol\u00e6der, 36% Polyamid, 25% Buffalo-l\u00e6der og 3% Elastan. Inderside\/for: 89% Polyester, 9% Polyamid og 2% Elastan<\/p>","protected":false},"excerpt":{"rendered":"<p>Sporty l\u00e6derjakke med en revideret silhuet, der er inspireret af racerl\u00f8b, har et moderniseret look og raffinerede detaljer.<\/p>\n<ul>\n<li>A-CS\u2122 Plus \u2013 MotoGP-afledt materialeteknologi giver \u00f8get str\u00e6kbarhed, h\u00f8jere rivestyrke end l\u00e6der, plus lavere profil og samlet v\u00e6gt<\/li>\n<li>Konstruktionen er en blanding af racel\u00e6der og almindeligt oksel\u00e6der<\/li>\n<li>Aftagelig 80g termovest og lange ventilations\u00e5bninger p\u00e5 maven<\/li>\n<li>Tech-Air\u00ae klar<\/li>\n<li>EN17092-3:2020 \u2013 AA-klasse<\/li>\n<li>Albue- og skulderbeskyttelse EN 1621-1:2012 Niveau 1<\/li>\n<\/ul>","protected":false},"featured_media":16489,"comment_status":"open","ping_status":"closed","template":"","meta":{"_relevanssi_hide_post":"","_relevanssi_hide_content":"","_relevanssi_pin_for_all":"","_relevanssi_pin_keywords":"","_relevanssi_unpin_keywords":"","_relevanssi_related_keywords":"","_relevanssi_related_include_ids":"","_relevanssi_related_exclude_ids":"","_relevanssi_related_no_append":"","_relevanssi_related_not_related":"","_relevanssi_related_posts":"","_relevanssi_noindex_reason":""},"product_brand":[],"product_cat":[95,53,56],"product_tag":[],"woo-feed-brand":[],"class_list":{"0":"post-16481","1":"product","2":"type-product","3":"status-publish","4":"has-post-thumbnail","6":"product_cat-leather-jackets","7":"product_cat-jackets-vests","8":"product_cat-mc-clothing","10":"first","11":"instock","12":"taxable","13":"shipping-taxable","14":"purchasable","15":"product-type-variable"},"_links":{"self":[{"href":"https:\/\/www.cphmc.com\/da\/wp-json\/wp\/v2\/product\/16481","targetHints":{"allow":["GET"]}}],"collection":[{"href":"https:\/\/www.cphmc.com\/da\/wp-json\/wp\/v2\/product"}],"about":[{"href":"https:\/\/www.cphmc.com\/da\/wp-json\/wp\/v2\/types\/product"}],"replies":[{"embeddable":true,"href":"https:\/\/www.cphmc.com\/da\/wp-json\/wp\/v2\/comments?post=16481"}],"wp:featuredmedia":[{"embeddable":true,"href":"https:\/\/www.cphmc.com\/da\/wp-json\/wp\/v2\/media\/16489"}],"wp:attachment":[{"href":"https:\/\/www.cphmc.com\/da\/wp-json\/wp\/v2\/media?parent=16481"}],"wp:term":[{"taxonomy":"product_brand","embeddable":true,"href":"https:\/\/www.cphmc.com\/da\/wp-json\/wp\/v2\/product_brand?post=16481"},{"taxonomy":"product_cat","embeddable":true,"href":"https:\/\/www.cphmc.com\/da\/wp-json\/wp\/v2\/product_cat?post=16481"},{"taxonomy":"product_tag","embeddable":true,"href":"https:\/\/www.cphmc.com\/da\/wp-json\/wp\/v2\/product_tag?post=16481"},{"taxonomy":"woo-feed-brand","embeddable":true,"href":"https:\/\/www.cphmc.com\/da\/wp-json\/wp\/v2\/woo-feed-brand?post=16481"}],"curies":[{"name":"wp","href":"https:\/\/api.w.org\/{rel}","templated":true}]}}