{"id":16502,"date":"2026-05-01T11:09:51","date_gmt":"2026-05-01T09:09:51","guid":{"rendered":"https:\/\/www.cphmc.com\/?post_type=product&#038;p=16502"},"modified":"2026-05-01T13:56:35","modified_gmt":"2026-05-01T11:56:35","slug":"gp-plus-r-v4-airflow-black-red","status":"publish","type":"product","link":"https:\/\/www.cphmc.com\/da\/mc-clothing\/jackets-vests\/leather-jackets\/gp-plus-r-v4-airflow-black-red\/","title":{"rendered":"GP Plus R v4 Airflow \u2013 Sort\/R\u00f8d"},"content":{"rendered":"<p>GP Plus R v4 Airflow l\u00e6derjakke er konstrueret og optimeret til maksimal ventilation og luftgennemstr\u00f8mning med omfattende funktioner og materialer, der er afledt af racerl\u00f8b.<\/p>\n<ul>\n<li>Sporty pasform med forb\u00f8jede \u00e6rmer for maksimal k\u00f8repr\u00e6station og l\u00f8bsafpr\u00f8vet beskyttelse p\u00e5 skuldre og albuer<\/li>\n<li>Ventilerede skuldre og omfattende perforeringszoner p\u00e5 bryst og sider for maksimal luftgennemstr\u00f8mning<\/li>\n<li>Alpinestars komposit stretchteknologi, A-CS\u00ae Plus, stretchpaneler p\u00e5 torsoen for exceptionel \u00e5ndbarhed, komfort og bev\u00e6gelsesfrihed, samt en lettere v\u00e6gt og lavere profil end et traditionelt l\u00e6derharmonikapanel (A-CS\u00ae Plus-panelerne er cirka 9% lettere end l\u00e6derpaneler)<\/li>\n<li>A-CS\u00ae Plus har overlegen str\u00e6kbarhed med en forl\u00e6ngelse p\u00e5 cirka 30% og tilbyder en \u00f8get rivestyrke p\u00e5 300% sammenlignet med HRSF (Hyper Resistant Stretch Fiber) og en \u00f8get sk\u00e6restyrke p\u00e5 600% i forhold til l\u00e6der.<\/li>\n<li>Omfattende tekniske stretchpaneler under armene, p\u00e5 indersiden af \u00e6rmerne og rundt om halsen for en optimeret sportspasform<\/li>\n<li>Str\u00e6kbar, bl\u00f8d fornemmelse og ergonomisk krave for overlegen rytterkomfort med velcrolukning i halsen og den store indbyggede flap for sikker lukning.<\/li>\n<li>Ergonomiske velcromanchetter med lynl\u00e5s p\u00e5 underarmen for nem brug<\/li>\n<li>To udvendige sidelommer med lynl\u00e5s til praktisk og sikker opbevaring<\/li>\n<li>Komfortfor i mesh med lommer til rygbeskytter eller delt brystbeskytter<\/li>\n<li>L\u00e6ngere snit bagp\u00e5 for bedre d\u00e6kning i k\u00f8restilling<\/li>\n<li>Justerbar talje med velcro og meshforing<\/li>\n<li>DFS-skuldre med dobbelt densitet for overlegen friktionskontrol<\/li>\n<li>GP Lite albuebeskytter for ekstra kontrol af st\u00f8d og friktion i et vigtigt omr\u00e5de<\/li>\n<li>Nucleon Flex Plus skulderbeskytter for overlegen beskyttelse mod st\u00f8d<\/li>\n<li>Tech-Air\u00ae 5 og Tech-Air\u00ae 3 klar<\/li>\n<li>EN17092-3:2020 \u2013 AA-klasse<\/li>\n<li>Albue- og skulderbeskyttelse EN 1621-1:2012 Niveau 1<\/li>\n<\/ul>\n<p><strong>Materialesammens\u00e6tning<\/strong><br \/>\n36% Kol\u00e6der, 36% Polyamid, 25% Buffalo-l\u00e6der og 3% Elastan.<br \/>\nIndvendig\/foring: 89% Polyester, 9% Polyamid &amp; 2% Elasthan<\/p>","protected":false},"excerpt":{"rendered":"<p>GP Plus R v4 Airflow l\u00e6derjakke er konstrueret og optimeret til maksimal ventilation og luftgennemstr\u00f8mning med omfattende funktioner og materialer, der er afledt af racerl\u00f8b.<\/p>\n<ul>\n<li>Sporty pasform med forb\u00f8jede \u00e6rmer for maksimal k\u00f8repr\u00e6station<\/li>\n<li>Komfortforing i mesh indvendigt<\/li>\n<li>Nucleon Flex Plus skulderbeskytter<\/li>\n<li>Tech-Air\u00ae 5 og Tech-Air\u00ae 3 klar<\/li>\n<li>EN17092-3:2020 \u2013 AA-klasse<\/li>\n<\/ul>","protected":false},"featured_media":16508,"comment_status":"open","ping_status":"closed","template":"","meta":{"_relevanssi_hide_post":"","_relevanssi_hide_content":"","_relevanssi_pin_for_all":"","_relevanssi_pin_keywords":"","_relevanssi_unpin_keywords":"","_relevanssi_related_keywords":"","_relevanssi_related_include_ids":"","_relevanssi_related_exclude_ids":"","_relevanssi_related_no_append":"","_relevanssi_related_not_related":"","_relevanssi_related_posts":"","_relevanssi_noindex_reason":""},"product_brand":[],"product_cat":[95,53,56],"product_tag":[],"woo-feed-brand":[],"class_list":{"0":"post-16502","1":"product","2":"type-product","3":"status-publish","4":"has-post-thumbnail","6":"product_cat-leather-jackets","7":"product_cat-jackets-vests","8":"product_cat-mc-clothing","10":"first","11":"instock","12":"taxable","13":"shipping-taxable","14":"purchasable","15":"product-type-variable"},"_links":{"self":[{"href":"https:\/\/www.cphmc.com\/da\/wp-json\/wp\/v2\/product\/16502","targetHints":{"allow":["GET"]}}],"collection":[{"href":"https:\/\/www.cphmc.com\/da\/wp-json\/wp\/v2\/product"}],"about":[{"href":"https:\/\/www.cphmc.com\/da\/wp-json\/wp\/v2\/types\/product"}],"replies":[{"embeddable":true,"href":"https:\/\/www.cphmc.com\/da\/wp-json\/wp\/v2\/comments?post=16502"}],"wp:featuredmedia":[{"embeddable":true,"href":"https:\/\/www.cphmc.com\/da\/wp-json\/wp\/v2\/media\/16508"}],"wp:attachment":[{"href":"https:\/\/www.cphmc.com\/da\/wp-json\/wp\/v2\/media?parent=16502"}],"wp:term":[{"taxonomy":"product_brand","embeddable":true,"href":"https:\/\/www.cphmc.com\/da\/wp-json\/wp\/v2\/product_brand?post=16502"},{"taxonomy":"product_cat","embeddable":true,"href":"https:\/\/www.cphmc.com\/da\/wp-json\/wp\/v2\/product_cat?post=16502"},{"taxonomy":"product_tag","embeddable":true,"href":"https:\/\/www.cphmc.com\/da\/wp-json\/wp\/v2\/product_tag?post=16502"},{"taxonomy":"woo-feed-brand","embeddable":true,"href":"https:\/\/www.cphmc.com\/da\/wp-json\/wp\/v2\/woo-feed-brand?post=16502"}],"curies":[{"name":"wp","href":"https:\/\/api.w.org\/{rel}","templated":true}]}}