{"id":16544,"date":"2026-05-01T15:12:35","date_gmt":"2026-05-01T13:12:35","guid":{"rendered":"https:\/\/www.cphmc.com\/?post_type=product&#038;p=16544"},"modified":"2026-05-01T15:17:19","modified_gmt":"2026-05-01T13:17:19","slug":"faster-v3-airflow-black-yellow","status":"publish","type":"product","link":"https:\/\/www.cphmc.com\/da\/mc-clothing\/jackets-vests\/leather-jackets\/faster-v3-airflow-black-yellow\/","title":{"rendered":"Faster v3 Airflow \u2013 Sort\/Gul"},"content":{"rendered":"<ul>\n<li>Kombinerer f\u00f8rende beskyttende ydeevnefunktioner og k\u00f8rekomfort<\/li>\n<li>N\u00f8glefunktioner:<\/li>\n<li>Meget slidst\u00e6rkt og teknisk l\u00e6der med flerpanelkonstruktion for styrke, komfort og slidstyrke<\/li>\n<li>Omfattende avancerede Hyper Resistant Stretch Fiber (HRSF) stretchindsatser p\u00e5 bryst, ryg, mave, underarme, skulderblade og indersiden af arme for optimal ydeevne og bev\u00e6gelsesfrihed<\/li>\n<li>Forb\u00f8jede arme og ergonomiske albuer for f\u00f8rsteklasses rytterkomfort og pasform<\/li>\n<li>Lynl\u00e5s\u00e5bninger p\u00e5 siden af torsoen for ekstra ventilation<\/li>\n<li>Justering af taljevolumen med h\u00e6gter for optimeret pasform<\/li>\n<li>Ergonomisk, udsk\u00e5ret kravekonstruktion med indvendig krave i syntetisk ruskind for komfort<\/li>\n<li>Beskyttelsesfunktioner:<\/li>\n<li>Klar til Tech-Air\u00ae 5 og Tech-Air\u00ae 3<\/li>\n<li>Integrerede DFS GP Lite-beskyttere p\u00e5 skuldrene for overlegen friktionskontrol<\/li>\n<li>Nucleon Flex Plus skulderbeskyttere til beskyttelse mod st\u00f8d<\/li>\n<li>GP Lite albuebeskytter for beskyttelse i n\u00f8gleomr\u00e5der<\/li>\n<li>Tekniske specifikationer:<\/li>\n<li>Fast netforing for forbedret rytterkomfort med indvendige lommer til en delt brystbeskytter og en rygbeskytterlomme, begge tilg\u00e6ngelige som tilbeh\u00f8rsopgraderinger<\/li>\n<li>Indbygget svejset frontflaplukning \u00f8verst p\u00e5 jakken og p\u00e5 h\u00e5ndleddene for en sikker, tilpasset pasform<\/li>\n<li>Vandt\u00e6t indvendigt rum<\/li>\n<li>Store lynl\u00e5slommer foran til sikker opbevaring<\/li>\n<li>Lynl\u00e5s i taljen muligg\u00f8r sikker fastg\u00f8relse til Alpinestars ridebukser<\/li>\n<li>Jakkens bagside er forl\u00e6nget for at give bedre d\u00e6kning og komfort i k\u00f8repositionen.<\/li>\n<li>EN 17092-4:2020 \u2013 Klasse A<\/li>\n<li>Albue- og skulderbeskyttelse EN 1621-1:2012 Niveau 1<\/li>\n<\/ul>\n<p><strong>Materialesammens\u00e6tning<br \/>\n<\/strong>54% Buffalo-l\u00e6der, 43% polyamid og 3% elastan. Inderside\/for: 95% polyester og 5% polyamid<\/p>","protected":false},"excerpt":{"rendered":"<p>Kombinerer f\u00f8rende beskyttende ydeevnefunktioner og k\u00f8rekomfort<\/p>\n<ul>\n<li>Teknisk l\u00e6der med flerpanelkonstruktion for styrke, komfort og slidstyrke<\/li>\n<li>Omfattende avanceret hyperresistent str\u00e6kfiber<\/li>\n<li>Klar til Tech-Air\u00ae 5 og Tech-Air\u00ae 3<\/li>\n<li>EN 17092-4:2020 \u2013 Klasse A<\/li>\n<li>Albue- og skulderbeskyttelse EN 1621-1:2012 Niveau 1<\/li>\n<\/ul>\n<p><strong>Materialesammens\u00e6tning<br \/>\n<\/strong>54% Buffalo-l\u00e6der, 43% polyamid og 3% elastan. Inderside\/for: 95% polyester og 5% polyamid<\/p>","protected":false},"featured_media":16552,"comment_status":"open","ping_status":"closed","template":"","meta":{"_relevanssi_hide_post":"","_relevanssi_hide_content":"","_relevanssi_pin_for_all":"","_relevanssi_pin_keywords":"","_relevanssi_unpin_keywords":"","_relevanssi_related_keywords":"","_relevanssi_related_include_ids":"","_relevanssi_related_exclude_ids":"","_relevanssi_related_no_append":"","_relevanssi_related_not_related":"","_relevanssi_related_posts":"","_relevanssi_noindex_reason":""},"product_brand":[],"product_cat":[95,53,56],"product_tag":[],"woo-feed-brand":[],"class_list":{"0":"post-16544","1":"product","2":"type-product","3":"status-publish","4":"has-post-thumbnail","6":"product_cat-leather-jackets","7":"product_cat-jackets-vests","8":"product_cat-mc-clothing","10":"first","11":"instock","12":"taxable","13":"shipping-taxable","14":"purchasable","15":"product-type-variable"},"_links":{"self":[{"href":"https:\/\/www.cphmc.com\/da\/wp-json\/wp\/v2\/product\/16544","targetHints":{"allow":["GET"]}}],"collection":[{"href":"https:\/\/www.cphmc.com\/da\/wp-json\/wp\/v2\/product"}],"about":[{"href":"https:\/\/www.cphmc.com\/da\/wp-json\/wp\/v2\/types\/product"}],"replies":[{"embeddable":true,"href":"https:\/\/www.cphmc.com\/da\/wp-json\/wp\/v2\/comments?post=16544"}],"wp:featuredmedia":[{"embeddable":true,"href":"https:\/\/www.cphmc.com\/da\/wp-json\/wp\/v2\/media\/16552"}],"wp:attachment":[{"href":"https:\/\/www.cphmc.com\/da\/wp-json\/wp\/v2\/media?parent=16544"}],"wp:term":[{"taxonomy":"product_brand","embeddable":true,"href":"https:\/\/www.cphmc.com\/da\/wp-json\/wp\/v2\/product_brand?post=16544"},{"taxonomy":"product_cat","embeddable":true,"href":"https:\/\/www.cphmc.com\/da\/wp-json\/wp\/v2\/product_cat?post=16544"},{"taxonomy":"product_tag","embeddable":true,"href":"https:\/\/www.cphmc.com\/da\/wp-json\/wp\/v2\/product_tag?post=16544"},{"taxonomy":"woo-feed-brand","embeddable":true,"href":"https:\/\/www.cphmc.com\/da\/wp-json\/wp\/v2\/woo-feed-brand?post=16544"}],"curies":[{"name":"wp","href":"https:\/\/api.w.org\/{rel}","templated":true}]}}