{"id":16876,"date":"2026-05-02T01:07:22","date_gmt":"2026-05-01T23:07:22","guid":{"rendered":"https:\/\/www.cphmc.com\/?post_type=product&#038;p=16876"},"modified":"2026-05-02T01:14:25","modified_gmt":"2026-05-01T23:14:25","slug":"lane-splitter-white","status":"publish","type":"product","link":"https:\/\/www.cphmc.com\/da\/mc-clothing\/helmets\/full-face-helmets\/lane-splitter-white\/","title":{"rendered":"Vognbanesplitter \u2013 Hvid"},"content":{"rendered":"<ul>\n<li>Spr\u00f8jtest\u00f8bt ABS ydre skal er robust, men alligevel let<\/li>\n<li>Expanded Polystrene (EPS) liner dissipates impact loads and fortifies helmet structure for a secure fit without compromising comfort<\/li>\n<li>Aftagelig\/udskiftelig komfortfor og kindpuder har b\u00f8rstet fleece lycra ber\u00f8ringspunkter for at absorbere og fordampe sved<\/li>\n<li>Hageremmen har b\u00f8rstet fleece lycra ber\u00f8ringspunkter for komfort og en justerbar endeholder<\/li>\n<li>St\u00f8bte fordybninger inde i EPS indvendig skal accepterer udvalgte eftermarkedets lyd- og kommunikationskomponenter<\/li>\n<li>Robust skjoldh\u00e6ngselhardware med robuste l\u00e5se giver dig mulighed for at \u00e5bne skjoldet ved langsomme hastigheder for \u00f8get luftstr\u00f8m<\/li>\n<\/ul>","protected":false},"excerpt":{"rendered":"<ul>\n<li>Spr\u00f8jtest\u00f8bt ABS ydre skal er robust, men alligevel let<\/li>\n<li>Expanded Polystrene (EPS) liner<\/li>\n<li>Removable\/replaceable comfort liner and cheek pads<\/li>\n<li>Chin strap features brushed fleece Lycra touch<\/li>\n<li>Rugged shield hinge<\/li>\n<\/ul>","protected":false},"featured_media":16892,"comment_status":"open","ping_status":"closed","template":"","meta":{"_relevanssi_hide_post":"","_relevanssi_hide_content":"","_relevanssi_pin_for_all":"","_relevanssi_pin_keywords":"","_relevanssi_unpin_keywords":"","_relevanssi_related_keywords":"","_relevanssi_related_include_ids":"","_relevanssi_related_exclude_ids":"","_relevanssi_related_no_append":"","_relevanssi_related_not_related":"","_relevanssi_related_posts":"","_relevanssi_noindex_reason":""},"product_brand":[],"product_cat":[81,50,56],"product_tag":[],"woo-feed-brand":[],"class_list":{"0":"post-16876","1":"product","2":"type-product","3":"status-publish","4":"has-post-thumbnail","6":"product_cat-full-face-helmets","7":"product_cat-helmets","8":"product_cat-mc-clothing","10":"first","11":"instock","12":"taxable","13":"shipping-taxable","14":"purchasable","15":"product-type-variable"},"_links":{"self":[{"href":"https:\/\/www.cphmc.com\/da\/wp-json\/wp\/v2\/product\/16876","targetHints":{"allow":["GET"]}}],"collection":[{"href":"https:\/\/www.cphmc.com\/da\/wp-json\/wp\/v2\/product"}],"about":[{"href":"https:\/\/www.cphmc.com\/da\/wp-json\/wp\/v2\/types\/product"}],"replies":[{"embeddable":true,"href":"https:\/\/www.cphmc.com\/da\/wp-json\/wp\/v2\/comments?post=16876"}],"wp:featuredmedia":[{"embeddable":true,"href":"https:\/\/www.cphmc.com\/da\/wp-json\/wp\/v2\/media\/16892"}],"wp:attachment":[{"href":"https:\/\/www.cphmc.com\/da\/wp-json\/wp\/v2\/media?parent=16876"}],"wp:term":[{"taxonomy":"product_brand","embeddable":true,"href":"https:\/\/www.cphmc.com\/da\/wp-json\/wp\/v2\/product_brand?post=16876"},{"taxonomy":"product_cat","embeddable":true,"href":"https:\/\/www.cphmc.com\/da\/wp-json\/wp\/v2\/product_cat?post=16876"},{"taxonomy":"product_tag","embeddable":true,"href":"https:\/\/www.cphmc.com\/da\/wp-json\/wp\/v2\/product_tag?post=16876"},{"taxonomy":"woo-feed-brand","embeddable":true,"href":"https:\/\/www.cphmc.com\/da\/wp-json\/wp\/v2\/woo-feed-brand?post=16876"}],"curies":[{"name":"wp","href":"https:\/\/api.w.org\/{rel}","templated":true}]}}