{"id":16899,"date":"2026-05-02T08:17:21","date_gmt":"2026-05-02T06:17:21","guid":{"rendered":"https:\/\/www.cphmc.com\/?post_type=product&#038;p=16899"},"modified":"2026-05-02T08:44:42","modified_gmt":"2026-05-02T06:44:42","slug":"aero-abs-side-case-set","status":"publish","type":"product","link":"https:\/\/www.cphmc.com\/da\/mc-equipment\/bags-backpacks\/saddle-bags\/aero-abs-side-case-set\/","title":{"rendered":"Aero ABS sidekasses\u00e6t"},"content":{"rendered":"<ul>\n<li>Aerodynamisk stil, lav v\u00e6gt, komfortable detaljer: AERO ABS-sidetasken imponerer med sin str\u00f8mlinede form og moderne, s\u00e6rligt plejevenlige overflade.<\/li>\n<li>Sidekasserne af kraftig ABS-plast tilbyder 25 liter opbevaringsplads pr. side med en v\u00e6gt p\u00e5 kun 1,8 kg og er i kombination med de aftagelige sideb\u00e6rere fra SW-MOTECH (medf\u00f8lger ikke, s\u00e6lges separat) den ideelle bagagel\u00f8sning til sporty motorcykelrejsende p\u00e5 asfalterede veje (ikke egnet til terr\u00e6nk\u00f8rsel).<\/li>\n<li>Sikkert fastgjort med hurtigkoblinger til de aftagelige PRO\/EVO sideb\u00e6rere fra SW-MOTECH (sideb\u00e6rere medf\u00f8lger ikke, s\u00e6lges separat).<\/li>\n<li>Komfortabelt interi\u00f8r: polstret tekstilforing, elastiske krydsremme, netlomme, taske til opbevaring af l\u00e5s til motorcykelbagage.<\/li>\n<li>\u00c5bn den helt p\u00e5 hotelsengen, eller vip den delvist op: L\u00e5gbegr\u00e6nsere med kliksp\u00e6nde sikrer indholdet.<\/li>\n<li>B\u00e6reh\u00e5ndtagene g\u00f8r det muligt at b\u00e6re to kufferter med \u00e9n h\u00e5nd.<\/li>\n<li>Reflekterende detaljer for mere sikkerhed i trafikken.<\/li>\n<li>Tyverisikring ved fastg\u00f8relse til sideb\u00e6reren, afl\u00e5selig lynl\u00e5s og l\u00e5s til motorcykelbagage medf\u00f8lger i leveringen.<\/li>\n<li>Den strukturerede overflade er nem at vedligeholde og ridsefast og giver AERO ABS-sidetaskerne et moderne udseende.<\/li>\n<li>Lavet af kraftig, vejrbestandig og UV-bestandig ABS-plast med en tykkelse p\u00e5 2,5 mm (indre hus) og 2 mm (ydre hus).<\/li>\n<li>Farve: Sort.<\/li>\n<li>St\u00f8rrelse: 52,0 x 22,0 x 39,0 cm \/ 20,5 x 8,7 x 15,4 tommer. Totalv\u00e6gt: ca. 5,4 kg \/ ca. 11,9 lb. Totalvolumen: 25,0-50,0 liter.<\/li>\n<li>Ikke egnet til terr\u00e6nk\u00f8rsel.<\/li>\n<li>Leveringsomfang: 2 x AERO ABS sidetasker, 2 x vandt\u00e6tte inderlommer og 2 x l\u00e5se til motorcykeltasker.<\/li>\n<\/ul>\n<p><strong>Materialesammens\u00e6tning<\/strong><\/p>\n<ul>\n<li>100% Acrylonitrilbutadienstyren (ABS).<\/li>\n<\/ul>","protected":false},"excerpt":{"rendered":"<p>Aerodynamisk stil, lav v\u00e6gt, komfortable detaljer: AERO ABS-sidetasken imponerer med sin str\u00f8mlinede form og moderne, s\u00e6rligt plejevenlige overflade.<\/p>\n<ul>\n<li>Kraftig ABS-plast giver 25 liter opbevaringsplads pr. side.<\/li>\n<li>Hurtigudl\u00f8sende fastg\u00f8relseselementer til de aftagelige PRO\/EVO sideb\u00e5rne b\u00e6rere.<\/li>\n<li>Polstret tekstilforing, elastiske krydsremme, netlomme, taske til opbevaring af l\u00e5s til motorcykelbagage.<\/li>\n<li>Leveringsomfang: 2 x AERO ABS sidetasker, 2 x vandt\u00e6tte inderlommer og 2 x l\u00e5se til motorcykeltasker.<\/li>\n<\/ul>","protected":false},"featured_media":16900,"comment_status":"open","ping_status":"closed","template":"","meta":{"_relevanssi_hide_post":"","_relevanssi_hide_content":"","_relevanssi_pin_for_all":"","_relevanssi_pin_keywords":"","_relevanssi_unpin_keywords":"","_relevanssi_related_keywords":"","_relevanssi_related_include_ids":"","_relevanssi_related_exclude_ids":"","_relevanssi_related_no_append":"","_relevanssi_related_not_related":"","_relevanssi_related_posts":"","_relevanssi_noindex_reason":""},"product_brand":[],"product_cat":[112,61,57],"product_tag":[],"woo-feed-brand":[],"class_list":{"0":"post-16899","1":"product","2":"type-product","3":"status-publish","4":"has-post-thumbnail","6":"product_cat-saddle-bags","7":"product_cat-bags-backpacks","8":"product_cat-mc-equipment","10":"first","11":"instock","12":"taxable","13":"shipping-taxable","14":"purchasable","15":"product-type-simple"},"_links":{"self":[{"href":"https:\/\/www.cphmc.com\/da\/wp-json\/wp\/v2\/product\/16899","targetHints":{"allow":["GET"]}}],"collection":[{"href":"https:\/\/www.cphmc.com\/da\/wp-json\/wp\/v2\/product"}],"about":[{"href":"https:\/\/www.cphmc.com\/da\/wp-json\/wp\/v2\/types\/product"}],"replies":[{"embeddable":true,"href":"https:\/\/www.cphmc.com\/da\/wp-json\/wp\/v2\/comments?post=16899"}],"wp:featuredmedia":[{"embeddable":true,"href":"https:\/\/www.cphmc.com\/da\/wp-json\/wp\/v2\/media\/16900"}],"wp:attachment":[{"href":"https:\/\/www.cphmc.com\/da\/wp-json\/wp\/v2\/media?parent=16899"}],"wp:term":[{"taxonomy":"product_brand","embeddable":true,"href":"https:\/\/www.cphmc.com\/da\/wp-json\/wp\/v2\/product_brand?post=16899"},{"taxonomy":"product_cat","embeddable":true,"href":"https:\/\/www.cphmc.com\/da\/wp-json\/wp\/v2\/product_cat?post=16899"},{"taxonomy":"product_tag","embeddable":true,"href":"https:\/\/www.cphmc.com\/da\/wp-json\/wp\/v2\/product_tag?post=16899"},{"taxonomy":"woo-feed-brand","embeddable":true,"href":"https:\/\/www.cphmc.com\/da\/wp-json\/wp\/v2\/woo-feed-brand?post=16899"}],"curies":[{"name":"wp","href":"https:\/\/api.w.org\/{rel}","templated":true}]}}