{"id":16922,"date":"2026-05-02T08:17:49","date_gmt":"2026-05-02T06:17:49","guid":{"rendered":"https:\/\/www.cphmc.com\/?post_type=product&#038;p=16922"},"modified":"2026-05-02T08:47:32","modified_gmt":"2026-05-02T06:47:32","slug":"legend-gear-lc1-lc2-side-bags-black","status":"publish","type":"product","link":"https:\/\/www.cphmc.com\/da\/mc-equipment\/bags-backpacks\/saddle-bags\/legend-gear-lc1-lc2-side-bags-black\/","title":{"rendered":"Legend Gear LC1 &amp; LC2 Sidetasker \u2013 Sort"},"content":{"rendered":"<ul>\n<li>Vores cykelspecifikke sidetaskes\u00e6t er tilpasset bagakselform og udst\u00f8dningsh\u00f8jde og demonstrerer den bedste kombination af Legend Gear sidetasker.<\/li>\n<li>Sidetaskerne kombinerer klassisk udseende og moderne h\u00e5ndtering.<\/li>\n<li>Disse tasker er nemme at fastg\u00f8re og afmontere p\u00e5 SLC-sidetaskeb\u00e6reren ved hj\u00e6lp af et hurtigt l\u00e5sesystem.<\/li>\n<li>SLC-b\u00e6rer venstre og h\u00f8jre side:<\/li>\n<li>Sidebagageb\u00e6reren tilpasser sig perfekt til din motorcykels udseende.<\/li>\n<li>Cykelspecifik udvikling sikrer den bedste pasform.<\/li>\n<li>Adapters\u00e6ttet er inkluderet i leveringen.<\/li>\n<li>Materiale: St\u00e5l. Overflade: pulverlakeret. Farve: sort. Totalv\u00e6gt: ca. 1,0 kg \/ ca. 2,2 lb (stk. stk.).<\/li>\n<li>Legend Gear sidetaske LC2 h\u00f8jre og venstre:<\/li>\n<li>Til at klikke p\u00e5 venstre og h\u00f8jre SLC-sideb\u00e5ren.<\/li>\n<li>Hurtigudl\u00f8ser af glasfiberforst\u00e6rket polyamid muligg\u00f8r fastg\u00f8relse og afmontering af Legend Gear LC-sidetasken p\u00e5 f\u00e5 sekunder.<\/li>\n<li>Regnbeskyttelse takket v\u00e6re rullelukning, vandafvisende materiale og vandt\u00e6t inderpose.<\/li>\n<li>Talrige l\u00f8kker til individuel fastg\u00f8relse af Legend Gear LA1 og LA2 tilbeh\u00f8rstasker (s\u00e6lges separat, delnummer 35120273 og 35120274) og Legend Gear LA3 smartphone-etui (s\u00e6lges separat, delnummer 35120319).<\/li>\n<li>Stropper til fastg\u00f8relse af Legend Gear LA4 skulderremmen (s\u00e6lges separat, varenummer 39200466).<\/li>\n<li>Letv\u00e6gts med attraktivt design.<\/li>\n<li>Materiale: Napalon syntetisk l\u00e6der og vokset kanvas med vandafvisende PU-bel\u00e6gning. Vandt\u00e6t inderpose lavet af 210D polyamid og dobbelt PU-bel\u00e6gning. Overflade: vokset. For at beskytte de naturlige fibre mod vejrp\u00e5virkninger anbefaler vi at behandle produktets bomuldsstofoverflade med en kommercielt tilg\u00e6ngelig voksimpr\u00e6gnering med j\u00e6vne mellemrum eller efter grundig reng\u00f8ring.<\/li>\n<li>Farve: Sort. St\u00f8rrelse: 31,0 x 14,0 x 35,0 cm \/ 12,2 x 5,5 x 13,8 tommer. Totalv\u00e6gt: ca. 1,1 kg \/ ca. 2,4 lb (pr. pose). Totalvolumen: 13,5 liter (pr. pose).<\/li>\n<li>Leveringsomfang: 1 x Legend Gear sidetaske LC2 h\u00f8jre, 1 x Legend Gear sidetaske LC2 venstre, 2 x Vandt\u00e6tte indertasker, 1 x SLC sideb\u00e6rer venstre, 1 x SLC sideb\u00e6rer h\u00f8jre side, monteringsvejledning og monteringsmateriale.<\/li>\n<\/ul>\n<p><strong>Materialesammens\u00e6tning<\/strong><br \/>\nRustfrit st\u00e5l, Napalon syntetisk l\u00e6der, vokset kanvas (polyuretanbelagt (PU) bel\u00e6gning) og 210 denier polyamid (polyuretanbelagt (PU) bel\u00e6gning).<\/p>","protected":false},"excerpt":{"rendered":"<p>Vores motorcykelspecifikke sidetaskes\u00e6t er tilpasset til bagenden og udst\u00f8dningsh\u00f8jden og demonstrerer den bedste kombination af SW Motech Legend Gear sidetasker LC1 og LC2.<\/p>\n<ul>\n<li>LC1\/LC2 sidetaskerne kombinerer klassisk udseende og moderne h\u00e5ndtering.<\/li>\n<li>Nem at fastg\u00f8re og afmontere p\u00e5 SLC-sidetaskeb\u00e6reren ved hj\u00e6lp af et hurtigt l\u00e5sesystem.<\/li>\n<li>Hurtigudl\u00f8sermontering lavet af glasfiberforst\u00e6rket polyamid<\/li>\n<li>Regnbeskyttelse takket v\u00e6re rullelukning<\/li>\n<li>Totalvolumen: 13,5 liter (hver pose)<\/li>\n<\/ul>","protected":false},"featured_media":16923,"comment_status":"open","ping_status":"closed","template":"","meta":{"_relevanssi_hide_post":"","_relevanssi_hide_content":"","_relevanssi_pin_for_all":"","_relevanssi_pin_keywords":"","_relevanssi_unpin_keywords":"","_relevanssi_related_keywords":"","_relevanssi_related_include_ids":"","_relevanssi_related_exclude_ids":"","_relevanssi_related_no_append":"","_relevanssi_related_not_related":"","_relevanssi_related_posts":"","_relevanssi_noindex_reason":""},"product_brand":[],"product_cat":[112,61,57],"product_tag":[],"woo-feed-brand":[],"class_list":{"0":"post-16922","1":"product","2":"type-product","3":"status-publish","4":"has-post-thumbnail","6":"product_cat-saddle-bags","7":"product_cat-bags-backpacks","8":"product_cat-mc-equipment","10":"first","11":"instock","12":"taxable","13":"shipping-taxable","14":"purchasable","15":"product-type-simple"},"_links":{"self":[{"href":"https:\/\/www.cphmc.com\/da\/wp-json\/wp\/v2\/product\/16922","targetHints":{"allow":["GET"]}}],"collection":[{"href":"https:\/\/www.cphmc.com\/da\/wp-json\/wp\/v2\/product"}],"about":[{"href":"https:\/\/www.cphmc.com\/da\/wp-json\/wp\/v2\/types\/product"}],"replies":[{"embeddable":true,"href":"https:\/\/www.cphmc.com\/da\/wp-json\/wp\/v2\/comments?post=16922"}],"wp:featuredmedia":[{"embeddable":true,"href":"https:\/\/www.cphmc.com\/da\/wp-json\/wp\/v2\/media\/16923"}],"wp:attachment":[{"href":"https:\/\/www.cphmc.com\/da\/wp-json\/wp\/v2\/media?parent=16922"}],"wp:term":[{"taxonomy":"product_brand","embeddable":true,"href":"https:\/\/www.cphmc.com\/da\/wp-json\/wp\/v2\/product_brand?post=16922"},{"taxonomy":"product_cat","embeddable":true,"href":"https:\/\/www.cphmc.com\/da\/wp-json\/wp\/v2\/product_cat?post=16922"},{"taxonomy":"product_tag","embeddable":true,"href":"https:\/\/www.cphmc.com\/da\/wp-json\/wp\/v2\/product_tag?post=16922"},{"taxonomy":"woo-feed-brand","embeddable":true,"href":"https:\/\/www.cphmc.com\/da\/wp-json\/wp\/v2\/woo-feed-brand?post=16922"}],"curies":[{"name":"wp","href":"https:\/\/api.w.org\/{rel}","templated":true}]}}