{"id":16963,"date":"2026-05-02T08:22:12","date_gmt":"2026-05-02T06:22:12","guid":{"rendered":"https:\/\/www.cphmc.com\/?post_type=product&#038;p=16963"},"modified":"2026-05-03T14:17:54","modified_gmt":"2026-05-03T12:17:54","slug":"trax-adv-large-right-black","status":"publish","type":"product","link":"https:\/\/www.cphmc.com\/da\/mc-equipment\/bags-backpacks\/saddle-bags\/trax-adv-large-right-black\/","title":{"rendered":"TRAX ADV Stor H\u00f8jre \u2013 Sort"},"content":{"rendered":"<ul>\n<li>En touring-kuffert uden kompromis: styrke og beskyttelse mod elementerne var i fokus for udviklingen af TRAX ADV, s\u00e5vel som brugervenlighed.<\/li>\n<li>Et praktisk b\u00e6reh\u00e5ndtag, et helt aftageligt l\u00e5g, hj\u00f8rnekapper af glasfiberforst\u00e6rket plastik og et stort kammer til plads i sving er blot nogle af de smarte funktioner.<\/li>\n<li>Her har erfarne motorcyklister udviklet et f\u00f8rsteklasses aluminiumskabinet, der overvinder enhver udfordring.<\/li>\n<li>Vand og snavs har ikke en chance.<\/li>\n<li>Robuste TRAX ADV aluminiumskabinetter er 100% st\u00f8v- og vandafvisende takket v\u00e6re deres robotassisterede svejsning, nitteteknologi og udskiftelige t\u00e6tninger. Og hvert eneste af vores kabinetter skal bevise det i en ydeevnetest.<\/li>\n<li>Robuste aluminiumsh\u00e5ndtag g\u00f8r det nemt at b\u00e6re kufferterne og montere dem p\u00e5 k\u00f8ret\u00f8jet. Derudover giver fire brede fastg\u00f8relsespunkter integreret i l\u00e5gets design sikker st\u00f8tte til ekstra bagage.<\/li>\n<li>Pr\u00e6gning p\u00e5 ydersiden kombineret med en v\u00e6gtykkelse p\u00e5 1,5 mm giver TRAX ADV-kabinetterne overlegen styrke og et umiskendeligt udseende.<\/li>\n<li>Det dybtrukne l\u00e5g er yderligere forst\u00e6rket med perler.<\/li>\n<li>\u00c5bning i \u00e9n side eller fuldst\u00e6ndig afmontering muligg\u00f8r bekvem p\u00e5l\u00e6sning.<\/li>\n<li>Sm\u00e5 funktioner med stor effekt: Takket v\u00e6re en specialdesignet membran kan de f\u00f8rsteklasses aluminiumskabinetter nemt \u00e5bnes, selv efter store \u00e6ndringer i tryk og temperatur.<\/li>\n<li>En robust ledsager til ethvert eventyr. Uanset om det er p\u00e5 en langdistancetur eller en kort tur, er TRAX ADV-kufferten perfekt til ethvert eventyr, stort som sm\u00e5t.<\/li>\n<li>Med blot to h\u00e5ndbev\u00e6gelser kan de fastg\u00f8res til de aftagelige PRO- eller EVO-sideb\u00e6rere og sikres med en l\u00e5s.<\/li>\n<li>Model til h\u00f8jre side af motorcyklen.<\/li>\n<li>Materiale: Aluminium. Materialestyrke: 0,15 cm \/ 0,06 tommer. Overflade: anodiseret. Farve: S\u00f8lv.<\/li>\n<li>St\u00f8rrelse: 49,0 x 28,0 x 37,0 cm \/ 19,3 x 11,0 x 14,6 tommer. Totalv\u00e6gt: ca. 5,4 kg \/ ca. 11,9 lb. Totalvolumen: 45,0 liter.<\/li>\n<li>Leveringsomfang: levering 1 x TRAX ADV venstre aluminiumskuffert (stor: 45 liter), 2 x l\u00e5gbegr\u00e6nser, 1 x opbevaringstaske, monteringsvejledning og monteringsmateriale.<\/li>\n<\/ul>\n<p><strong>Materialesammens\u00e6tning<\/strong><br \/>\nAluminium.<\/p>","protected":false},"excerpt":{"rendered":"<p>A touring case without compromise: strength and protection from the elements were the focus of the TRAX Adventure development, as well as ease of use.<\/p>\n<ul>\n<li>Completely removable lid, glass fiber reinforced plastic corner cap<\/li>\n<li>100% dust and water resistant<\/li>\n<li>Thickness of 1.5 mm giving superior strength<\/li>\n<li>Total Volume: 45,0 Liters.<\/li>\n<li>Model til h\u00f8jre side af motorcyklen.<\/li>\n<li>1 x TRAX Adventure (Right) Aluminium case, 2 x Lid limiter, 1 x Storage bag<\/li>\n<\/ul>","protected":false},"featured_media":16964,"comment_status":"open","ping_status":"closed","template":"","meta":{"_relevanssi_hide_post":"","_relevanssi_hide_content":"","_relevanssi_pin_for_all":"","_relevanssi_pin_keywords":"","_relevanssi_unpin_keywords":"","_relevanssi_related_keywords":"","_relevanssi_related_include_ids":"","_relevanssi_related_exclude_ids":"","_relevanssi_related_no_append":"","_relevanssi_related_not_related":"","_relevanssi_related_posts":"","_relevanssi_noindex_reason":""},"product_brand":[],"product_cat":[112,61,57],"product_tag":[],"woo-feed-brand":[],"class_list":{"0":"post-16963","1":"product","2":"type-product","3":"status-publish","4":"has-post-thumbnail","6":"product_cat-saddle-bags","7":"product_cat-bags-backpacks","8":"product_cat-mc-equipment","10":"first","11":"instock","12":"taxable","13":"shipping-taxable","14":"purchasable","15":"product-type-simple"},"_links":{"self":[{"href":"https:\/\/www.cphmc.com\/da\/wp-json\/wp\/v2\/product\/16963","targetHints":{"allow":["GET"]}}],"collection":[{"href":"https:\/\/www.cphmc.com\/da\/wp-json\/wp\/v2\/product"}],"about":[{"href":"https:\/\/www.cphmc.com\/da\/wp-json\/wp\/v2\/types\/product"}],"replies":[{"embeddable":true,"href":"https:\/\/www.cphmc.com\/da\/wp-json\/wp\/v2\/comments?post=16963"}],"wp:featuredmedia":[{"embeddable":true,"href":"https:\/\/www.cphmc.com\/da\/wp-json\/wp\/v2\/media\/16964"}],"wp:attachment":[{"href":"https:\/\/www.cphmc.com\/da\/wp-json\/wp\/v2\/media?parent=16963"}],"wp:term":[{"taxonomy":"product_brand","embeddable":true,"href":"https:\/\/www.cphmc.com\/da\/wp-json\/wp\/v2\/product_brand?post=16963"},{"taxonomy":"product_cat","embeddable":true,"href":"https:\/\/www.cphmc.com\/da\/wp-json\/wp\/v2\/product_cat?post=16963"},{"taxonomy":"product_tag","embeddable":true,"href":"https:\/\/www.cphmc.com\/da\/wp-json\/wp\/v2\/product_tag?post=16963"},{"taxonomy":"woo-feed-brand","embeddable":true,"href":"https:\/\/www.cphmc.com\/da\/wp-json\/wp\/v2\/woo-feed-brand?post=16963"}],"curies":[{"name":"wp","href":"https:\/\/api.w.org\/{rel}","templated":true}]}}