{"id":17022,"date":"2026-05-03T17:03:05","date_gmt":"2026-05-03T15:03:05","guid":{"rendered":"https:\/\/www.cphmc.com\/?post_type=product&#038;p=17022"},"modified":"2026-05-03T17:19:31","modified_gmt":"2026-05-03T15:19:31","slug":"legend-gear-tank-bag-lt4","status":"publish","type":"product","link":"https:\/\/www.cphmc.com\/da\/mc-equipment\/bags-backpacks\/tank-bags\/legend-gear-tank-bag-lt4\/","title":{"rendered":"Legend Gear Tanktaske LT4"},"content":{"rendered":"<ul>\n<li>Legend Gear LT4 tanktasken kombinerer klassisk stil med moderne komfort.<\/li>\n<li>Den sikre magnetiske f\u00f8ring og mekaniske lukning sikrer nem h\u00e5ndtering, mens det udvidelige volumen fra 4 til 6 liter giver rigelig plads til det vigtigste.<\/li>\n<li>Holdbare, UV-bestandige materialer og et MOLLE-system g\u00f8r den til den perfekte rejseledsager.<\/li>\n<li>Tanktaskerne er lavet af et robust, matsort polyesterstof med fremragende UV- og slidstyrkev\u00e6rdier, men bevarer sin klassiske Legend Gear naturlige bomuldsfornemmelse.<\/li>\n<li>Vigtigt: For at fastg\u00f8re LT4-tanktasken skal du bruge den passende PRO-tankring til din motorcykelmodel. Brug cykelfilteret til at v\u00e6lge den korrekte PRO-tankring til din motorcykel.<\/li>\n<li>LT4 tanktasken er ikke kompatibel med EVO tankringe.<\/li>\n<li>Diskret reflekterende tyrelogo.<\/li>\n<li>Flad underside, kompatibel med n\u00e6sten alle tankformer.<\/li>\n<li>Kabelgennemf\u00f8ring p\u00e5 for- og bagside.<\/li>\n<li>Laminerede b\u00e6ltesp\u00e6nder og imiteret l\u00e6derbetr\u00e6k p\u00e5 lynl\u00e5str\u00e6kkerne.<\/li>\n<li>Detaljer i sort imiteret l\u00e6der fuldender det klassiske look.<\/li>\n<li>Farve: sort. Samlet volumen: 4,0-6,0 liter.<\/li>\n<li>Leveringsomfang: levering 1 x Legend Gear LT4 tanktaske, 1 x \u00f8vre ring, 1 x regnslag, monteringsvejledning og monteringsmateriale.<\/li>\n<\/ul>\n<p><strong>Materialesammens\u00e6tning<\/strong><br \/>\n\u00d8ko-Tech polyester og kunstl\u00e6der.<\/p>","protected":false},"excerpt":{"rendered":"<p>Legend Gear LT4 tanktasken kombinerer klassisk stil med moderne komfort.<\/p>\n<ul>\n<li>Den sikre magnetiske f\u00f8ring og mekaniske lukning sikrer<\/li>\n<li>Holdbare, UV-bestandige materialer og et MOLLE-system<\/li>\n<li>Lavet af et robust, matsort polyesterstof med fremragende UV- og slidstyrke<\/li>\n<li>Kompatibel med n\u00e6sten alle tankformer.<\/li>\n<li>Farve: sort. Rumfang: 4,0-6,0 liter.<\/li>\n<li>1 x Legend Gear LT4 tanktaske, 1 x \u00d8vre ring, 1 x Regnslag<\/li>\n<\/ul>","protected":false},"featured_media":17023,"comment_status":"open","ping_status":"closed","template":"","meta":{"_relevanssi_hide_post":"","_relevanssi_hide_content":"","_relevanssi_pin_for_all":"","_relevanssi_pin_keywords":"","_relevanssi_unpin_keywords":"","_relevanssi_related_keywords":"","_relevanssi_related_include_ids":"","_relevanssi_related_exclude_ids":"","_relevanssi_related_no_append":"","_relevanssi_related_not_related":"","_relevanssi_related_posts":"","_relevanssi_noindex_reason":""},"product_brand":[],"product_cat":[113,61,57],"product_tag":[],"woo-feed-brand":[],"class_list":{"0":"post-17022","1":"product","2":"type-product","3":"status-publish","4":"has-post-thumbnail","6":"product_cat-tank-bags","7":"product_cat-bags-backpacks","8":"product_cat-mc-equipment","10":"first","11":"instock","12":"taxable","13":"shipping-taxable","14":"purchasable","15":"product-type-simple"},"_links":{"self":[{"href":"https:\/\/www.cphmc.com\/da\/wp-json\/wp\/v2\/product\/17022","targetHints":{"allow":["GET"]}}],"collection":[{"href":"https:\/\/www.cphmc.com\/da\/wp-json\/wp\/v2\/product"}],"about":[{"href":"https:\/\/www.cphmc.com\/da\/wp-json\/wp\/v2\/types\/product"}],"replies":[{"embeddable":true,"href":"https:\/\/www.cphmc.com\/da\/wp-json\/wp\/v2\/comments?post=17022"}],"wp:featuredmedia":[{"embeddable":true,"href":"https:\/\/www.cphmc.com\/da\/wp-json\/wp\/v2\/media\/17023"}],"wp:attachment":[{"href":"https:\/\/www.cphmc.com\/da\/wp-json\/wp\/v2\/media?parent=17022"}],"wp:term":[{"taxonomy":"product_brand","embeddable":true,"href":"https:\/\/www.cphmc.com\/da\/wp-json\/wp\/v2\/product_brand?post=17022"},{"taxonomy":"product_cat","embeddable":true,"href":"https:\/\/www.cphmc.com\/da\/wp-json\/wp\/v2\/product_cat?post=17022"},{"taxonomy":"product_tag","embeddable":true,"href":"https:\/\/www.cphmc.com\/da\/wp-json\/wp\/v2\/product_tag?post=17022"},{"taxonomy":"woo-feed-brand","embeddable":true,"href":"https:\/\/www.cphmc.com\/da\/wp-json\/wp\/v2\/woo-feed-brand?post=17022"}],"curies":[{"name":"wp","href":"https:\/\/api.w.org\/{rel}","templated":true}]}}