{"id":17028,"date":"2026-05-03T17:03:11","date_gmt":"2026-05-03T15:03:11","guid":{"rendered":"https:\/\/www.cphmc.com\/?post_type=product&#038;p=17028"},"modified":"2026-05-03T17:23:06","modified_gmt":"2026-05-03T15:23:06","slug":"legend-gear-strap-on-tank-bag-lt2","status":"publish","type":"product","link":"https:\/\/www.cphmc.com\/da\/mc-equipment\/bags-backpacks\/tank-bags\/legend-gear-strap-on-tank-bag-lt2\/","title":{"rendered":"Legend Gear Strap-on tanktaske LT2"},"content":{"rendered":"<ul>\n<li>Den kompakte LT2 tanktaske bruger klassiske monteringsstropper med en moderne funktion: To aluminiumskroge g\u00f8r det nemt at l\u00f8fte tasken og f\u00e5 adgang til benzintanken.<\/li>\n<li>Legend Gear tanktasken er ideel til klassiske motorcykler som Scrambler og Caf\u00e9 Racer.<\/li>\n<li>Denne SW-MOTECH tanktaske er lavet af napalon syntetisk l\u00e6der og vokset kanvas med st\u00e6nksikker inderforing.<\/li>\n<li>Det vandt\u00e6tte regnslag med et klart PVC-vindue giver ekstra beskyttelse mod vejret. Takket v\u00e6re det robuste b\u00e6reh\u00e5ndtag er tanktasken nem at transportere.<\/li>\n<li>Det overlappende l\u00e5g beskytter mod snavs og fugt.<\/li>\n<li>Rem til fastg\u00f8relse af tilbeh\u00f8rstasker.<\/li>\n<li>St\u00e6nksikker inderforing.<\/li>\n<li>Kabelgennemf\u00f8ring p\u00e5 forsiden.<\/li>\n<li>Farve: Sort \/ Brun.<\/li>\n<li>St\u00f8rrelse: 30,0 x 18,0 x 15,0 cm \/ 11,8 x 7,1 x 5,9 tommer. Totalv\u00e6gt: ca. 0,7 kg \/ ca. 1,4 lb. Totalvolumen: 5,5 liter.<\/li>\n<li>Leveringsomfang: 1 x Legend Gear strap-on tanktaske LT2, 1 x regnslag med klart PVC-vindue og 2 x monteringsstropper.<\/li>\n<\/ul>\n<p><strong>Materialesammens\u00e6tning<\/strong><br \/>\nVokset kanvas og Napalon syntetisk l\u00e6der.<\/p>","protected":false},"excerpt":{"rendered":"<p>Den kompakte LT2 tanktaske bruger klassiske monteringsstropper med en moderne funktion: To aluminiumskroge g\u00f8r det nemt at l\u00f8fte tasken og f\u00e5 adgang til benzintanken. Legend Gear tanktasken er ideel til klassiske motorcykler som Scrambler og Caf\u00e9 Racer.<\/p>\n<ul>\n<li>Lavet af napalon syntetisk l\u00e6der og vokset kanvas med st\u00e6nksikker inderforing.<\/li>\n<li>Vandt\u00e6t regnslag med klart PVC-vindue<\/li>\n<li>Farve: Sort \/ Brun.<\/li>\n<li>Samlet volumen: 5,5 liter.<\/li>\n<li>1 x Legend Gear strap-on tanktaske LT2, 1 x regnslag med klart PVC-vindue og 2 x monteringsstropper.<\/li>\n<\/ul>","protected":false},"featured_media":17029,"comment_status":"open","ping_status":"closed","template":"","meta":{"_relevanssi_hide_post":"","_relevanssi_hide_content":"","_relevanssi_pin_for_all":"","_relevanssi_pin_keywords":"","_relevanssi_unpin_keywords":"","_relevanssi_related_keywords":"","_relevanssi_related_include_ids":"","_relevanssi_related_exclude_ids":"","_relevanssi_related_no_append":"","_relevanssi_related_not_related":"","_relevanssi_related_posts":"","_relevanssi_noindex_reason":""},"product_brand":[],"product_cat":[113,61,57],"product_tag":[],"woo-feed-brand":[],"class_list":{"0":"post-17028","1":"product","2":"type-product","3":"status-publish","4":"has-post-thumbnail","6":"product_cat-tank-bags","7":"product_cat-bags-backpacks","8":"product_cat-mc-equipment","10":"first","11":"instock","12":"taxable","13":"shipping-taxable","14":"purchasable","15":"product-type-simple"},"_links":{"self":[{"href":"https:\/\/www.cphmc.com\/da\/wp-json\/wp\/v2\/product\/17028","targetHints":{"allow":["GET"]}}],"collection":[{"href":"https:\/\/www.cphmc.com\/da\/wp-json\/wp\/v2\/product"}],"about":[{"href":"https:\/\/www.cphmc.com\/da\/wp-json\/wp\/v2\/types\/product"}],"replies":[{"embeddable":true,"href":"https:\/\/www.cphmc.com\/da\/wp-json\/wp\/v2\/comments?post=17028"}],"wp:featuredmedia":[{"embeddable":true,"href":"https:\/\/www.cphmc.com\/da\/wp-json\/wp\/v2\/media\/17029"}],"wp:attachment":[{"href":"https:\/\/www.cphmc.com\/da\/wp-json\/wp\/v2\/media?parent=17028"}],"wp:term":[{"taxonomy":"product_brand","embeddable":true,"href":"https:\/\/www.cphmc.com\/da\/wp-json\/wp\/v2\/product_brand?post=17028"},{"taxonomy":"product_cat","embeddable":true,"href":"https:\/\/www.cphmc.com\/da\/wp-json\/wp\/v2\/product_cat?post=17028"},{"taxonomy":"product_tag","embeddable":true,"href":"https:\/\/www.cphmc.com\/da\/wp-json\/wp\/v2\/product_tag?post=17028"},{"taxonomy":"woo-feed-brand","embeddable":true,"href":"https:\/\/www.cphmc.com\/da\/wp-json\/wp\/v2\/woo-feed-brand?post=17028"}],"curies":[{"name":"wp","href":"https:\/\/api.w.org\/{rel}","templated":true}]}}