{"id":17033,"date":"2026-05-03T17:03:15","date_gmt":"2026-05-03T15:03:15","guid":{"rendered":"https:\/\/www.cphmc.com\/?post_type=product&#038;p=17033"},"modified":"2026-05-03T17:25:30","modified_gmt":"2026-05-03T15:25:30","slug":"pro-sport-tank-bag","status":"publish","type":"product","link":"https:\/\/www.cphmc.com\/da\/mc-equipment\/bags-backpacks\/tank-bags\/pro-sport-tank-bag\/","title":{"rendered":"PRO Sport Tanktaske"},"content":{"rendered":"<ul>\n<li>PRO Sport er det perfekte valg til sporty motorcykler takket v\u00e6re sit i\u00f8jnefaldende design og flade form.<\/li>\n<li>Med 12-17 liter har tanktasken masser af opbevaringsplads. Til navigation kan smartphones sikkert fastg\u00f8res til MOLLE-systemet p\u00e5 l\u00e5get ved hj\u00e6lp af T-Lock-holderen.<\/li>\n<li>PRO tanktaskerne tilbyder et elegant og tidl\u00f8st design sammen med slidst\u00e6rke materialer og sofistikerede produktegenskaber: Ballistisk nylonmateriale beskytter bagagen mod st\u00f8d, vind og vejr.<\/li>\n<li>Toppen af lamineret EVA-materiale giver taskerne en karakteristisk form og sikrer sammen med en MOLLE-beslag et sikkert greb til smartphone- og tabletholdere.<\/li>\n<li>Den fabriksmonterede \u00f8vre ringf\u00f8ringsskinne g\u00f8r det meget nemmere at tilpasse tanktasken til tankens form og f\u00f8rerens ergonomiske behov. Kun PRO-tanktaskerne tilbyder denne fleksibilitet.<\/li>\n<li>Den matchende PRO-tankring er n\u00f8dvendig for montering p\u00e5 tanken (medf\u00f8lger ikke, s\u00e6lges separat). SW-MOTECH tilbyder de patenterede PRO-tankringe lavet af glasfiberforst\u00e6rket plast. De er lavet til at passe til motorcykelmodellen. Den robuste PRO-tankring med magnetisk f\u00f8ring sikrer PRO-tanktaskerne med en mekanisk QUICK-LOCK-snapl\u00e5s. Dette g\u00f8r det muligt at fastg\u00f8re eller fjerne tanktaskerne med kun \u00e9n h\u00e5nd.<\/li>\n<li>Netrum i indersiden.<\/li>\n<li>Vejrbeskyttelse med det medf\u00f8lgende regnslag.<\/li>\n<li>Robust b\u00e6reh\u00e5ndtag.<\/li>\n<li>Kabelgennemf\u00f8ring p\u00e5 for- og bagside.<\/li>\n<li>Kan bruges med kabell\u00e5s eller tyverisikring.<\/li>\n<li>Vigtigt: Tanktasker fra PRO-serien kan ikke kombineres med EVO-tankringe.<\/li>\n<li>Farve: sort\/gr\u00e5. St\u00f8rrelse: 39,5 x 31,5 x 16,5 cm \/ 15,6 x 12,4 x 6,5 tommer.<\/li>\n<li>Totalv\u00e6gt: ca. 1,4 kg \/ ca. 3,1 lb. Totalvolumen: 12,0-17,0 liter.<\/li>\n<li>Leveringsomfang: 1 x PRO Sport tanktaske, 1 x PRO topring, 1 x PRO Sport regnslag, monteringsvejledning og monteringsmateriale.<\/li>\n<\/ul>\n<p><strong>Materialesammens\u00e6tning<\/strong><br \/>\n100% 1680 denier ballistisk nylon.<\/p>\n<p>&nbsp;<\/p>","protected":false},"excerpt":{"rendered":"<p>PRO Sport er det perfekte valg til sporty motorcykler takket v\u00e6re sit i\u00f8jnefaldende design og flade form. Med 12-17 liter har tanktasken masser af opbevaringsplads. Til navigation kan smartphones sikkert fastg\u00f8res til MOLLE-systemet p\u00e5 l\u00e5get ved hj\u00e6lp af T-Lock-holderen.<\/p>\n<ul>\n<li>PRO tanktaskerne tilbyder et elegant og tidl\u00f8st design kombineret med slidst\u00e6rke materialer<\/li>\n<li>MOLLE-beslag i toppen sikrer et sikkert greb til smartphone- og tabletholdere.<\/li>\n<li>Farve: sort\/gr\u00e5.<\/li>\n<li>Samlet volumen: 12,0-17,0 liter.<\/li>\n<li>1 x PRO Sport tanktaske, 1 x PRO topring, 1 x PRO Sport regnslag<\/li>\n<\/ul>","protected":false},"featured_media":17034,"comment_status":"open","ping_status":"closed","template":"","meta":{"_relevanssi_hide_post":"","_relevanssi_hide_content":"","_relevanssi_pin_for_all":"","_relevanssi_pin_keywords":"","_relevanssi_unpin_keywords":"","_relevanssi_related_keywords":"","_relevanssi_related_include_ids":"","_relevanssi_related_exclude_ids":"","_relevanssi_related_no_append":"","_relevanssi_related_not_related":"","_relevanssi_related_posts":"","_relevanssi_noindex_reason":""},"product_brand":[],"product_cat":[113,61,57],"product_tag":[],"woo-feed-brand":[],"class_list":{"0":"post-17033","1":"product","2":"type-product","3":"status-publish","4":"has-post-thumbnail","6":"product_cat-tank-bags","7":"product_cat-bags-backpacks","8":"product_cat-mc-equipment","10":"first","11":"instock","12":"taxable","13":"shipping-taxable","14":"purchasable","15":"product-type-simple"},"_links":{"self":[{"href":"https:\/\/www.cphmc.com\/da\/wp-json\/wp\/v2\/product\/17033","targetHints":{"allow":["GET"]}}],"collection":[{"href":"https:\/\/www.cphmc.com\/da\/wp-json\/wp\/v2\/product"}],"about":[{"href":"https:\/\/www.cphmc.com\/da\/wp-json\/wp\/v2\/types\/product"}],"replies":[{"embeddable":true,"href":"https:\/\/www.cphmc.com\/da\/wp-json\/wp\/v2\/comments?post=17033"}],"wp:featuredmedia":[{"embeddable":true,"href":"https:\/\/www.cphmc.com\/da\/wp-json\/wp\/v2\/media\/17034"}],"wp:attachment":[{"href":"https:\/\/www.cphmc.com\/da\/wp-json\/wp\/v2\/media?parent=17033"}],"wp:term":[{"taxonomy":"product_brand","embeddable":true,"href":"https:\/\/www.cphmc.com\/da\/wp-json\/wp\/v2\/product_brand?post=17033"},{"taxonomy":"product_cat","embeddable":true,"href":"https:\/\/www.cphmc.com\/da\/wp-json\/wp\/v2\/product_cat?post=17033"},{"taxonomy":"product_tag","embeddable":true,"href":"https:\/\/www.cphmc.com\/da\/wp-json\/wp\/v2\/product_tag?post=17033"},{"taxonomy":"woo-feed-brand","embeddable":true,"href":"https:\/\/www.cphmc.com\/da\/wp-json\/wp\/v2\/woo-feed-brand?post=17033"}],"curies":[{"name":"wp","href":"https:\/\/api.w.org\/{rel}","templated":true}]}}