{"id":17070,"date":"2026-05-03T17:03:59","date_gmt":"2026-05-03T15:03:59","guid":{"rendered":"https:\/\/www.cphmc.com\/?post_type=product&#038;p=17070"},"modified":"2026-05-03T18:11:35","modified_gmt":"2026-05-03T16:11:35","slug":"pro-daypack-magnet-tank-bag","status":"publish","type":"product","link":"https:\/\/www.cphmc.com\/da\/mc-equipment\/bags-backpacks\/tank-bags\/pro-daypack-magnet-tank-bag\/","title":{"rendered":"PRO Daypack Magnet Tanktaske"},"content":{"rendered":"<p>Strong magnets give the PRO Daypack tank bag a firm hold, even on uneven terrain.<\/p>\n<ul>\n<li>Its sophisticated base plate design allows it to be released from the tank without exerting excessive force.<\/li>\n<li>PRO tanktaskerne tilbyder et elegant og tidl\u00f8st design sammen med slidst\u00e6rke materialer og sofistikerede produktegenskaber: Ballistisk nylonmateriale beskytter bagagen mod st\u00f8d, vind og vejr.<\/li>\n<li>The top, made of laminated EVA material, gives the bags a distinctive shape and, along with a MOLLE attachment, ensures a secure hold for smartphone and tablet holders.<\/li>\n<li>Reflective details for better visibility.<\/li>\n<li>Netrum i indersiden.<\/li>\n<li>Vejrbeskyttelse med det medf\u00f8lgende regnslag.<\/li>\n<li>Robust b\u00e6reh\u00e5ndtag.<\/li>\n<li>Cable feed-through on the front and rear<\/li>\n<li>Colour: black \/ grey.<\/li>\n<li>Size: 29,0 x 22,5 x 12,5 cm \/ 11.4 x 8.9 x 4.9 in.<\/li>\n<li>Total Weight: appr. 0,6 kg \/ appr. 1.4 lb. Total Volume: 6,0-9,0 Liters.<\/li>\n<li>Scope of delivery: 1 x PRO Daypack Magnet tank bag, 1 x PRO Daypack rain cover &amp; 1 x Adhesive protective foil.<\/li>\n<\/ul>\n<p><strong>Materialesammens\u00e6tning<\/strong><br \/>\n1680 Denier ballistic nylon &amp; Ethylene-vinyl acetate (EVA).<\/p>","protected":false},"excerpt":{"rendered":"<p>Strong magnets give the PRO Daypack tank bag a firm hold, even on uneven terrain.<\/p>\n<ul>\n<li>Ballistic nylon material protects the luggage against shocks, wind and weather.<\/li>\n<li>MOLLE attachment for smartphone and tablet holders.<\/li>\n<li>Vejrbeskyttelse med det medf\u00f8lgende regnslag.<\/li>\n<li>Colour: black \/ grey.<\/li>\n<li>Total Volume: 6,0-9,0 Liters.<\/li>\n<li>1 x PRO Daypack Magnet tank bag, 1 x PRO Daypack rain cover &amp; 1 x Adhesive protective foil.<\/li>\n<\/ul>","protected":false},"featured_media":17071,"comment_status":"open","ping_status":"closed","template":"","meta":{"_relevanssi_hide_post":"","_relevanssi_hide_content":"","_relevanssi_pin_for_all":"","_relevanssi_pin_keywords":"","_relevanssi_unpin_keywords":"","_relevanssi_related_keywords":"","_relevanssi_related_include_ids":"","_relevanssi_related_exclude_ids":"","_relevanssi_related_no_append":"","_relevanssi_related_not_related":"","_relevanssi_related_posts":"","_relevanssi_noindex_reason":""},"product_brand":[],"product_cat":[113,61,57],"product_tag":[],"woo-feed-brand":[],"class_list":{"0":"post-17070","1":"product","2":"type-product","3":"status-publish","4":"has-post-thumbnail","6":"product_cat-tank-bags","7":"product_cat-bags-backpacks","8":"product_cat-mc-equipment","10":"first","11":"instock","12":"taxable","13":"shipping-taxable","14":"purchasable","15":"product-type-simple"},"_links":{"self":[{"href":"https:\/\/www.cphmc.com\/da\/wp-json\/wp\/v2\/product\/17070","targetHints":{"allow":["GET"]}}],"collection":[{"href":"https:\/\/www.cphmc.com\/da\/wp-json\/wp\/v2\/product"}],"about":[{"href":"https:\/\/www.cphmc.com\/da\/wp-json\/wp\/v2\/types\/product"}],"replies":[{"embeddable":true,"href":"https:\/\/www.cphmc.com\/da\/wp-json\/wp\/v2\/comments?post=17070"}],"wp:featuredmedia":[{"embeddable":true,"href":"https:\/\/www.cphmc.com\/da\/wp-json\/wp\/v2\/media\/17071"}],"wp:attachment":[{"href":"https:\/\/www.cphmc.com\/da\/wp-json\/wp\/v2\/media?parent=17070"}],"wp:term":[{"taxonomy":"product_brand","embeddable":true,"href":"https:\/\/www.cphmc.com\/da\/wp-json\/wp\/v2\/product_brand?post=17070"},{"taxonomy":"product_cat","embeddable":true,"href":"https:\/\/www.cphmc.com\/da\/wp-json\/wp\/v2\/product_cat?post=17070"},{"taxonomy":"product_tag","embeddable":true,"href":"https:\/\/www.cphmc.com\/da\/wp-json\/wp\/v2\/product_tag?post=17070"},{"taxonomy":"woo-feed-brand","embeddable":true,"href":"https:\/\/www.cphmc.com\/da\/wp-json\/wp\/v2\/woo-feed-brand?post=17070"}],"curies":[{"name":"wp","href":"https:\/\/api.w.org\/{rel}","templated":true}]}}