{"id":17085,"date":"2026-05-03T18:31:13","date_gmt":"2026-05-03T16:31:13","guid":{"rendered":"https:\/\/www.cphmc.com\/?post_type=product&#038;p=17085"},"modified":"2026-05-03T18:44:44","modified_gmt":"2026-05-03T16:44:44","slug":"pbr-chain-tool","status":"publish","type":"product","link":"https:\/\/www.cphmc.com\/da\/mc-equipment\/tools\/workshop-tools\/pbr-chain-tool\/","title":{"rendered":"PBR-k\u00e6dev\u00e6rkt\u00f8j"},"content":{"rendered":"<p>Indexing letters on movable anvil and body ensures correct tool configuration; simply line up the letter on the anvil to the letter on the body to get the configuration needed<\/p>\n<ul>\n<li>Versatile design will remove chain pins, press master-link plates and rivet hollow nose and soft nose (quad stake) master link pins on O-ring and non O-ring type chains<\/li>\n<li>Easy to use design allows you to change tool functions by simply moving the position of the anvil block<\/li>\n<li>Includes protective plastic case for convenient storage of the PBR tool and all of its components<\/li>\n<li>Innovative design will press, break and rivet 520, 525 and 530 chains with one convenient tool<\/li>\n<li>All steel construction with heat treated components for strength and durability<\/li>\n<li>Compact and light enough to carry in a tool bag for trailside repairs<\/li>\n<li>All components conveniently store on tool when not in use<\/li>\n<li>May be supported in a vise or held with included handle<\/li>\n<li>Great for the professional technician or DIY mechanic<\/li>\n<li>Includes spare pin<\/li>\n<\/ul>","protected":false},"excerpt":{"rendered":"<p>Indexing letters on movable anvil and body ensures correct tool configuration; simply line up the letter on the anvil to the letter on the body to get the configuration needed<\/p>\n<ul>\n<li>Remove chain pins, press master-link plates and rivet hollow nose and soft nose (quad stake) master link pins on O-ring and non O-ring type chains<\/li>\n<li>Easy to use design allows you to change tool functions by simply moving the position of the anvil block<\/li>\n<li>Includes protective plastic case for convenient storage<\/li>\n<li>Innovative design will press, break and rivet 520, 525 and 530 chains<\/li>\n<li>Compact and light enough to carry in a tool bag for trailside repairs<\/li>\n<\/ul>","protected":false},"featured_media":17086,"comment_status":"open","ping_status":"closed","template":"","meta":{"_relevanssi_hide_post":"","_relevanssi_hide_content":"","_relevanssi_pin_for_all":"","_relevanssi_pin_keywords":"","_relevanssi_unpin_keywords":"","_relevanssi_related_keywords":"","_relevanssi_related_include_ids":"","_relevanssi_related_exclude_ids":"","_relevanssi_related_no_append":"","_relevanssi_related_not_related":"","_relevanssi_related_posts":"","_relevanssi_noindex_reason":""},"product_brand":[],"product_cat":[121,57,65],"product_tag":[],"woo-feed-brand":[],"class_list":{"0":"post-17085","1":"product","2":"type-product","3":"status-publish","4":"has-post-thumbnail","6":"product_cat-workshop-tools","7":"product_cat-mc-equipment","8":"product_cat-tools","10":"first","11":"instock","12":"taxable","13":"shipping-taxable","14":"purchasable","15":"product-type-simple"},"_links":{"self":[{"href":"https:\/\/www.cphmc.com\/da\/wp-json\/wp\/v2\/product\/17085","targetHints":{"allow":["GET"]}}],"collection":[{"href":"https:\/\/www.cphmc.com\/da\/wp-json\/wp\/v2\/product"}],"about":[{"href":"https:\/\/www.cphmc.com\/da\/wp-json\/wp\/v2\/types\/product"}],"replies":[{"embeddable":true,"href":"https:\/\/www.cphmc.com\/da\/wp-json\/wp\/v2\/comments?post=17085"}],"wp:featuredmedia":[{"embeddable":true,"href":"https:\/\/www.cphmc.com\/da\/wp-json\/wp\/v2\/media\/17086"}],"wp:attachment":[{"href":"https:\/\/www.cphmc.com\/da\/wp-json\/wp\/v2\/media?parent=17085"}],"wp:term":[{"taxonomy":"product_brand","embeddable":true,"href":"https:\/\/www.cphmc.com\/da\/wp-json\/wp\/v2\/product_brand?post=17085"},{"taxonomy":"product_cat","embeddable":true,"href":"https:\/\/www.cphmc.com\/da\/wp-json\/wp\/v2\/product_cat?post=17085"},{"taxonomy":"product_tag","embeddable":true,"href":"https:\/\/www.cphmc.com\/da\/wp-json\/wp\/v2\/product_tag?post=17085"},{"taxonomy":"woo-feed-brand","embeddable":true,"href":"https:\/\/www.cphmc.com\/da\/wp-json\/wp\/v2\/woo-feed-brand?post=17085"}],"curies":[{"name":"wp","href":"https:\/\/api.w.org\/{rel}","templated":true}]}}