{"id":17088,"date":"2026-05-03T18:31:16","date_gmt":"2026-05-03T16:31:16","guid":{"rendered":"https:\/\/www.cphmc.com\/?post_type=product&#038;p=17088"},"modified":"2026-05-03T18:45:54","modified_gmt":"2026-05-03T16:45:54","slug":"chain-breaker-and-riveting-tool","status":"publish","type":"product","link":"https:\/\/www.cphmc.com\/da\/mc-equipment\/tools\/workshop-tools\/chain-breaker-and-riveting-tool\/","title":{"rendered":"K\u00e6debryder og nittev\u00e6rkt\u00f8j"},"content":{"rendered":"<ul>\n<li>Versatile enough to be used on drive chains and some cam chains<\/li>\n<li>Includes three pin sizes to fit most chains (2 mm, 3 mm, 4 mm)<\/li>\n<li>Investment-cast, hardened body and redesigned body bolt<\/li>\n<li>Kit includes press plates to rivet 50 series chain only<\/li>\n<li>Can assemble 50 series press on master links<\/li>\n<li>For riveting hollow nose master links only<\/li>\n<li>Will break chains from 35 to 630<\/li>\n<li>Made in the USA<\/li>\n<li>For chain sizes 520 or larger it is recommended to first grind the rivet head.<\/li>\n<li>Pins also available separately.<\/li>\n<\/ul>","protected":false},"excerpt":{"rendered":"<p>Versatile enough to be used on drive chains and some cam chains<\/p>\n<ul>\n<li>Includes three pin sizes to fit most chains (2 mm, 3 mm, 4 mm)<\/li>\n<li>Kit includes press plates to rivet 50 series chain only<\/li>\n<li>Will break chains from 35 to 630<\/li>\n<li>For chain sizes 520 or larger it is recommended to first grind the rivet head.<\/li>\n<li>Pins also available separately.<\/li>\n<\/ul>","protected":false},"featured_media":17089,"comment_status":"open","ping_status":"closed","template":"","meta":{"_relevanssi_hide_post":"","_relevanssi_hide_content":"","_relevanssi_pin_for_all":"","_relevanssi_pin_keywords":"","_relevanssi_unpin_keywords":"","_relevanssi_related_keywords":"","_relevanssi_related_include_ids":"","_relevanssi_related_exclude_ids":"","_relevanssi_related_no_append":"","_relevanssi_related_not_related":"","_relevanssi_related_posts":"","_relevanssi_noindex_reason":""},"product_brand":[],"product_cat":[121,57,65],"product_tag":[],"woo-feed-brand":[],"class_list":{"0":"post-17088","1":"product","2":"type-product","3":"status-publish","4":"has-post-thumbnail","6":"product_cat-workshop-tools","7":"product_cat-mc-equipment","8":"product_cat-tools","10":"first","11":"instock","12":"taxable","13":"shipping-taxable","14":"purchasable","15":"product-type-simple"},"_links":{"self":[{"href":"https:\/\/www.cphmc.com\/da\/wp-json\/wp\/v2\/product\/17088","targetHints":{"allow":["GET"]}}],"collection":[{"href":"https:\/\/www.cphmc.com\/da\/wp-json\/wp\/v2\/product"}],"about":[{"href":"https:\/\/www.cphmc.com\/da\/wp-json\/wp\/v2\/types\/product"}],"replies":[{"embeddable":true,"href":"https:\/\/www.cphmc.com\/da\/wp-json\/wp\/v2\/comments?post=17088"}],"wp:featuredmedia":[{"embeddable":true,"href":"https:\/\/www.cphmc.com\/da\/wp-json\/wp\/v2\/media\/17089"}],"wp:attachment":[{"href":"https:\/\/www.cphmc.com\/da\/wp-json\/wp\/v2\/media?parent=17088"}],"wp:term":[{"taxonomy":"product_brand","embeddable":true,"href":"https:\/\/www.cphmc.com\/da\/wp-json\/wp\/v2\/product_brand?post=17088"},{"taxonomy":"product_cat","embeddable":true,"href":"https:\/\/www.cphmc.com\/da\/wp-json\/wp\/v2\/product_cat?post=17088"},{"taxonomy":"product_tag","embeddable":true,"href":"https:\/\/www.cphmc.com\/da\/wp-json\/wp\/v2\/product_tag?post=17088"},{"taxonomy":"woo-feed-brand","embeddable":true,"href":"https:\/\/www.cphmc.com\/da\/wp-json\/wp\/v2\/woo-feed-brand?post=17088"}],"curies":[{"name":"wp","href":"https:\/\/api.w.org\/{rel}","templated":true}]}}