{"id":17114,"date":"2026-05-03T18:42:56","date_gmt":"2026-05-03T16:42:56","guid":{"rendered":"https:\/\/www.cphmc.com\/?post_type=product&#038;p=17114"},"modified":"2026-05-03T18:51:03","modified_gmt":"2026-05-03T16:51:03","slug":"compression-tester-tool-2","status":"publish","type":"product","link":"https:\/\/www.cphmc.com\/da\/mc-equipment\/tools\/workshop-tools\/compression-tester-tool-2\/","title":{"rendered":"V\u00e6rkt\u00f8j til kompressionstester"},"content":{"rendered":"<ul>\n<li>Hj\u00e6lper med hurtigt og nemt at inspicere motorkompression p\u00e5 b\u00e5de 2-takts og 4-takts motorer<\/li>\n<li>Redesignet og forbedret emnemanifold med integreret trykudl\u00f8sningsventil<\/li>\n<li>Letl\u00e6selig pr\u00e6cision 0-300 psi analog m\u00e5ler med beskyttende gummist\u00f8vle<\/li>\n<li>Integreret hurtigfrakoblingsfitting for nem montering og afmontering af slange<\/li>\n<li>EU: Letl\u00e6selig pr\u00e6cisions 0-20,68 bar analog m\u00e5ler med beskyttende gummikappe <i><\/i><\/li>\n<\/ul>","protected":false},"excerpt":{"rendered":"<p>Hj\u00e6lper med hurtigt og nemt at inspicere motorkompression p\u00e5 b\u00e5de 2-takts og 4-takts motorer<\/p>\n<ul>\n<li>Redesignet og forbedret emnemanifold med integreret trykudl\u00f8sningsventil<\/li>\n<li>Letl\u00e6selig pr\u00e6cision 0-300 psi analog m\u00e5ler med beskyttende gummist\u00f8vle<\/li>\n<li>Integreret hurtigfrakoblingsfitting for nem montering og afmontering af slange<\/li>\n<li>EU: Letl\u00e6selig pr\u00e6cisions 0-20,68 bar analog m\u00e5ler med beskyttende gummikappe<\/li>\n<\/ul>","protected":false},"featured_media":17115,"comment_status":"open","ping_status":"closed","template":"","meta":{"_relevanssi_hide_post":"","_relevanssi_hide_content":"","_relevanssi_pin_for_all":"","_relevanssi_pin_keywords":"","_relevanssi_unpin_keywords":"","_relevanssi_related_keywords":"","_relevanssi_related_include_ids":"","_relevanssi_related_exclude_ids":"","_relevanssi_related_no_append":"","_relevanssi_related_not_related":"","_relevanssi_related_posts":"","_relevanssi_noindex_reason":""},"product_brand":[],"product_cat":[121,57,65],"product_tag":[],"woo-feed-brand":[],"class_list":{"0":"post-17114","1":"product","2":"type-product","3":"status-publish","4":"has-post-thumbnail","6":"product_cat-workshop-tools","7":"product_cat-mc-equipment","8":"product_cat-tools","10":"first","11":"instock","12":"taxable","13":"shipping-taxable","14":"purchasable","15":"product-type-simple"},"_links":{"self":[{"href":"https:\/\/www.cphmc.com\/da\/wp-json\/wp\/v2\/product\/17114","targetHints":{"allow":["GET"]}}],"collection":[{"href":"https:\/\/www.cphmc.com\/da\/wp-json\/wp\/v2\/product"}],"about":[{"href":"https:\/\/www.cphmc.com\/da\/wp-json\/wp\/v2\/types\/product"}],"replies":[{"embeddable":true,"href":"https:\/\/www.cphmc.com\/da\/wp-json\/wp\/v2\/comments?post=17114"}],"wp:featuredmedia":[{"embeddable":true,"href":"https:\/\/www.cphmc.com\/da\/wp-json\/wp\/v2\/media\/17115"}],"wp:attachment":[{"href":"https:\/\/www.cphmc.com\/da\/wp-json\/wp\/v2\/media?parent=17114"}],"wp:term":[{"taxonomy":"product_brand","embeddable":true,"href":"https:\/\/www.cphmc.com\/da\/wp-json\/wp\/v2\/product_brand?post=17114"},{"taxonomy":"product_cat","embeddable":true,"href":"https:\/\/www.cphmc.com\/da\/wp-json\/wp\/v2\/product_cat?post=17114"},{"taxonomy":"product_tag","embeddable":true,"href":"https:\/\/www.cphmc.com\/da\/wp-json\/wp\/v2\/product_tag?post=17114"},{"taxonomy":"woo-feed-brand","embeddable":true,"href":"https:\/\/www.cphmc.com\/da\/wp-json\/wp\/v2\/woo-feed-brand?post=17114"}],"curies":[{"name":"wp","href":"https:\/\/api.w.org\/{rel}","templated":true}]}}