{"id":17126,"date":"2026-05-03T19:09:52","date_gmt":"2026-05-03T17:09:52","guid":{"rendered":"https:\/\/www.cphmc.com\/?post_type=product&#038;p=17126"},"modified":"2026-05-03T19:17:39","modified_gmt":"2026-05-03T17:17:39","slug":"economy-tool-kit","status":"publish","type":"product","link":"https:\/\/www.cphmc.com\/da\/mc-equipment\/tools\/hand-tools\/economy-tool-kit\/","title":{"rendered":"\u00d8konomiv\u00e6rkt\u00f8jss\u00e6t"},"content":{"rendered":"<ul>\n<li>De mest popul\u00e6re v\u00e6rkt\u00f8jsst\u00f8rrelser, der passer til cyklen<\/li>\n<li>3-i-1 t\u00e6ndr\u00f8rsn\u00f8gle (16 mm, 18 mm, 21 mm)<\/li>\n<li>Slipforbindelsestang<\/li>\n<li>Vendbar skruetr\u00e6kker<\/li>\n<li>Gaffeln\u00f8gler (8 mm, 10 mm, 12 mm, 14 mm) <i><\/i><\/li>\n<\/ul>","protected":false},"excerpt":{"rendered":"<p>De mest popul\u00e6re v\u00e6rkt\u00f8jsst\u00f8rrelser fra Moose Offroad, der passer til cykler.<\/p>\n<ul>\n<li>3-i-1 t\u00e6ndr\u00f8rsn\u00f8gle (16 mm, 18 mm, 21 mm)<\/li>\n<li>Slipforbindelsestang<\/li>\n<li>Vendbar skruetr\u00e6kker<\/li>\n<li>Gaffeln\u00f8gler (8 mm, 10 mm, 12 mm, 14 mm)<\/li>\n<\/ul>","protected":false},"featured_media":17127,"comment_status":"open","ping_status":"closed","template":"","meta":{"_relevanssi_hide_post":"","_relevanssi_hide_content":"","_relevanssi_pin_for_all":"","_relevanssi_pin_keywords":"","_relevanssi_unpin_keywords":"","_relevanssi_related_keywords":"","_relevanssi_related_include_ids":"","_relevanssi_related_exclude_ids":"","_relevanssi_related_no_append":"","_relevanssi_related_not_related":"","_relevanssi_related_posts":"","_relevanssi_noindex_reason":""},"product_brand":[],"product_cat":[119,57,65],"product_tag":[],"woo-feed-brand":[],"class_list":{"0":"post-17126","1":"product","2":"type-product","3":"status-publish","4":"has-post-thumbnail","6":"product_cat-hand-tools","7":"product_cat-mc-equipment","8":"product_cat-tools","10":"first","11":"instock","12":"taxable","13":"shipping-taxable","14":"purchasable","15":"product-type-simple"},"_links":{"self":[{"href":"https:\/\/www.cphmc.com\/da\/wp-json\/wp\/v2\/product\/17126","targetHints":{"allow":["GET"]}}],"collection":[{"href":"https:\/\/www.cphmc.com\/da\/wp-json\/wp\/v2\/product"}],"about":[{"href":"https:\/\/www.cphmc.com\/da\/wp-json\/wp\/v2\/types\/product"}],"replies":[{"embeddable":true,"href":"https:\/\/www.cphmc.com\/da\/wp-json\/wp\/v2\/comments?post=17126"}],"wp:featuredmedia":[{"embeddable":true,"href":"https:\/\/www.cphmc.com\/da\/wp-json\/wp\/v2\/media\/17127"}],"wp:attachment":[{"href":"https:\/\/www.cphmc.com\/da\/wp-json\/wp\/v2\/media?parent=17126"}],"wp:term":[{"taxonomy":"product_brand","embeddable":true,"href":"https:\/\/www.cphmc.com\/da\/wp-json\/wp\/v2\/product_brand?post=17126"},{"taxonomy":"product_cat","embeddable":true,"href":"https:\/\/www.cphmc.com\/da\/wp-json\/wp\/v2\/product_cat?post=17126"},{"taxonomy":"product_tag","embeddable":true,"href":"https:\/\/www.cphmc.com\/da\/wp-json\/wp\/v2\/product_tag?post=17126"},{"taxonomy":"woo-feed-brand","embeddable":true,"href":"https:\/\/www.cphmc.com\/da\/wp-json\/wp\/v2\/woo-feed-brand?post=17126"}],"curies":[{"name":"wp","href":"https:\/\/api.w.org\/{rel}","templated":true}]}}