{"id":17129,"date":"2026-05-03T19:09:59","date_gmt":"2026-05-03T17:09:59","guid":{"rendered":"https:\/\/www.cphmc.com\/?post_type=product&#038;p=17129"},"modified":"2026-05-03T19:21:37","modified_gmt":"2026-05-03T17:21:37","slug":"ultimate-tool-kit","status":"publish","type":"product","link":"https:\/\/www.cphmc.com\/da\/mc-equipment\/tools\/hand-tools\/ultimate-tool-kit\/","title":{"rendered":"Ultimativt v\u00e6rkt\u00f8jss\u00e6t"},"content":{"rendered":"<ul>\n<li>66 piece tool kit tailored to most UTV&#8217;s and other vehicles using metric tools<\/li>\n<li>Comes in custom-made roll up tool bag with integrated handle for ease when carrying<\/li>\n<li>Includes all common metric, torx-series tools for wide application<\/li>\n<li>Kit Contains:<\/li>\n<li>1 &#8211; hammer: 24 oz dead blow with brass end<\/li>\n<li>1 &#8211; 12&#8243; adjustable wrench<\/li>\n<li>1 &#8211; 12&#8243; cold steel chisel<\/li>\n<li>1 &#8211; tire pressure gauge<\/li>\n<li>11 pcs combination wrench set: 8, 10, 12, 13, 14, 15, 16, 17, 18, 19, 21 mm<\/li>\n<li>3\/8&#8243; Drive Kit Set:<\/li>\n<li>1 &#8211; 3\/8&#8243; drive ratchet wrench<\/li>\n<li>9 pcs &#8211; 3\/8&#8243; drive sockets: 8, 9, 10, 13, 14, 15, 16, 17, 18 mm<\/li>\n<li>1 &#8211; Bit adapter 3\/8&#8243; (Female) x 1\/2&#8243; (Male)<\/li>\n<li>1 &#8211; 3\/8&#8243;, 3&#8243; extension bar<\/li>\n<li>1 &#8211; 3\/8&#8243;, 6&#8243; extension bar<\/li>\n<li>1\/2&#8243; Drive Kit Set:<\/li>\n<li>1 &#8211; 1\/2&#8243; drive, 10&#8243; flex handle<\/li>\n<li>1 &#8211; Bit adapter 1\/2&#8243; (Female) x 3\/8&#8243; (Male)<\/li>\n<li>5 pcs &#8211; 1\/2&#8243; drive sockets: 17, 19, 21, 27, 30 mm<\/li>\n<li>1 &#8211; 1\/2&#8243;, 3&#8243; extension bar<\/li>\n<li>1 &#8211; 1\/2&#8243;, 6&#8243; extension bar<\/li>\n<li>1 &#8211; Pin punch: 5 x 9.5 x 150 mm<\/li>\n<li>Hex and Torx Key Sets:<\/li>\n<li>9 pcs &#8211; long arm ball point hex key set<\/li>\n<li>9 pcs &#8211; long arm tamper proof torx key set<\/li>\n<li>2 pcs Screwdrivers:<\/li>\n<li>1 &#8211; slotted #6 x 100 mm<\/li>\n<li>1 &#8211; phillips #2 x 100 mm<\/li>\n<li>Pliers:<\/li>\n<li>4 pcs &#8211; snap ring pliers set<\/li>\n<li>1 &#8211; 10&#8243; groove joint pliers<\/li>\n<li>1 &#8211; 6&#8243; long nose pliers<\/li>\n<li>1 &#8211; 6&#8243; diagonal cutting pliers <i><\/i><\/li>\n<\/ul>","protected":false},"excerpt":{"rendered":"<p>66 piece tool kit tailored to most vehicles using metric tools. Comes in custom-made roll up tool bag with integrated handle for ease when carrying<\/p>\n<ul>\n<li>Includes all common metric, torx-series tools for wide application<\/li>\n<li>11 pcs combination wrench set: 8, 10, 12, 13, 14, 15, 16, 17, 18, 19, 21 mm<\/li>\n<li>9 pcs &#8211; 3\/8&#8243; drive sockets: 8, 9, 10, 13, 14, 15, 16, 17, 18 mm<\/li>\n<li>5 pcs &#8211; 1\/2&#8243; drive sockets: 17, 19, 21, 27, 30 mm<\/li>\n<li>4 pcs &#8211; snap ring pliers set<\/li>\n<li>And much more<\/li>\n<\/ul>","protected":false},"featured_media":17130,"comment_status":"open","ping_status":"closed","template":"","meta":{"_relevanssi_hide_post":"","_relevanssi_hide_content":"","_relevanssi_pin_for_all":"","_relevanssi_pin_keywords":"","_relevanssi_unpin_keywords":"","_relevanssi_related_keywords":"","_relevanssi_related_include_ids":"","_relevanssi_related_exclude_ids":"","_relevanssi_related_no_append":"","_relevanssi_related_not_related":"","_relevanssi_related_posts":"","_relevanssi_noindex_reason":""},"product_brand":[],"product_cat":[119,57,65],"product_tag":[],"woo-feed-brand":[],"class_list":{"0":"post-17129","1":"product","2":"type-product","3":"status-publish","4":"has-post-thumbnail","6":"product_cat-hand-tools","7":"product_cat-mc-equipment","8":"product_cat-tools","10":"first","11":"outofstock","12":"taxable","13":"shipping-taxable","14":"purchasable","15":"product-type-simple"},"_links":{"self":[{"href":"https:\/\/www.cphmc.com\/da\/wp-json\/wp\/v2\/product\/17129","targetHints":{"allow":["GET"]}}],"collection":[{"href":"https:\/\/www.cphmc.com\/da\/wp-json\/wp\/v2\/product"}],"about":[{"href":"https:\/\/www.cphmc.com\/da\/wp-json\/wp\/v2\/types\/product"}],"replies":[{"embeddable":true,"href":"https:\/\/www.cphmc.com\/da\/wp-json\/wp\/v2\/comments?post=17129"}],"wp:featuredmedia":[{"embeddable":true,"href":"https:\/\/www.cphmc.com\/da\/wp-json\/wp\/v2\/media\/17130"}],"wp:attachment":[{"href":"https:\/\/www.cphmc.com\/da\/wp-json\/wp\/v2\/media?parent=17129"}],"wp:term":[{"taxonomy":"product_brand","embeddable":true,"href":"https:\/\/www.cphmc.com\/da\/wp-json\/wp\/v2\/product_brand?post=17129"},{"taxonomy":"product_cat","embeddable":true,"href":"https:\/\/www.cphmc.com\/da\/wp-json\/wp\/v2\/product_cat?post=17129"},{"taxonomy":"product_tag","embeddable":true,"href":"https:\/\/www.cphmc.com\/da\/wp-json\/wp\/v2\/product_tag?post=17129"},{"taxonomy":"woo-feed-brand","embeddable":true,"href":"https:\/\/www.cphmc.com\/da\/wp-json\/wp\/v2\/woo-feed-brand?post=17129"}],"curies":[{"name":"wp","href":"https:\/\/api.w.org\/{rel}","templated":true}]}}