{"id":17170,"date":"2026-05-03T19:29:50","date_gmt":"2026-05-03T17:29:50","guid":{"rendered":"https:\/\/www.cphmc.com\/?post_type=product&#038;p=17170"},"modified":"2026-05-04T08:32:28","modified_gmt":"2026-05-04T06:32:28","slug":"spider-st1-communication-system-dual","status":"publish","type":"product","link":"https:\/\/www.cphmc.com\/da\/mc-equipment\/electronics-mounts\/communication\/spider-st1-communication-system-dual\/","title":{"rendered":"Spider ST1 Kommunikationssystem \u2013 Dobbelt"},"content":{"rendered":"<ul>\n<li>Kommunikationssystem med Mesh 2.0-teknologi<\/li>\n<li>Audio Multitasking\u2122 muligg\u00f8r problemfri blanding af indg\u00e5ende og udg\u00e5ende lyd for at skabe en blandet lydoplevelse<\/li>\n<li>N\u00e5r Group Mesh\u00ae bruges, opretter brugerne en privat gruppe, der underst\u00f8tter op til 24 ryttere over en r\u00e6kkevidde p\u00e5 otte kilometer.<\/li>\n<li>Har flersproget stemmemeddelelse<\/li>\n<li>EU: Intercom-arbejdsafstand op til 8,05 km i \u00e5bent terr\u00e6n<\/li>\n<li>Jog-drejeknap maksimerer brugervenligheden for rytteren og giver en mere sikker tur<\/li>\n<li>Mesh-headset med handskevenlig jog-dial-kontrol.<\/li>\n<\/ul>","protected":false},"excerpt":{"rendered":"<p>Kommunikationssystem med Mesh 2.0-teknologi<\/p>\n<ul>\n<li>Dobbelts\u00e6t (2 stk.)<\/li>\n<li>Audio Multitasking\u2122 muligg\u00f8r problemfri blanding af indg\u00e5ende og udg\u00e5ende lyd<\/li>\n<li>Group Mesh\u00ae, brugerne opretter en privat gruppe, der underst\u00f8tter op til 24 ryttere<\/li>\n<li>EU: Intercom-arbejdsafstand op til 8,05 km i \u00e5bent terr\u00e6n<\/li>\n<li>Jog-drejeknap maksimerer brugervenligheden for rytteren og giver en mere sikker tur<\/li>\n<li>Mesh-headset med handskevenlig jog-dial-kontrol.<\/li>\n<\/ul>","protected":false},"featured_media":17171,"comment_status":"open","ping_status":"closed","template":"","meta":{"_relevanssi_hide_post":"","_relevanssi_hide_content":"","_relevanssi_pin_for_all":"","_relevanssi_pin_keywords":"","_relevanssi_unpin_keywords":"","_relevanssi_related_keywords":"","_relevanssi_related_include_ids":"","_relevanssi_related_exclude_ids":"","_relevanssi_related_no_append":"","_relevanssi_related_not_related":"","_relevanssi_related_posts":"","_relevanssi_noindex_reason":""},"product_brand":[],"product_cat":[107,60,57],"product_tag":[],"woo-feed-brand":[],"class_list":{"0":"post-17170","1":"product","2":"type-product","3":"status-publish","4":"has-post-thumbnail","6":"product_cat-communication","7":"product_cat-electronics-mounts","8":"product_cat-mc-equipment","10":"first","11":"instock","12":"taxable","13":"shipping-taxable","14":"purchasable","15":"product-type-simple"},"_links":{"self":[{"href":"https:\/\/www.cphmc.com\/da\/wp-json\/wp\/v2\/product\/17170","targetHints":{"allow":["GET"]}}],"collection":[{"href":"https:\/\/www.cphmc.com\/da\/wp-json\/wp\/v2\/product"}],"about":[{"href":"https:\/\/www.cphmc.com\/da\/wp-json\/wp\/v2\/types\/product"}],"replies":[{"embeddable":true,"href":"https:\/\/www.cphmc.com\/da\/wp-json\/wp\/v2\/comments?post=17170"}],"wp:featuredmedia":[{"embeddable":true,"href":"https:\/\/www.cphmc.com\/da\/wp-json\/wp\/v2\/media\/17171"}],"wp:attachment":[{"href":"https:\/\/www.cphmc.com\/da\/wp-json\/wp\/v2\/media?parent=17170"}],"wp:term":[{"taxonomy":"product_brand","embeddable":true,"href":"https:\/\/www.cphmc.com\/da\/wp-json\/wp\/v2\/product_brand?post=17170"},{"taxonomy":"product_cat","embeddable":true,"href":"https:\/\/www.cphmc.com\/da\/wp-json\/wp\/v2\/product_cat?post=17170"},{"taxonomy":"product_tag","embeddable":true,"href":"https:\/\/www.cphmc.com\/da\/wp-json\/wp\/v2\/product_tag?post=17170"},{"taxonomy":"woo-feed-brand","embeddable":true,"href":"https:\/\/www.cphmc.com\/da\/wp-json\/wp\/v2\/woo-feed-brand?post=17170"}],"curies":[{"name":"wp","href":"https:\/\/api.w.org\/{rel}","templated":true}]}}