{"id":17295,"date":"2026-05-05T11:04:21","date_gmt":"2026-05-05T09:04:21","guid":{"rendered":"https:\/\/www.cphmc.com\/?post_type=product&#038;p=17295"},"modified":"2026-05-05T14:27:32","modified_gmt":"2026-05-05T12:27:32","slug":"gringo-s-helmet-black","status":"publish","type":"product","link":"https:\/\/www.cphmc.com\/da\/mc-clothing\/helmets\/full-face-helmets\/gringo-s-helmet-black\/","title":{"rendered":"Gringo S Hjelm \u2013 Sort"},"content":{"rendered":"<ul>\n<li>Spr\u00f8jtest\u00f8bt ABS ydre skal er robust, men alligevel let<\/li>\n<li>EPS-foring (ekspanderet polystyren) afleder st\u00f8dbelastninger og styrker hjelmstrukturen for en sikker pasform uden at g\u00e5 p\u00e5 kompromis med komforten<\/li>\n<li>Aftagelig\/udskiftelig komfortfor og kindpuder har b\u00f8rstet fleece lycra ber\u00f8ringspunkter for at absorbere og fordampe sved<\/li>\n<li>Hageremmen har b\u00f8rstet fleece lycra ber\u00f8ringspunkter for komfort og en justerbar endeholder<\/li>\n<li>Robust skjoldh\u00e6ngselhardware med robuste l\u00e5se giver dig mulighed for at \u00e5bne skjoldet ved langsomme hastigheder for \u00f8get luftstr\u00f8m<\/li>\n<li>St\u00f8bte fordybninger i EPS designet til at acceptere forskellige eftermarkedslyd- og kommunikationskomponenter<\/li>\n<\/ul>","protected":false},"excerpt":{"rendered":"<ul>\n<li>Spr\u00f8jtest\u00f8bt ABS ydre skal er robust, men alligevel let<\/li>\n<li>EPS-foring (ekspanderet polystyren) afleder st\u00f8dbelastninger og styrker hjelmstrukturen<\/li>\n<li>Aftagelig\/udskiftelig komfortforing og kindpuder<\/li>\n<li>Hageremmen har ber\u00f8ringspunkter med b\u00f8rstet fleece og Lycra for komfort<\/li>\n<\/ul>","protected":false},"featured_media":17313,"comment_status":"open","ping_status":"closed","template":"","meta":{"_relevanssi_hide_post":"","_relevanssi_hide_content":"","_relevanssi_pin_for_all":"","_relevanssi_pin_keywords":"","_relevanssi_unpin_keywords":"","_relevanssi_related_keywords":"","_relevanssi_related_include_ids":"","_relevanssi_related_exclude_ids":"","_relevanssi_related_no_append":"","_relevanssi_related_not_related":"","_relevanssi_related_posts":"","_relevanssi_noindex_reason":""},"product_brand":[],"product_cat":[81,50,56],"product_tag":[],"woo-feed-brand":[],"class_list":{"0":"post-17295","1":"product","2":"type-product","3":"status-publish","4":"has-post-thumbnail","6":"product_cat-full-face-helmets","7":"product_cat-helmets","8":"product_cat-mc-clothing","10":"first","11":"instock","12":"taxable","13":"shipping-taxable","14":"purchasable","15":"product-type-variable"},"_links":{"self":[{"href":"https:\/\/www.cphmc.com\/da\/wp-json\/wp\/v2\/product\/17295","targetHints":{"allow":["GET"]}}],"collection":[{"href":"https:\/\/www.cphmc.com\/da\/wp-json\/wp\/v2\/product"}],"about":[{"href":"https:\/\/www.cphmc.com\/da\/wp-json\/wp\/v2\/types\/product"}],"replies":[{"embeddable":true,"href":"https:\/\/www.cphmc.com\/da\/wp-json\/wp\/v2\/comments?post=17295"}],"wp:featuredmedia":[{"embeddable":true,"href":"https:\/\/www.cphmc.com\/da\/wp-json\/wp\/v2\/media\/17313"}],"wp:attachment":[{"href":"https:\/\/www.cphmc.com\/da\/wp-json\/wp\/v2\/media?parent=17295"}],"wp:term":[{"taxonomy":"product_brand","embeddable":true,"href":"https:\/\/www.cphmc.com\/da\/wp-json\/wp\/v2\/product_brand?post=17295"},{"taxonomy":"product_cat","embeddable":true,"href":"https:\/\/www.cphmc.com\/da\/wp-json\/wp\/v2\/product_cat?post=17295"},{"taxonomy":"product_tag","embeddable":true,"href":"https:\/\/www.cphmc.com\/da\/wp-json\/wp\/v2\/product_tag?post=17295"},{"taxonomy":"woo-feed-brand","embeddable":true,"href":"https:\/\/www.cphmc.com\/da\/wp-json\/wp\/v2\/woo-feed-brand?post=17295"}],"curies":[{"name":"wp","href":"https:\/\/api.w.org\/{rel}","templated":true}]}}