{"id":17318,"date":"2026-05-05T11:04:41","date_gmt":"2026-05-05T09:04:41","guid":{"rendered":"https:\/\/www.cphmc.com\/?post_type=product&#038;p=17318"},"modified":"2026-05-05T14:21:39","modified_gmt":"2026-05-05T12:21:39","slug":"gringo-s-tracker-helmet","status":"publish","type":"product","link":"https:\/\/www.cphmc.com\/da\/mc-clothing\/helmets\/full-face-helmets\/gringo-s-tracker-helmet\/","title":{"rendered":"Gringo S Tracker Hjelm"},"content":{"rendered":"<ul>\n<li>Injection-molded ABS outer shell is lightweight and resistant to impacts<\/li>\n<li>Intern sikkerhedsskal af dobbeltdensitets ekspanderet polystyren (EPS) absorberer og spreder st\u00f8denergi uden at g\u00e5 p\u00e5 kompromis med komforten<\/li>\n<li>St\u00f8bt uretan hagepude afleder energi under frontalkollision<\/li>\n<li>Hageremmen har ber\u00f8ringspunkter i b\u00f8rstet fleece og Lycra for komfort og et D-ringsfastholdelsessystem med r\u00f8d hurtigudl\u00f8ser-tr\u00e6kflig for hurtig afmontering.<\/li>\n<li>Aftagelig\/udskiftelig komfortforing og kindpuder er konstrueret med fleece Lycra og \u00e5bencellet skumpolstring for at absorbere og fordampe sved<\/li>\n<li>BioFoam head form panel and ventilated polyester padding maximize airflow around your head to ensure coolness and comfort<\/li>\n<li>St\u00f8bte EPS-\u00f8relommer passer til udvalgt eftermarkedslydtilbeh\u00f8r<\/li>\n<\/ul>","protected":false},"excerpt":{"rendered":"<ul>\n<li>Injection-molded ABS outer shell is lightweight and resistant to impacts<\/li>\n<li>Dual Density expanded polystyrene (EPS) internal safety shell<\/li>\n<li>St\u00f8bt uretan hagepude afleder energi under frontalkollision<\/li>\n<li>Chin strap features brushed fleece Lycra touchpoints for comfort<\/li>\n<\/ul>","protected":false},"featured_media":17323,"comment_status":"open","ping_status":"closed","template":"","meta":{"_relevanssi_hide_post":"","_relevanssi_hide_content":"","_relevanssi_pin_for_all":"","_relevanssi_pin_keywords":"","_relevanssi_unpin_keywords":"","_relevanssi_related_keywords":"","_relevanssi_related_include_ids":"","_relevanssi_related_exclude_ids":"","_relevanssi_related_no_append":"","_relevanssi_related_not_related":"","_relevanssi_related_posts":"","_relevanssi_noindex_reason":""},"product_brand":[],"product_cat":[81,50,56],"product_tag":[],"woo-feed-brand":[],"class_list":{"0":"post-17318","1":"product","2":"type-product","3":"status-publish","4":"has-post-thumbnail","6":"product_cat-full-face-helmets","7":"product_cat-helmets","8":"product_cat-mc-clothing","10":"first","11":"instock","12":"taxable","13":"shipping-taxable","14":"purchasable","15":"product-type-variable"},"_links":{"self":[{"href":"https:\/\/www.cphmc.com\/da\/wp-json\/wp\/v2\/product\/17318","targetHints":{"allow":["GET"]}}],"collection":[{"href":"https:\/\/www.cphmc.com\/da\/wp-json\/wp\/v2\/product"}],"about":[{"href":"https:\/\/www.cphmc.com\/da\/wp-json\/wp\/v2\/types\/product"}],"replies":[{"embeddable":true,"href":"https:\/\/www.cphmc.com\/da\/wp-json\/wp\/v2\/comments?post=17318"}],"wp:featuredmedia":[{"embeddable":true,"href":"https:\/\/www.cphmc.com\/da\/wp-json\/wp\/v2\/media\/17323"}],"wp:attachment":[{"href":"https:\/\/www.cphmc.com\/da\/wp-json\/wp\/v2\/media?parent=17318"}],"wp:term":[{"taxonomy":"product_brand","embeddable":true,"href":"https:\/\/www.cphmc.com\/da\/wp-json\/wp\/v2\/product_brand?post=17318"},{"taxonomy":"product_cat","embeddable":true,"href":"https:\/\/www.cphmc.com\/da\/wp-json\/wp\/v2\/product_cat?post=17318"},{"taxonomy":"product_tag","embeddable":true,"href":"https:\/\/www.cphmc.com\/da\/wp-json\/wp\/v2\/product_tag?post=17318"},{"taxonomy":"woo-feed-brand","embeddable":true,"href":"https:\/\/www.cphmc.com\/da\/wp-json\/wp\/v2\/woo-feed-brand?post=17318"}],"curies":[{"name":"wp","href":"https:\/\/api.w.org\/{rel}","templated":true}]}}