{"id":2095,"date":"2022-01-26T10:46:03","date_gmt":"2022-01-26T09:46:03","guid":{"rendered":"https:\/\/www.cphmc.com\/?post_type=product&#038;p=2095"},"modified":"2023-06-14T13:11:30","modified_gmt":"2023-06-14T11:11:30","slug":"airframe-pro-fastfood","status":"publish","type":"product","link":"https:\/\/www.cphmc.com\/da\/mc-clothing\/helmets\/full-face-helmets\/airframe-pro-fastfood\/","title":{"rendered":"Airframe Pro \u2013 Fastfood"},"content":{"rendered":"","protected":false},"excerpt":{"rendered":"<ul>\n<li>\u00d8get angrebsvinkel designet til at bevare udsyn og stabilitet<\/li>\n<li>Komprimeret, kompakt form<\/li>\n<li>Skulpteret halsudsk\u00e6ring undg\u00e5r forstyrrelser fra jakke eller jakkes\u00e6t<\/li>\n<li>Kulfiber, Dyneema\u00ae og glasfiberkompositskal for ekstra styrke; Construct hjelm har en grov ufuldkommen finish<\/li>\n<li>Overdimensionerede indsugnings- og udst\u00f8dningsporte udlufter varm luft og hj\u00e6lper med at forhindre dug<\/li>\n<li>Aftagelig st\u00f8bt \u00e5ndedeflektor reducerer skjolddugning<\/li>\n<li>Icon Optics\u2122 skjold<\/li>\n<li>Prolock\u2122 sikkert skjoldl\u00e5sesystem<\/li>\n<li>Ni indsugnings- og fem udst\u00f8dnings\u00e5bninger<\/li>\n<li>Bagspoiler for reduceret hjelmbuffing<\/li>\n<li>Fuldt aftageligt Hydra-Dry\u2122 fugttransporterende interi\u00f8r<\/li>\n<li>Construct har en n\u00f8gen ravv\u00e6vet finish, der er blevet coatet med en rig glans klarlak<\/li>\n<li>Alle verdensstandarder opfylder eller overg\u00e5r f\u00f8lgende: DOT FMVSS 218 (USA), ECE 22-05 (Europa), SAI AS1698 (Australien), &amp; SG (Japan) sikkerheds- og teststandarder<\/li>\n<\/ul>","protected":false},"featured_media":2106,"comment_status":"closed","ping_status":"closed","template":"","meta":{"_relevanssi_hide_post":"","_relevanssi_hide_content":"","_relevanssi_pin_for_all":"","_relevanssi_pin_keywords":"","_relevanssi_unpin_keywords":"","_relevanssi_related_keywords":"","_relevanssi_related_include_ids":"","_relevanssi_related_exclude_ids":"","_relevanssi_related_no_append":"","_relevanssi_related_not_related":"","_relevanssi_related_posts":"","_relevanssi_noindex_reason":""},"product_brand":[],"product_cat":[81,50,15],"product_tag":[],"woo-feed-brand":[],"class_list":{"0":"post-2095","1":"product","2":"type-product","3":"status-publish","4":"has-post-thumbnail","6":"product_cat-full-face-helmets","7":"product_cat-helmets","8":"product_cat-news","10":"first","11":"instock","12":"taxable","13":"shipping-taxable","14":"purchasable","15":"product-type-variable"},"_links":{"self":[{"href":"https:\/\/www.cphmc.com\/da\/wp-json\/wp\/v2\/product\/2095","targetHints":{"allow":["GET"]}}],"collection":[{"href":"https:\/\/www.cphmc.com\/da\/wp-json\/wp\/v2\/product"}],"about":[{"href":"https:\/\/www.cphmc.com\/da\/wp-json\/wp\/v2\/types\/product"}],"replies":[{"embeddable":true,"href":"https:\/\/www.cphmc.com\/da\/wp-json\/wp\/v2\/comments?post=2095"}],"wp:featuredmedia":[{"embeddable":true,"href":"https:\/\/www.cphmc.com\/da\/wp-json\/wp\/v2\/media\/2106"}],"wp:attachment":[{"href":"https:\/\/www.cphmc.com\/da\/wp-json\/wp\/v2\/media?parent=2095"}],"wp:term":[{"taxonomy":"product_brand","embeddable":true,"href":"https:\/\/www.cphmc.com\/da\/wp-json\/wp\/v2\/product_brand?post=2095"},{"taxonomy":"product_cat","embeddable":true,"href":"https:\/\/www.cphmc.com\/da\/wp-json\/wp\/v2\/product_cat?post=2095"},{"taxonomy":"product_tag","embeddable":true,"href":"https:\/\/www.cphmc.com\/da\/wp-json\/wp\/v2\/product_tag?post=2095"},{"taxonomy":"woo-feed-brand","embeddable":true,"href":"https:\/\/www.cphmc.com\/da\/wp-json\/wp\/v2\/woo-feed-brand?post=2095"}],"curies":[{"name":"wp","href":"https:\/\/api.w.org\/{rel}","templated":true}]}}