{"id":2182,"date":"2022-01-26T14:55:01","date_gmt":"2022-01-26T13:55:01","guid":{"rendered":"https:\/\/www.cphmc.com\/?post_type=product&#038;p=2182"},"modified":"2023-06-14T13:11:19","modified_gmt":"2023-06-14T11:11:19","slug":"bullitt-dlx-helmet-stripes-gloss-pearl-white","status":"publish","type":"product","link":"https:\/\/www.cphmc.com\/da\/mc-clothing\/helmets\/full-face-helmets\/bullitt-dlx-helmet-stripes-gloss-pearl-white\/","title":{"rendered":"Bullitt DLX-hjelm \u2013 Stripes Gloss Pearl White"},"content":{"rendered":"<p>Bullitt tilbyder ryttere et vintage-look med en moderne smag, og overskrider mange kategorier af motorcykling. Designfunktioner som den store \u00f8jenport g\u00f8r, at brugeren f\u00f8ler sig mindre indelukket, mens den stadig tilbyder fuld ansigtsbeskyttelse. Ventilations\u00e5bninger i st\u00e5lnet p\u00e5 panden \u2013 inspireret af de &quot;snaps&quot;, der ville v\u00e6re fundet p\u00e5 hjelme fra 70&#039;erne \u2013 er faktisk funktionelle luftveje, der tr\u00e6kker k\u00f8lig luft over rytterens hoved og kommer ud af den lavprofilerede udst\u00f8dning bagtil. En lavprofil glasfiberskal og \u00e6gte l\u00e6derinteri\u00f8r kombineret med de tilsyneladende endel\u00f8se skjoldmuligheder st\u00f8rkner dette som et b\u00e6rbart, beskyttende kunstv\u00e6rk. En \u00e6gte Bell Original, moderne klassiker.<\/p>","protected":false},"excerpt":{"rendered":"<ul>\n<li><\/li>\n<li>Skalkonstruktion af glasfiber<\/li>\n<li>Velocity Flow Ventilation\u2122-system med FlowAdjust\u2122<\/li>\n<li>Multi Density EPS Liner<\/li>\n<li>3 Shell- og EPS-st\u00f8rrelser for en personlig pasform<\/li>\n<li>Forreste hageventiler med metalnetindtag og udst\u00f8dningsventiler<\/li>\n<li>\u00c6gte l\u00e6der, aftagelig\/vaskbar, antibakteriel liner<\/li>\n<li>Polstret hagerem med D-ring lukning<\/li>\n<li>Konturformede kindpuder<\/li>\n<li>Integrerede h\u00f8jttalerlommer<\/li>\n<li>Tilbeh\u00f8rsskjolde til et personligt look<\/li>\n<li>Branchef\u00f8rende fem \u00e5rs garanti<\/li>\n<li>Ogs\u00e5 inkluderet: Bullit Flat Dark Smoke Shield<\/li>\n<\/ul>","protected":false},"featured_media":2192,"comment_status":"closed","ping_status":"closed","template":"","meta":{"_relevanssi_hide_post":"","_relevanssi_hide_content":"","_relevanssi_pin_for_all":"","_relevanssi_pin_keywords":"","_relevanssi_unpin_keywords":"","_relevanssi_related_keywords":"","_relevanssi_related_include_ids":"","_relevanssi_related_exclude_ids":"","_relevanssi_related_no_append":"","_relevanssi_related_not_related":"","_relevanssi_related_posts":"","_relevanssi_noindex_reason":""},"product_brand":[],"product_cat":[81,50,15],"product_tag":[],"woo-feed-brand":[],"class_list":{"0":"post-2182","1":"product","2":"type-product","3":"status-publish","4":"has-post-thumbnail","6":"product_cat-full-face-helmets","7":"product_cat-helmets","8":"product_cat-news","10":"first","11":"instock","12":"taxable","13":"shipping-taxable","14":"purchasable","15":"product-type-variable"},"_links":{"self":[{"href":"https:\/\/www.cphmc.com\/da\/wp-json\/wp\/v2\/product\/2182","targetHints":{"allow":["GET"]}}],"collection":[{"href":"https:\/\/www.cphmc.com\/da\/wp-json\/wp\/v2\/product"}],"about":[{"href":"https:\/\/www.cphmc.com\/da\/wp-json\/wp\/v2\/types\/product"}],"replies":[{"embeddable":true,"href":"https:\/\/www.cphmc.com\/da\/wp-json\/wp\/v2\/comments?post=2182"}],"wp:featuredmedia":[{"embeddable":true,"href":"https:\/\/www.cphmc.com\/da\/wp-json\/wp\/v2\/media\/2192"}],"wp:attachment":[{"href":"https:\/\/www.cphmc.com\/da\/wp-json\/wp\/v2\/media?parent=2182"}],"wp:term":[{"taxonomy":"product_brand","embeddable":true,"href":"https:\/\/www.cphmc.com\/da\/wp-json\/wp\/v2\/product_brand?post=2182"},{"taxonomy":"product_cat","embeddable":true,"href":"https:\/\/www.cphmc.com\/da\/wp-json\/wp\/v2\/product_cat?post=2182"},{"taxonomy":"product_tag","embeddable":true,"href":"https:\/\/www.cphmc.com\/da\/wp-json\/wp\/v2\/product_tag?post=2182"},{"taxonomy":"woo-feed-brand","embeddable":true,"href":"https:\/\/www.cphmc.com\/da\/wp-json\/wp\/v2\/woo-feed-brand?post=2182"}],"curies":[{"name":"wp","href":"https:\/\/api.w.org\/{rel}","templated":true}]}}