{"id":2281,"date":"2022-01-26T16:05:36","date_gmt":"2022-01-26T15:05:36","guid":{"rendered":"https:\/\/www.cphmc.com\/?post_type=product&#038;p=2281"},"modified":"2023-06-14T13:13:17","modified_gmt":"2023-06-14T11:13:17","slug":"fusion-airbag-jacket-leather-black","status":"publish","type":"product","link":"https:\/\/www.cphmc.com\/da\/mc-clothing\/safety-equipment\/airbag-jackets-vests\/fusion-airbag-jacket-leather-black\/","title":{"rendered":"Fusion Airbag"},"content":{"rendered":"<p>Fusion kan v\u00e6re stylet som en vintage motorcykeljakke, men den er fyldt med moderne teknologi indeni for uovertrufne niveauer af beskyttelse.<\/p>\n<p>Denne klassiske jakke f\u00f8les utrolig at have p\u00e5. Fremstillet af et superbl\u00f8dt, mat finish premium anilinvokset l\u00e6der, det har et fire-vejs v\u00e6vet stretchmateriale til siderne og armene, som giver maksimal komfort og hj\u00e6lper med at udl\u00f8se airbaggen.<\/p>\n<p>Derudover er n\u00f8glefunktioner som det faste Quick Dry mesh-for, rullede l\u00e6dermanchetter og -krave, lynl\u00e5se i vintage-stil og taljejusteringer n\u00f8gledetaljer, der underst\u00f8tter en frisk, skr\u00e6ddersyet pasform og et diskret, lavm\u00e6lt design, der forbedrer det klassiske diskrete look. fusionen.<\/p>\n<p>Og n\u00e5r man ser p\u00e5 den tilbudte beskyttelse: en suite af CE Level 1-rustning og rygbeskytter og underst\u00f8ttet af integreret In&amp;motion Airbag-teknologi, er det her, Fusion-jakken virkelig kommer til sin ret.<\/p>\n<p><strong>Rustning<\/strong><\/p>\n<ul>\n<li>Rygbeskytter: In&amp;motion CE Rygbeskytter niveau 1<\/li>\n<li>Skulderpanser: CE niveau 1<\/li>\n<li>Albuepanser: CE niveau 1<\/li>\n<li>Airbag: In&amp;motion System<\/li>\n<\/ul>\n<p><strong>Konstruktion<\/strong><\/p>\n<ul>\n<li>Hovedydermateriale: Premium anilinvokset l\u00e6der<\/li>\n<li>Str\u00e6kmateriale: 4 Way Woven Stretch<\/li>\n<li>Indvendig foring: Fast Quick Dry 3D Mesh foring<\/li>\n<li>Manchet: rullet l\u00e6der<\/li>\n<li>Manchet: rullet l\u00e6der<\/li>\n<li>Lynl\u00e5se: RST Premium lynl\u00e5se<\/li>\n<li>Tr\u00e5d: Bonded Nylon<\/li>\n<li>Forbindelse Zip: Nej<\/li>\n<\/ul>\n<p>F<strong>eatures &amp; fordele<\/strong><\/p>\n<ul>\n<li>Justering: Sp\u00e6nde foran taljejustering<\/li>\n<li>Yderlommer: 3<\/li>\n<li>Indvendige lommer: 1<\/li>\n<\/ul>\n<p>&nbsp;<\/p>\n<p><strong>FIT PROFIL: Klassisk\u00a0<\/strong><\/p>\n<p><strong>HVORDAN F\u00c5R DU DET?<\/strong><\/p>\n<ol>\n<li>K\u00f8b en RST integreret Airbag-bekl\u00e6dning fra en godkendt RST Airbag-forhandler<\/li>\n<li>Modtag <em><strong>I BEV\u00c6GELSE<\/strong><\/em> boks fra din forhandler<\/li>\n<li>Bes\u00f8g <a href=\"https:\/\/my.inemotion.com\" target=\"_blank\" rel=\"noopener\">my.inemotion.com<\/a> for at oprette din konto<\/li>\n<li>Download in&amp;motion-appen<\/li>\n<li>K\u00f8b en medlemspakke: k\u00f8b eller leasing<\/li>\n<li>Aktiver din konto<\/li>\n<li>K\u00f8r sikkert!<\/li>\n<\/ol>","protected":false},"excerpt":{"rendered":"<p>Fusion kan v\u00e6re stylet som en vintage motorcykeljakke, men den er fyldt med moderne teknologi indeni for uovertrufne niveauer af beskyttelse.<\/p>\n<p><a href=\"https:\/\/www.cphmc.com\/wp-content\/uploads\/2022\/01\/rst-size-chart.pdf\" target=\"_blank\" rel=\"noopener\">Download RST st\u00f8rrelsesskema<\/a><\/p>","protected":false},"featured_media":2292,"comment_status":"closed","ping_status":"closed","template":"","meta":{"_relevanssi_hide_post":"","_relevanssi_hide_content":"","_relevanssi_pin_for_all":"","_relevanssi_pin_keywords":"","_relevanssi_unpin_keywords":"","_relevanssi_related_keywords":"","_relevanssi_related_include_ids":"","_relevanssi_related_exclude_ids":"","_relevanssi_related_no_append":"","_relevanssi_related_not_related":"","_relevanssi_related_posts":"","_relevanssi_noindex_reason":""},"product_brand":[],"product_cat":[102,53,95,56,55],"product_tag":[234],"woo-feed-brand":[],"class_list":{"0":"post-2281","1":"product","2":"type-product","3":"status-publish","4":"has-post-thumbnail","6":"product_cat-airbag-jackets-vests","7":"product_cat-jackets-vests","8":"product_cat-leather-jackets","9":"product_cat-mc-clothing","10":"product_cat-safety-equipment","11":"product_tag-airbag","13":"first","14":"instock","15":"taxable","16":"shipping-taxable","17":"purchasable","18":"product-type-variable"},"_links":{"self":[{"href":"https:\/\/www.cphmc.com\/da\/wp-json\/wp\/v2\/product\/2281","targetHints":{"allow":["GET"]}}],"collection":[{"href":"https:\/\/www.cphmc.com\/da\/wp-json\/wp\/v2\/product"}],"about":[{"href":"https:\/\/www.cphmc.com\/da\/wp-json\/wp\/v2\/types\/product"}],"replies":[{"embeddable":true,"href":"https:\/\/www.cphmc.com\/da\/wp-json\/wp\/v2\/comments?post=2281"}],"wp:featuredmedia":[{"embeddable":true,"href":"https:\/\/www.cphmc.com\/da\/wp-json\/wp\/v2\/media\/2292"}],"wp:attachment":[{"href":"https:\/\/www.cphmc.com\/da\/wp-json\/wp\/v2\/media?parent=2281"}],"wp:term":[{"taxonomy":"product_brand","embeddable":true,"href":"https:\/\/www.cphmc.com\/da\/wp-json\/wp\/v2\/product_brand?post=2281"},{"taxonomy":"product_cat","embeddable":true,"href":"https:\/\/www.cphmc.com\/da\/wp-json\/wp\/v2\/product_cat?post=2281"},{"taxonomy":"product_tag","embeddable":true,"href":"https:\/\/www.cphmc.com\/da\/wp-json\/wp\/v2\/product_tag?post=2281"},{"taxonomy":"woo-feed-brand","embeddable":true,"href":"https:\/\/www.cphmc.com\/da\/wp-json\/wp\/v2\/woo-feed-brand?post=2281"}],"curies":[{"name":"wp","href":"https:\/\/api.w.org\/{rel}","templated":true}]}}