{"id":2322,"date":"2022-01-26T17:35:03","date_gmt":"2022-01-26T16:35:03","guid":{"rendered":"https:\/\/www.cphmc.com\/?post_type=product&#038;p=2322"},"modified":"2023-06-14T13:13:14","modified_gmt":"2023-06-14T11:13:14","slug":"hillberry-ce-jacket-leather","status":"publish","type":"product","link":"https:\/\/www.cphmc.com\/da\/mc-clothing\/safety-equipment\/airbag-jackets-vests\/hillberry-ce-jacket-leather\/","title":{"rendered":"Hillberry"},"content":{"rendered":"<p>Denne retro-stil l\u00e6derjakke er CE godkendt. Det faste satinfor giver en luksuri\u00f8s f\u00f8lelse, n\u00e5r du tager jakken p\u00e5.<\/p>\n<p><strong>Rustning<\/strong><\/p>\n<ul>\n<li>CE-certificering: A<\/li>\n<li>Rygbeskytter: Kun lomme<\/li>\n<li>Skulderpanser: Niveau 1 \u2013 CE-certificeret<\/li>\n<li>Albuepanser: Niveau 1 \u2013 CE-certificeret<\/li>\n<\/ul>\n<p><strong>Konstruktion<\/strong><\/p>\n<ul>\n<li>Vigtigste ydre materiale: Anilin voksbehandlet oksel\u00e6der<\/li>\n<li>Indvendig foring: Fast satinfor<\/li>\n<li>Krave: Valset l\u00e6der<\/li>\n<li>Manchet: rullet l\u00e6der<\/li>\n<li>Lynl\u00e5se: YKK Antique Messing<\/li>\n<li>Tr\u00e5d: Coates Bonded Nylon \u2013 Triple Stitched<\/li>\n<li>Forbindelse Zip: Nej<\/li>\n<\/ul>\n<p><strong>Styling<\/strong><\/p>\n<ul>\n<li>Indvendige lommer: 3<\/li>\n<li>Yderlommer: 4<\/li>\n<\/ul>","protected":false},"excerpt":{"rendered":"<p>Denne retro-stil l\u00e6derjakke er CE godkendt. Det faste satinfor giver en luksuri\u00f8s f\u00f8lelse, n\u00e5r du tager jakken p\u00e5.<\/p>\n<p><a href=\"https:\/\/www.cphmc.com\/wp-content\/uploads\/2022\/01\/rst-size-chart.pdf\" target=\"_blank\" rel=\"noopener\">Download RST st\u00f8rrelsesskema<\/a><\/p>","protected":false},"featured_media":2332,"comment_status":"closed","ping_status":"closed","template":"","meta":{"_relevanssi_hide_post":"","_relevanssi_hide_content":"","_relevanssi_pin_for_all":"","_relevanssi_pin_keywords":"","_relevanssi_unpin_keywords":"","_relevanssi_related_keywords":"","_relevanssi_related_include_ids":"","_relevanssi_related_exclude_ids":"","_relevanssi_related_no_append":"","_relevanssi_related_not_related":"","_relevanssi_related_posts":"","_relevanssi_noindex_reason":""},"product_brand":[],"product_cat":[102,53,95,56,55],"product_tag":[],"woo-feed-brand":[],"class_list":{"0":"post-2322","1":"product","2":"type-product","3":"status-publish","4":"has-post-thumbnail","6":"product_cat-airbag-jackets-vests","7":"product_cat-jackets-vests","8":"product_cat-leather-jackets","9":"product_cat-mc-clothing","10":"product_cat-safety-equipment","12":"first","13":"instock","14":"taxable","15":"shipping-taxable","16":"purchasable","17":"product-type-variable"},"_links":{"self":[{"href":"https:\/\/www.cphmc.com\/da\/wp-json\/wp\/v2\/product\/2322","targetHints":{"allow":["GET"]}}],"collection":[{"href":"https:\/\/www.cphmc.com\/da\/wp-json\/wp\/v2\/product"}],"about":[{"href":"https:\/\/www.cphmc.com\/da\/wp-json\/wp\/v2\/types\/product"}],"replies":[{"embeddable":true,"href":"https:\/\/www.cphmc.com\/da\/wp-json\/wp\/v2\/comments?post=2322"}],"wp:featuredmedia":[{"embeddable":true,"href":"https:\/\/www.cphmc.com\/da\/wp-json\/wp\/v2\/media\/2332"}],"wp:attachment":[{"href":"https:\/\/www.cphmc.com\/da\/wp-json\/wp\/v2\/media?parent=2322"}],"wp:term":[{"taxonomy":"product_brand","embeddable":true,"href":"https:\/\/www.cphmc.com\/da\/wp-json\/wp\/v2\/product_brand?post=2322"},{"taxonomy":"product_cat","embeddable":true,"href":"https:\/\/www.cphmc.com\/da\/wp-json\/wp\/v2\/product_cat?post=2322"},{"taxonomy":"product_tag","embeddable":true,"href":"https:\/\/www.cphmc.com\/da\/wp-json\/wp\/v2\/product_tag?post=2322"},{"taxonomy":"woo-feed-brand","embeddable":true,"href":"https:\/\/www.cphmc.com\/da\/wp-json\/wp\/v2\/woo-feed-brand?post=2322"}],"curies":[{"name":"wp","href":"https:\/\/api.w.org\/{rel}","templated":true}]}}