{"id":2376,"date":"2022-01-27T10:54:02","date_gmt":"2022-01-27T09:54:02","guid":{"rendered":"https:\/\/www.cphmc.com\/?post_type=product&#038;p=2376"},"modified":"2023-06-14T13:00:08","modified_gmt":"2023-06-14T11:00:08","slug":"faster-airflow-v2","status":"publish","type":"product","link":"https:\/\/www.cphmc.com\/da\/mc-clothing\/jackets-vests\/leather-jackets\/faster-airflow-v2\/","title":{"rendered":"Faster Airflow v2"},"content":{"rendered":"<ul>\n<li>Tech-Air 5\u00ae klar<\/li>\n<li>Racing l\u00e6derjakke designet med en kropsmapping race pasform og forbuede \u00e6rmer og krop for optimal k\u00f8repr\u00e6station.<\/li>\n<li>Strategisk placerede harmonika-str\u00e6kpanelindsatser er designet til at rumme Alpinestars airbagsystem, hvilket tillader udvidelse, n\u00e5r airbaggen pustes op.<\/li>\n<li>Meget holdbar og teknisk premium 1,3 mm l\u00e6der, multipanelkonstruktion for komfort og h\u00f8je niveauer af slidstyrke.<\/li>\n<li>Nucleon flex plus Alpinestars CE-godkendte aftagelige indvendige skulder- og albuebeskyttere til beskyttelse mod st\u00f8d, samtidig med at de er ekstremt fleksible.<\/li>\n<li>Ny skulderbeskyttelse har overst\u00f8bt avanceret TPU-beskytter i lag for ekstra st\u00f8dbeskyttelse.<\/li>\n<li>Snap-knap system til at integrere Level 2 Alpinestars Nucleon rygbeskytter.<\/li>\n<li>Omfattende, avanceret polystof-str\u00e6kindl\u00e6g p\u00e5 bryst, underarm og bageste skulder med omfattende str\u00e6kpaneler i harmonikal\u00e6der over albueomr\u00e5derne for en optimeret pasform.<\/li>\n<li>Kombinerede h\u00e5ndledslukninger med trykknapper og lynl\u00e5s for en sikker og tilpasset pasform.<\/li>\n<li>Ventilationsindtag p\u00e5 skuldrene for h\u00f8je niveauer af luftgennemstr\u00f8mning er med lynl\u00e5s for nem brug.<\/li>\n<li>Bagsiden af jakken er forl\u00e6nget for \u00f8get d\u00e6kning under ridning.<\/li>\n<li>Strategisk placerede lokaliserede perforeringer for st\u00e6rkt forbedret ventilation.<\/li>\n<li>Bl\u00f8d 3D mesh kravekonstruktion plus 3D mesh manchetkant for komfort med en mesh liner konstruktion for forbedret \u00e5ndbarhed, komfort og ventilation.<\/li>\n<li>Udvendige h\u00e5ndlommer med stor \u00e5bning har lynl\u00e5s for en tryg lukning.<\/li>\n<li>Lynl\u00e5s i taljen tillader fastg\u00f8relse til Alpinestars ridebukser.<\/li>\n<li>I henhold til europ\u00e6isk lov er CE-m\u00e6rket et overensstemmelseskrav for markedsf\u00f8ring af dette produkt.<\/li>\n<\/ul>","protected":false},"excerpt":{"rendered":"<ul>\n<li>Tech-Air 5\u00ae klar<\/li>\n<li>Racing l\u00e6derjakke designet med en kropsmapping race pasform og forbuede \u00e6rmer og krop for optimal k\u00f8repr\u00e6station.<\/li>\n<li>Strategisk placerede harmonika-str\u00e6kpanelindsatser er designet til at rumme Alpinestars airbagsystem, hvilket tillader udvidelse, n\u00e5r airbaggen pustes op.<\/li>\n<li>Meget holdbar og teknisk premium 1,3 mm l\u00e6der, multipanelkonstruktion for komfort og h\u00f8je niveauer af slidstyrke.<\/li>\n<li>Nucleon flex plus Alpinestars CE-godkendte aftagelige indvendige skulder- og albuebeskyttere til beskyttelse mod st\u00f8d, samtidig med at de er ekstremt fleksible.<\/li>\n<li>Ny skulderbeskyttelse har overst\u00f8bt avanceret TPU-beskytter i lag for ekstra st\u00f8dbeskyttelse.<\/li>\n<li>Snap-knap system til at integrere Level 2 Alpinestars Nucleon rygbeskytter.<\/li>\n<\/ul>\n<p><a href=\"https:\/\/www.alpinestars.com\/pages\/size-charts\" target=\"_blank\" rel=\"noopener\">Alpinestars st\u00f8rrelsesskema<\/a><\/p>","protected":false},"featured_media":2386,"comment_status":"closed","ping_status":"closed","template":"","meta":{"_relevanssi_hide_post":"","_relevanssi_hide_content":"","_relevanssi_pin_for_all":"","_relevanssi_pin_keywords":"","_relevanssi_unpin_keywords":"","_relevanssi_related_keywords":"","_relevanssi_related_include_ids":"","_relevanssi_related_exclude_ids":"","_relevanssi_related_no_append":"","_relevanssi_related_not_related":"","_relevanssi_related_posts":"","_relevanssi_noindex_reason":""},"product_brand":[],"product_cat":[95,53,56],"product_tag":[],"woo-feed-brand":[],"class_list":{"0":"post-2376","1":"product","2":"type-product","3":"status-publish","4":"has-post-thumbnail","6":"product_cat-leather-jackets","7":"product_cat-jackets-vests","8":"product_cat-mc-clothing","10":"first","11":"instock","12":"sale","13":"taxable","14":"shipping-taxable","15":"purchasable","16":"product-type-variable"},"_links":{"self":[{"href":"https:\/\/www.cphmc.com\/da\/wp-json\/wp\/v2\/product\/2376","targetHints":{"allow":["GET"]}}],"collection":[{"href":"https:\/\/www.cphmc.com\/da\/wp-json\/wp\/v2\/product"}],"about":[{"href":"https:\/\/www.cphmc.com\/da\/wp-json\/wp\/v2\/types\/product"}],"replies":[{"embeddable":true,"href":"https:\/\/www.cphmc.com\/da\/wp-json\/wp\/v2\/comments?post=2376"}],"wp:featuredmedia":[{"embeddable":true,"href":"https:\/\/www.cphmc.com\/da\/wp-json\/wp\/v2\/media\/2386"}],"wp:attachment":[{"href":"https:\/\/www.cphmc.com\/da\/wp-json\/wp\/v2\/media?parent=2376"}],"wp:term":[{"taxonomy":"product_brand","embeddable":true,"href":"https:\/\/www.cphmc.com\/da\/wp-json\/wp\/v2\/product_brand?post=2376"},{"taxonomy":"product_cat","embeddable":true,"href":"https:\/\/www.cphmc.com\/da\/wp-json\/wp\/v2\/product_cat?post=2376"},{"taxonomy":"product_tag","embeddable":true,"href":"https:\/\/www.cphmc.com\/da\/wp-json\/wp\/v2\/product_tag?post=2376"},{"taxonomy":"woo-feed-brand","embeddable":true,"href":"https:\/\/www.cphmc.com\/da\/wp-json\/wp\/v2\/woo-feed-brand?post=2376"}],"curies":[{"name":"wp","href":"https:\/\/api.w.org\/{rel}","templated":true}]}}