{"id":2389,"date":"2022-01-27T11:03:18","date_gmt":"2022-01-27T10:03:18","guid":{"rendered":"https:\/\/www.cphmc.com\/?post_type=product&#038;p=2389"},"modified":"2023-06-14T13:00:06","modified_gmt":"2023-06-14T11:00:06","slug":"faster-v2-black","status":"publish","type":"product","link":"https:\/\/www.cphmc.com\/da\/mc-clothing\/jackets-vests\/leather-jackets\/faster-v2-black\/","title":{"rendered":"Hurtigere v2 Sort"},"content":{"rendered":"<ul>\n<li>Omfattende, avanceret polystof stretch indsatser p\u00e5 brystet, underarmen og bag skulderen for en optimal pasform<\/li>\n<li>Perforerede polstrede paneler integreret i hovedskal og \u00e6rmer for en forbedret pasform<\/li>\n<li>Krog-og-l\u00f8kke-taljejustering for en optimeret pasform<\/li>\n<li>Flere indvendige lommer har en krog-og-l\u00f8kke lukning for ekstra sikkerhed<\/li>\n<li>Indvendig vandt\u00e6t punglomme til sikker opbevaring af dokumenter\/elektronik<\/li>\n<li>Lynl\u00e5s i taljen tillader fastg\u00f8relse til Alpinestars ridebukser<\/li>\n<li>Bagsiden af jakken er forl\u00e6nget for \u00f8get d\u00e6kning under ridning<\/li>\n<li>Snap-knap system til at integrere Level 2 Alpinestars Nucleon rygbeskytter<\/li>\n<li>Alpinestars Nucleon Flex Plus aftagelige indvendige skulder- og albuebeskyttere sikrer beskyttelse mod st\u00f8d, samtidig med at de er ekstremt fleksible<\/li>\n<\/ul>","protected":false},"excerpt":{"rendered":"<ul>\n<li>Omfattende, avanceret poly stof stretch indsatser p\u00e5 brystet, armhulen og bag skulderen<\/li>\n<li>Perforerede polstrede paneler integreret i hovedskal og \u00e6rmer for en forbedret pasform<\/li>\n<li>Indvendig vandt\u00e6t punglomme til sikker opbevaring af dokumenter\/elektronik<\/li>\n<li>Alpinestars Nucleon Flex Plus aftagelige indvendige skulder- og albuebeskyttere<\/li>\n<\/ul>\n<p><a href=\"https:\/\/www.alpinestars.com\/pages\/size-charts\" target=\"_blank\" rel=\"noopener\">Alpinestars st\u00f8rrelsesskema<\/a><\/p>","protected":false},"featured_media":2398,"comment_status":"closed","ping_status":"closed","template":"","meta":{"_relevanssi_hide_post":"","_relevanssi_hide_content":"","_relevanssi_pin_for_all":"","_relevanssi_pin_keywords":"","_relevanssi_unpin_keywords":"","_relevanssi_related_keywords":"","_relevanssi_related_include_ids":"","_relevanssi_related_exclude_ids":"","_relevanssi_related_no_append":"","_relevanssi_related_not_related":"","_relevanssi_related_posts":"","_relevanssi_noindex_reason":""},"product_brand":[],"product_cat":[95,53,56],"product_tag":[],"woo-feed-brand":[],"class_list":{"0":"post-2389","1":"product","2":"type-product","3":"status-publish","4":"has-post-thumbnail","6":"product_cat-leather-jackets","7":"product_cat-jackets-vests","8":"product_cat-mc-clothing","10":"first","11":"instock","12":"taxable","13":"shipping-taxable","14":"purchasable","15":"product-type-variable"},"_links":{"self":[{"href":"https:\/\/www.cphmc.com\/da\/wp-json\/wp\/v2\/product\/2389","targetHints":{"allow":["GET"]}}],"collection":[{"href":"https:\/\/www.cphmc.com\/da\/wp-json\/wp\/v2\/product"}],"about":[{"href":"https:\/\/www.cphmc.com\/da\/wp-json\/wp\/v2\/types\/product"}],"replies":[{"embeddable":true,"href":"https:\/\/www.cphmc.com\/da\/wp-json\/wp\/v2\/comments?post=2389"}],"wp:featuredmedia":[{"embeddable":true,"href":"https:\/\/www.cphmc.com\/da\/wp-json\/wp\/v2\/media\/2398"}],"wp:attachment":[{"href":"https:\/\/www.cphmc.com\/da\/wp-json\/wp\/v2\/media?parent=2389"}],"wp:term":[{"taxonomy":"product_brand","embeddable":true,"href":"https:\/\/www.cphmc.com\/da\/wp-json\/wp\/v2\/product_brand?post=2389"},{"taxonomy":"product_cat","embeddable":true,"href":"https:\/\/www.cphmc.com\/da\/wp-json\/wp\/v2\/product_cat?post=2389"},{"taxonomy":"product_tag","embeddable":true,"href":"https:\/\/www.cphmc.com\/da\/wp-json\/wp\/v2\/product_tag?post=2389"},{"taxonomy":"woo-feed-brand","embeddable":true,"href":"https:\/\/www.cphmc.com\/da\/wp-json\/wp\/v2\/woo-feed-brand?post=2389"}],"curies":[{"name":"wp","href":"https:\/\/api.w.org\/{rel}","templated":true}]}}