{"id":2409,"date":"2022-01-27T11:10:00","date_gmt":"2022-01-27T10:10:00","guid":{"rendered":"https:\/\/www.cphmc.com\/?post_type=product&#038;p=2409"},"modified":"2023-06-14T13:00:03","modified_gmt":"2023-06-14T11:00:03","slug":"faster-v2-black-white","status":"publish","type":"product","link":"https:\/\/www.cphmc.com\/da\/mc-clothing\/jackets-vests\/leather-jackets\/faster-v2-black-white\/","title":{"rendered":"Faster v2 \u2013 Black\/White"},"content":{"rendered":"<ul>\n<li>Hurtigere v2 \u2013 Sort\/Hvid Meget holdbar og teknisk 1,3 mm l\u00e6der, multipanelkonstruktion<\/li>\n<li>Nucleon Flex Plus ultrafleksible og ventilerede skulder- og albuebeskyttere til beskyttelse mod st\u00f8d<\/li>\n<li>Ny skulderbeskyttelse har overst\u00f8bt avanceret TPU-beskytter, der er lagt under det ydre stof<\/li>\n<li>Snap-knap system til at integrere Level 2 Alpinestars Nucleon rygbeskytter<\/li>\n<li>Omfattende, avanceret polystof stretch indsatser p\u00e5 bryst, armhule og bageste skulder<\/li>\n<li>Lynl\u00e5s h\u00e5ndledslukning for sikker og tilpasset pasform<\/li>\n<li>Ventilationsindtag p\u00e5 skuldrene for h\u00f8je niveauer af luftgennemstr\u00f8mning og lynl\u00e5s for nem brug<\/li>\n<li>Bagsiden af jakken er forl\u00e6nget for \u00f8get d\u00e6kning under ridning<\/li>\n<li>Strategisk placerede lokaliserede perforeringer forbedrer ventilationen i h\u00f8j grad<\/li>\n<li>Krog-og-l\u00f8kke-taljejustering for en optimeret pasform<\/li>\n<li>Stretchkravekonstruktion med 3D mesh indvendig krave for forbedret rytterkomfort<\/li>\n<li>Mesh liner konstruktion for forbedret \u00e5ndbarhed, komfort og ventilation<\/li>\n<li>Udvendige h\u00e5ndlommer med stor \u00e5bning har lynl\u00e5s for en tryg lukning<\/li>\n<li>Frontlomme med lynl\u00e5s til sikker opbevaring af genstande<\/li>\n<li>Lynl\u00e5s i taljen tillader fastg\u00f8relse til Alpinestars ridebukser<\/li>\n<li>Reflekterende detalje<\/li>\n<li>CE Kategori II PPE-forordning EN 17092<\/li>\n<li>AA klasse<\/li>\n<li>CE Level 2 EN 1621-2:2014 Alpinestars Nucleon rygbeskytter, tilg\u00e6ngelig som tilbeh\u00f8rsopgradering<\/li>\n<li>CE Level 1 EN1621-1:2012 Alpinestars Nucleon Flex Plus skulder- og albuebeskyttere<\/li>\n<\/ul>","protected":false},"excerpt":{"rendered":"<ul>\n<li>Meget holdbar og teknisk 1,3 mm l\u00e6der, multi-panel konstruktion<\/li>\n<li>Nucleon Flex Plus ultrafleksible og ventilerede skulder- og albuebeskyttere til beskyttelse mod st\u00f8d<\/li>\n<li>Ny skulderbeskyttelse har overst\u00f8bt avanceret TPU-beskytter, der er lagt under det ydre stof<\/li>\n<li>Snap-knap system til at integrere Level 2 Alpinestars Nucleon rygbeskytter<\/li>\n<\/ul>\n<p><a href=\"https:\/\/www.alpinestars.com\/pages\/size-charts\" target=\"_blank\" rel=\"noopener\">Alpinestars st\u00f8rrelsesskema<\/a><\/p>","protected":false},"featured_media":2417,"comment_status":"closed","ping_status":"closed","template":"","meta":{"_relevanssi_hide_post":"","_relevanssi_hide_content":"","_relevanssi_pin_for_all":"","_relevanssi_pin_keywords":"","_relevanssi_unpin_keywords":"","_relevanssi_related_keywords":"","_relevanssi_related_include_ids":"","_relevanssi_related_exclude_ids":"","_relevanssi_related_no_append":"","_relevanssi_related_not_related":"","_relevanssi_related_posts":"","_relevanssi_noindex_reason":""},"product_brand":[],"product_cat":[53,95,56],"product_tag":[],"woo-feed-brand":[],"class_list":{"0":"post-2409","1":"product","2":"type-product","3":"status-publish","4":"has-post-thumbnail","6":"product_cat-jackets-vests","7":"product_cat-leather-jackets","8":"product_cat-mc-clothing","10":"first","11":"instock","12":"taxable","13":"shipping-taxable","14":"purchasable","15":"product-type-variable"},"_links":{"self":[{"href":"https:\/\/www.cphmc.com\/da\/wp-json\/wp\/v2\/product\/2409","targetHints":{"allow":["GET"]}}],"collection":[{"href":"https:\/\/www.cphmc.com\/da\/wp-json\/wp\/v2\/product"}],"about":[{"href":"https:\/\/www.cphmc.com\/da\/wp-json\/wp\/v2\/types\/product"}],"replies":[{"embeddable":true,"href":"https:\/\/www.cphmc.com\/da\/wp-json\/wp\/v2\/comments?post=2409"}],"wp:featuredmedia":[{"embeddable":true,"href":"https:\/\/www.cphmc.com\/da\/wp-json\/wp\/v2\/media\/2417"}],"wp:attachment":[{"href":"https:\/\/www.cphmc.com\/da\/wp-json\/wp\/v2\/media?parent=2409"}],"wp:term":[{"taxonomy":"product_brand","embeddable":true,"href":"https:\/\/www.cphmc.com\/da\/wp-json\/wp\/v2\/product_brand?post=2409"},{"taxonomy":"product_cat","embeddable":true,"href":"https:\/\/www.cphmc.com\/da\/wp-json\/wp\/v2\/product_cat?post=2409"},{"taxonomy":"product_tag","embeddable":true,"href":"https:\/\/www.cphmc.com\/da\/wp-json\/wp\/v2\/product_tag?post=2409"},{"taxonomy":"woo-feed-brand","embeddable":true,"href":"https:\/\/www.cphmc.com\/da\/wp-json\/wp\/v2\/woo-feed-brand?post=2409"}],"curies":[{"name":"wp","href":"https:\/\/api.w.org\/{rel}","templated":true}]}}