{"id":2419,"date":"2022-01-27T11:15:14","date_gmt":"2022-01-27T10:15:14","guid":{"rendered":"https:\/\/www.cphmc.com\/?post_type=product&#038;p=2419"},"modified":"2023-06-14T13:00:02","modified_gmt":"2023-06-14T11:00:02","slug":"topanga-black","status":"publish","type":"product","link":"https:\/\/www.cphmc.com\/da\/mc-clothing\/jackets-vests\/leather-jackets\/topanga-black\/","title":{"rendered":"Topanga \u2013 Sort"},"content":{"rendered":"<ul>\n<li>F\u00f8rsteklasses l\u00e6der-hovedchassis konstrueret af b\u00f8ffelolie-t\u00f8mmerl\u00e6der.<\/li>\n<li>Nylonforst\u00e6rket stretchstof med spandex for rytterkomfort.<\/li>\n<li>Alpinestars Nucleon Flex Plus panser p\u00e5 skuldre og albue (Alpinestars Nucleon rygbeskytter og Nucleon KR-Ci brystbeskytter f\u00e5s som tilbeh\u00f8rsopgradering, s\u00e6lges separat).<\/li>\n<li>600 Denier polystof forst\u00e6rkning p\u00e5 skulder og albuer for ekstra slidstyrke og rivemodstand.<\/li>\n<li>Indstilling af taljevolumen for det h\u00f8jeste niveau af komfort.<\/li>\n<li>YKK lynl\u00e5s foran og lynl\u00e5s h\u00e5ndled for en sikker lukning.<\/li>\n<li>Kort krave med et udstanset l\u00e6derlag for \u00f8get rytterkomfort.<\/li>\n<li>To lynl\u00e5slommer og to elastiske inderlommer for sikker opbevaring.<\/li>\n<\/ul>","protected":false},"excerpt":{"rendered":"<ul>\n<li>F\u00f8rsteklasses l\u00e6der-hovedchassis konstrueret af b\u00f8ffelolie-t\u00f8mmerl\u00e6der.<\/li>\n<li>Nylonforst\u00e6rket stretchstof med spandex for rytterkomfort.<\/li>\n<li>Alpinestars Nucleon Flex Plus panser p\u00e5 skuldre og albue (Alpinestars Nucleon rygbeskytter og Nucleon KR-Ci brystbeskytter f\u00e5s som tilbeh\u00f8rsopgradering, s\u00e6lges separat).<\/li>\n<li>600 Denier polystof forst\u00e6rkning p\u00e5 skulder og albuer for ekstra slidstyrke og rivemodstand.<\/li>\n<li>Indstilling af taljevolumen for det h\u00f8jeste niveau af komfort.<\/li>\n<li>YKK lynl\u00e5s foran og lynl\u00e5s h\u00e5ndled for en sikker lukning.<\/li>\n<li>Kort krave med et udstanset l\u00e6derlag for \u00f8get rytterkomfort.<\/li>\n<li>To lynl\u00e5slommer og to elastiske inderlommer for sikker opbevaring.<\/li>\n<\/ul>\n<p><a href=\"https:\/\/www.alpinestars.com\/pages\/size-charts\" target=\"_blank\" rel=\"noopener\">Alpinestars st\u00f8rrelsesskema<\/a><\/p>","protected":false},"featured_media":2435,"comment_status":"closed","ping_status":"closed","template":"","meta":{"_relevanssi_hide_post":"","_relevanssi_hide_content":"","_relevanssi_pin_for_all":"","_relevanssi_pin_keywords":"","_relevanssi_unpin_keywords":"","_relevanssi_related_keywords":"","_relevanssi_related_include_ids":"","_relevanssi_related_exclude_ids":"","_relevanssi_related_no_append":"","_relevanssi_related_not_related":"","_relevanssi_related_posts":"","_relevanssi_noindex_reason":""},"product_brand":[],"product_cat":[53,95,56],"product_tag":[],"woo-feed-brand":[],"class_list":{"0":"post-2419","1":"product","2":"type-product","3":"status-publish","4":"has-post-thumbnail","6":"product_cat-jackets-vests","7":"product_cat-leather-jackets","8":"product_cat-mc-clothing","10":"first","11":"instock","12":"taxable","13":"shipping-taxable","14":"purchasable","15":"product-type-variable"},"_links":{"self":[{"href":"https:\/\/www.cphmc.com\/da\/wp-json\/wp\/v2\/product\/2419","targetHints":{"allow":["GET"]}}],"collection":[{"href":"https:\/\/www.cphmc.com\/da\/wp-json\/wp\/v2\/product"}],"about":[{"href":"https:\/\/www.cphmc.com\/da\/wp-json\/wp\/v2\/types\/product"}],"replies":[{"embeddable":true,"href":"https:\/\/www.cphmc.com\/da\/wp-json\/wp\/v2\/comments?post=2419"}],"wp:featuredmedia":[{"embeddable":true,"href":"https:\/\/www.cphmc.com\/da\/wp-json\/wp\/v2\/media\/2435"}],"wp:attachment":[{"href":"https:\/\/www.cphmc.com\/da\/wp-json\/wp\/v2\/media?parent=2419"}],"wp:term":[{"taxonomy":"product_brand","embeddable":true,"href":"https:\/\/www.cphmc.com\/da\/wp-json\/wp\/v2\/product_brand?post=2419"},{"taxonomy":"product_cat","embeddable":true,"href":"https:\/\/www.cphmc.com\/da\/wp-json\/wp\/v2\/product_cat?post=2419"},{"taxonomy":"product_tag","embeddable":true,"href":"https:\/\/www.cphmc.com\/da\/wp-json\/wp\/v2\/product_tag?post=2419"},{"taxonomy":"woo-feed-brand","embeddable":true,"href":"https:\/\/www.cphmc.com\/da\/wp-json\/wp\/v2\/woo-feed-brand?post=2419"}],"curies":[{"name":"wp","href":"https:\/\/api.w.org\/{rel}","templated":true}]}}