{"id":2440,"date":"2022-01-27T11:22:46","date_gmt":"2022-01-27T10:22:46","guid":{"rendered":"https:\/\/www.cphmc.com\/?post_type=product&#038;p=2440"},"modified":"2023-06-14T13:00:00","modified_gmt":"2023-06-14T11:00:00","slug":"newman-shirt-jacket","status":"publish","type":"product","link":"https:\/\/www.cphmc.com\/da\/mc-clothing\/jackets-vests\/summer-jackets\/newman-shirt-jacket\/","title":{"rendered":"Newman skjortejakke"},"content":{"rendered":"<ul>\n<li>F\u00f8rsteklasses ydeevne twill hovedchassis for forbedrede niveauer af komfort og en afslappet f\u00f8lelse.<\/li>\n<li>Alpinestars Nucleon Flex Plus rustning p\u00e5 skulder og albue (Alpinestars ryg- og brystindsatser f\u00e5s som tilbeh\u00f8rsopgradering, s\u00e6lges separat).<\/li>\n<li>600 Denier albueplaster og indre forst\u00e6rkning p\u00e5 skulder og albue for yderligere slid- og rivemodstand.<\/li>\n<li>YKK lynl\u00e5s foran og trykknapper for sikker lukning og pasform.<\/li>\n<li>Skjortekrave med tryk for \u00f8get rytterkomfort.<\/li>\n<li>To brystlommer med knapper og en vandt\u00e6t brystlomme til sikker opbevaring.<\/li>\n<\/ul>","protected":false},"excerpt":{"rendered":"<ul>\n<li>F\u00f8rsteklasses ydeevne twill hovedchassis for forbedrede niveauer af komfort og en afslappet f\u00f8lelse.<\/li>\n<li>Alpinestars Nucleon Flex Plus rustning p\u00e5 skulder og albue (Alpinestars ryg- og brystindsatser f\u00e5s som tilbeh\u00f8rsopgradering, s\u00e6lges separat).<\/li>\n<li>600 Denier albueplaster og indre forst\u00e6rkning p\u00e5 skulder og albue for yderligere slid- og rivemodstand.<\/li>\n<li>YKK lynl\u00e5s foran og trykknapper for sikker lukning og pasform.<\/li>\n<li>Skjortekrave med tryk for \u00f8get rytterkomfort.<\/li>\n<li>To brystlommer med knapper og en vandt\u00e6t brystlomme til sikker opbevaring.<\/li>\n<\/ul>\n<p><a href=\"https:\/\/www.alpinestars.com\/pages\/size-charts\" target=\"_blank\" rel=\"noopener\">Alpinestars st\u00f8rrelsesskema<\/a><\/p>","protected":false},"featured_media":2451,"comment_status":"closed","ping_status":"closed","template":"","meta":{"_relevanssi_hide_post":"","_relevanssi_hide_content":"","_relevanssi_pin_for_all":"","_relevanssi_pin_keywords":"","_relevanssi_unpin_keywords":"","_relevanssi_related_keywords":"","_relevanssi_related_include_ids":"","_relevanssi_related_exclude_ids":"","_relevanssi_related_no_append":"","_relevanssi_related_not_related":"","_relevanssi_related_posts":"","_relevanssi_noindex_reason":""},"product_brand":[],"product_cat":[53,56,98],"product_tag":[],"woo-feed-brand":[],"class_list":{"0":"post-2440","1":"product","2":"type-product","3":"status-publish","4":"has-post-thumbnail","6":"product_cat-jackets-vests","7":"product_cat-mc-clothing","8":"product_cat-summer-jackets","10":"first","11":"instock","12":"taxable","13":"shipping-taxable","14":"purchasable","15":"product-type-variable"},"_links":{"self":[{"href":"https:\/\/www.cphmc.com\/da\/wp-json\/wp\/v2\/product\/2440","targetHints":{"allow":["GET"]}}],"collection":[{"href":"https:\/\/www.cphmc.com\/da\/wp-json\/wp\/v2\/product"}],"about":[{"href":"https:\/\/www.cphmc.com\/da\/wp-json\/wp\/v2\/types\/product"}],"replies":[{"embeddable":true,"href":"https:\/\/www.cphmc.com\/da\/wp-json\/wp\/v2\/comments?post=2440"}],"wp:featuredmedia":[{"embeddable":true,"href":"https:\/\/www.cphmc.com\/da\/wp-json\/wp\/v2\/media\/2451"}],"wp:attachment":[{"href":"https:\/\/www.cphmc.com\/da\/wp-json\/wp\/v2\/media?parent=2440"}],"wp:term":[{"taxonomy":"product_brand","embeddable":true,"href":"https:\/\/www.cphmc.com\/da\/wp-json\/wp\/v2\/product_brand?post=2440"},{"taxonomy":"product_cat","embeddable":true,"href":"https:\/\/www.cphmc.com\/da\/wp-json\/wp\/v2\/product_cat?post=2440"},{"taxonomy":"product_tag","embeddable":true,"href":"https:\/\/www.cphmc.com\/da\/wp-json\/wp\/v2\/product_tag?post=2440"},{"taxonomy":"woo-feed-brand","embeddable":true,"href":"https:\/\/www.cphmc.com\/da\/wp-json\/wp\/v2\/woo-feed-brand?post=2440"}],"curies":[{"name":"wp","href":"https:\/\/api.w.org\/{rel}","templated":true}]}}